{"id":1442,"date":"2026-01-20T12:08:23","date_gmt":"2026-01-20T12:08:23","guid":{"rendered":"https:\/\/bonuskongcasino.com\/app-2\/"},"modified":"2026-03-25T15:38:09","modified_gmt":"2026-03-25T15:38:09","slug":"app","status":"publish","type":"page","link":"https:\/\/therooksbet.net\/de\/app\/","title":{"rendered":"App"},"content":{"rendered":"<h1>Rooksbet Mobile Plattform<\/h1>\n<p>Die Rooksbet App bietet eine einfache M\u00f6glichkeit, deine Lieblings-Casinospiele auch unterwegs zu genie\u00dfen. Sie ist mit jedem Ger\u00e4t kompatibel: iOS, Android und sogar Windows. Au\u00dferdem k\u00f6nnen sie die App in weniger als einer Minute kostenlos auf ihren Smartphones oder Tablets installieren.<\/p>\n<div class=\"banner-wrap\" aria-label=\"Banner\"><img src=\"https:\/\/therooksbet.net\/wp-content\/uploads\/2026\/03\/Banner-Desktop.webp\" class=\"w-100 d-none d-lg-block img-pc main-banner-img\" alt=\"Banner Desktop\" fetchpriority=\"high\" decoding=\"async\"><img src=\"https:\/\/therooksbet.net\/wp-content\/uploads\/2026\/03\/Banner-mobile.webp\" class=\"w-100 d-none d-md-block d-lg-none main-banner-img\" alt=\"Banner mobile\" fetchpriority=\"high\" decoding=\"async\"><img src=\"https:\/\/therooksbet.net\/wp-content\/uploads\/2026\/03\/Banner-mobile.webp\" class=\"w-100 d-md-none\" alt=\"Banner mobile\" fetchpriority=\"high\" decoding=\"async\"><div class=\"banner-description\">\n<div class=\"banner-title\">Willkommensboni<\/div>\n<p class=\"banner-header-title\">1500 \u20ac<\/p>\n<div class=\"banner-header-AdditionalText\">+ 250 Freispiele<\/div>\n<button data-item=\"homepage_banner_link\" class=\"goto m-button m-gradient-border m-button--primary m-button--large banner-button btn-orange\">\n            <div class=\"m-button-content\">\n                <span>Jetzt anmelden<\/span>\n                <span><\/span>\n            <\/div>\n        <\/button>\n<\/div>\n<div class=\"WelcomePack\">\n<p><img loading=\"lazy\" decoding=\"async\" class=\"alignnone size-full wp-image-1877\" src=\"https:\/\/therooksbet.net\/wp-content\/uploads\/2026\/03\/welcome-crown-1.png\" alt=\"welcome crown\" width=\"25\" height=\"26\" \/><\/p>\n<div class=\"WelcomePack-Info\">W\u00f6chentlicher Cashback von bis zu 25 %<\/div>\n<p><img loading=\"lazy\" decoding=\"async\" class=\"alignnone size-full wp-image-1877\" src=\"https:\/\/therooksbet.net\/wp-content\/uploads\/2026\/03\/welcome-crown-1.png\" alt=\"welcome crown\" width=\"25\" height=\"26\" \/><\/p>\n<\/div>\n<\/div>\n<h2>Rooksbet Casino App: Wichtigste Funktionen<\/h2>\n<p>Unsere mobile Casino L\u00f6sung ist eine Progressive Web Application (PWA). Kurz gesagt, handelt es sich um eine Website, die wie eine native App funktioniert und sich auch so anf\u00fchlt. Um sie zu nutzen, m\u00fcssen Sie lediglich das Rooks Bet Symbol auf Ihrem Startbildschirm hinzuf\u00fcgen und sich mit den zuvor registrierten Zugangsdaten in Ihr bereits erstelltes Casino-Konto einloggen.<\/p>\n<p>Auf diese Weise gelangen Sie viel schneller als \u00fcber den Browser in unsere Casino-Lobby mit Tausenden von Online-Slots und Live-Dealer-Tischen. Der mobile Zugriff beeintr\u00e4chtigt jedoch nicht die Qualit\u00e4t Ihres Spielerlebnisses \u2013 die Rooksbet App verf\u00fcgt \u00fcber dieselben Funktionen wie die Hauptversion unseres Casinos und bietet dar\u00fcber hinaus Push-Benachrichtigungen, die Sie \u00fcber unsere neuesten Aktionskampagnen und Boni auf dem Laufenden halten (allerdings nur mit Ihrer Zustimmung).<\/p>\n<table>\n<tbody>\n<tr>\n<td>App-Funktionen<\/td>\n<td>Zweck + Vorteile<\/td>\n<\/tr>\n<tr>\n<td>Vollst\u00e4ndige Casino-Lobby<\/td>\n<td>Unser Spielekatalog umfasst 6.000 Video-Slots, Crash-Spiele, Live-Dealer-Tische und weitere Gl\u00fccksspieloptionen, auf die Sie sowohl \u00fcber das Web als auch \u00fcber die Rooks Bet App zugreifen k\u00f6nnen.<\/td>\n<\/tr>\n<tr>\n<td>Pers\u00f6nliches Profil<\/td>\n<td>Alle Funktionen des Casino-Kontos sind \u00fcber unsere PWA leicht zug\u00e4nglich. Sie k\u00f6nnen Ihre pers\u00f6nlichen Daten und Sicherheitseinstellungen bequem verwalten, Ihren Sitzungsverlauf einsehen, Gl\u00fccksspiellimits festlegen und Finanztransaktionen \u00fcber ein Smartphone oder Tablet durchf\u00fchren.<\/td>\n<\/tr>\n<tr>\n<td>Datensicherheit<\/td>\n<td>PWAs laufen \u00fcber das Internet, was bedeutet, dass alle fortschrittlichen Sicherheitsma\u00dfnahmen, die wir auf der Rooksbet Website implementieren, automatisch auch auf unsere App angewendet werden. Ihre Daten sind dank der neuesten TLS-Protokolle und zuverl\u00e4ssiger Firewall-Technologie gesch\u00fctzt.<\/td>\n<\/tr>\n<tr>\n<td>Push-Benachrichtigungen<\/td>\n<td>Aktivieren Sie diese Funktion, wenn Sie umgehend Informationen zu unseren neuesten Aktionen und zeitlich begrenzten Angeboten erhalten m\u00f6chten.<\/td>\n<\/tr>\n<tr>\n<td>Live Chat<\/td>\n<td>Unser Kundensupport-Team steht Ihnen rund um die Uhr zur Verf\u00fcgung, um Ihre Fragen zu beantworten \u2013 ganz gleich, welches Ger\u00e4t Sie f\u00fcr den Zugriff auf Ihr Rooksbet Casino Konto verwenden.<\/td>\n<\/tr>\n<tr>\n<td>Touch-Steuerung<\/td>\n<td>Unsere Website und App verf\u00fcgen \u00fcber ein adaptives Design mit intuitiven Touch-Steuerelementen f\u00fcr mobile Nutzer.<\/td>\n<\/tr>\n<tr>\n<td>Offline-Modus<\/td>\n<td>PWAs laden Inhalte aus einem lokal gespeicherten Cache, wodurch Sie auch ohne stabile Internetverbindung auf bestimmte Informationen zugreifen k\u00f6nnen. Nat\u00fcrlich k\u00f6nnen Sie im Offline-Modus keine Online-Slots spielen, aber Sie k\u00f6nnen dennoch den Verlauf Ihrer Spielaktivit\u00e4ten einsehen.<\/td>\n<\/tr>\n<\/tbody>\n<\/table>\n<p><div class=\"scrollable-content-wrap my-5\"><div class=\"scrollable-content-inner\"><h2>So installieren Sie unsere App auf Ihrem Mobilger\u00e4t<\/h2>\n<p>Die Rooksbet App ist sowohl f\u00fcr Android- als auch f\u00fcr iOS-Ger\u00e4te geeignet. Sie m\u00fcssen keine Dateien herunterladen, um sie zu installieren. Sie m\u00fcssen lediglich das Website-Symbol zu Ihrem Startbildschirm hinzuf\u00fcgen. So geht\u2019s:<\/p>\n<ol>\n<li>\u00d6ffne Rooksbet Casino in einem beliebigen mobilen Browser.<\/li>\n<li>Gehen Sie in das Einstellungsmen\u00fc des Browsers und suchen Sie dort den Punkt \u201eZum Startbildschirm hinzuf\u00fcgen\u201c.<\/li>\n<li>Klicken Sie im Popup-Fenster auf die Schaltfl\u00e4che \u201eInstallieren\u201c, um den Vorgang zu starten.<\/li>\n<li>Suchen Sie das Rooks Bet Symbol auf Ihrem Startbildschirm und melden Sie sich bei Ihrem Konto an.<\/li>\n<\/ol>\n<p>Nach der Installation spart Ihnen die PWA Zeit beim Aufrufen Ihres mobilen Casinos und macht das gesamte Spielerlebnis wesentlich komfortabler. Mit ihrer Hilfe k\u00f6nnen Sie unsere Online-Slots auch unterwegs spielen und bestimmte Daten in Ihrem pers\u00f6nlichen Profil abrufen, selbst wenn Sie offline sind.<\/p>\n<p><img loading=\"lazy\" decoding=\"async\" class=\"alignnone size-full wp-image-1960\" src=\"https:\/\/therooksbet.net\/wp-content\/uploads\/2026\/03\/Rooksbet-iOS-App-1.webp\" alt=\"Rooksbet iOS App\" width=\"1248\" height=\"536\" srcset=\"https:\/\/therooksbet.net\/wp-content\/uploads\/2026\/03\/Rooksbet-iOS-App-1.webp 1248w, https:\/\/therooksbet.net\/wp-content\/uploads\/2026\/03\/Rooksbet-iOS-App-1-300x129.webp 300w, https:\/\/therooksbet.net\/wp-content\/uploads\/2026\/03\/Rooksbet-iOS-App-1-1024x440.webp 1024w, https:\/\/therooksbet.net\/wp-content\/uploads\/2026\/03\/Rooksbet-iOS-App-1-768x330.webp 768w\" sizes=\"auto, (max-width: 1248px) 100vw, 1248px\" \/><\/p>\n<\/div><\/div><div style=\"clear: both\"><\/div><div class=\"d-flex justify-content-center\"><button data-item=\"decouvrez_link\" data-group=\"website_links\" class=\"goto fw-bold rounded-pill btn btn-orange\" aria-label=\"Laden Sie die Rooksbet-App herunter\" >Laden Sie die Rooksbet-App herunter<\/button><\/div><div class=\"scrollable-content-wrap my-5\"><div class=\"scrollable-content-inner\"><h2>Mobile Casino App f\u00fcr den Desktop<\/h2>\n<p>Auch wenn Sie es vorziehen, im Rooksbet Casino \u00fcber einen Computer zu spielen, k\u00f6nnen Sie unsere PWA dennoch auf Ihrem Desktop hinzuf\u00fcgen, um schneller auf unsere Lobby und andere Oberfl\u00e4chen zuzugreifen. Dies ist genauso einfach wie die Installation der Rooksbet App auf Ihrem Smartphone:<\/p>\n<ol>\n<li>Rufen Sie unsere offizielle Website in einem Browser Ihrer Wahl auf.<\/li>\n<li>Klicken Sie auf das Installationssymbol in der Adressleiste (es sieht aus wie ein Computerbildschirm mit einem Abw\u00e4rtspfeil).<\/li>\n<li>Tippen Sie auf die Schaltfl\u00e4che, um den Vorgang zu starten.<\/li>\n<li>Suchen Sie das Rooksbet Symbol auf dem Desktop, um Ihr Casino-Konto zu \u00f6ffnen.<\/li>\n<\/ol>\n<p>Die Verkn\u00fcpfung spart Ihnen beim Anmeldevorgang Zeit. Sie ist besonders praktisch f\u00fcr regelm\u00e4\u00dfige Rooks Bet Nutzer, die Casinospiele auf mehreren Ger\u00e4ten spielen.<\/p>\n<p><img loading=\"lazy\" decoding=\"async\" class=\"alignnone size-full wp-image-1936\" src=\"https:\/\/therooksbet.net\/wp-content\/uploads\/2026\/03\/Rooksbet-Android-App-1.webp\" alt=\"Rooksbet Android App\" width=\"1248\" height=\"536\" srcset=\"https:\/\/therooksbet.net\/wp-content\/uploads\/2026\/03\/Rooksbet-Android-App-1.webp 1248w, https:\/\/therooksbet.net\/wp-content\/uploads\/2026\/03\/Rooksbet-Android-App-1-300x129.webp 300w, https:\/\/therooksbet.net\/wp-content\/uploads\/2026\/03\/Rooksbet-Android-App-1-1024x440.webp 1024w, https:\/\/therooksbet.net\/wp-content\/uploads\/2026\/03\/Rooksbet-Android-App-1-768x330.webp 768w\" sizes=\"auto, (max-width: 1248px) 100vw, 1248px\" \/><\/p>\n<\/div><\/div><div style=\"clear: both\"><\/div><div class=\"d-flex justify-content-center\"><button data-item=\"decouvrez_link\" data-group=\"website_links\" class=\"goto fw-bold rounded-pill btn btn-orange\" aria-label=\"Laden Sie die Rooksbet-App herunter\" >Laden Sie die Rooksbet-App herunter<\/button><\/div><div class=\"scrollable-content-wrap my-5\"><div class=\"scrollable-content-inner\"><h2>PWA vs. native Apps: Vorteile<\/h2>\n<p>Im Gegensatz zu eigenst\u00e4ndigen Apps, die speziell f\u00fcr Android oder iOS entwickelt wurden, funktioniert eine PWA plattform\u00fcbergreifend gleicherma\u00dfen gut. Sie k\u00f6nnen die Rooksbet App gleichzeitig auf einem iPhone, einem Android-Tablet und einem Computer installieren. Im Gegensatz dazu lassen die meisten plattformspezifischen Apps keinen Zugriff auf dasselbe Casino-Konto von mehreren Ger\u00e4ten mit unterschiedlichen Betriebssystemen zu.<\/p>\n<p>Da Sie keine Dateien herunterladen m\u00fcssen, um unsere Anwendung zu installieren, ben\u00f6tigt sie nur wenig Speicherplatz und birgt kein Risiko, Ihr Ger\u00e4t mit Malware zu infizieren. Und da die PWA \u00fcber das Web funktioniert, wird die Rooksbet Casino App automatisch aktualisiert, sobald wir \u00c4nderungen an der Hauptversion der Website vornehmen. Es ist nicht notwendig, Dateien manuell neu hochzuladen \u2013 der Aktualisierungsprozess l\u00e4uft unbemerkt im Hintergrund ab, und es ist keine manuelle Eingabe Ihrerseits erforderlich.<\/p>\n<p><img loading=\"lazy\" decoding=\"async\" class=\"alignnone size-full wp-image-1952\" src=\"https:\/\/therooksbet.net\/wp-content\/uploads\/2026\/03\/Rooksbet-Desktop-1.webp\" alt=\"Rooksbet Desktop\" width=\"1248\" height=\"536\" srcset=\"https:\/\/therooksbet.net\/wp-content\/uploads\/2026\/03\/Rooksbet-Desktop-1.webp 1248w, https:\/\/therooksbet.net\/wp-content\/uploads\/2026\/03\/Rooksbet-Desktop-1-300x129.webp 300w, https:\/\/therooksbet.net\/wp-content\/uploads\/2026\/03\/Rooksbet-Desktop-1-1024x440.webp 1024w, https:\/\/therooksbet.net\/wp-content\/uploads\/2026\/03\/Rooksbet-Desktop-1-768x330.webp 768w\" sizes=\"auto, (max-width: 1248px) 100vw, 1248px\" \/><\/p>\n<\/div><\/div><div style=\"clear: both\"><\/div><div class=\"d-flex justify-content-center\"><button data-item=\"decouvrez_link\" data-group=\"website_links\" class=\"goto fw-bold rounded-pill btn btn-orange\" aria-label=\"Laden Sie die Rooksbet-App herunter\" >Laden Sie die Rooksbet-App herunter<\/button><\/div><div class=\"scrollable-content-wrap my-5\"><div class=\"scrollable-content-inner\"><h2>FAQ<\/h2>\n<h3>Muss ich mein Konto verifizieren, wenn ich Ihre PWA nutze?<\/h3>\n<p>Wir f\u00fchren einen detaillierten Identit\u00e4tspr\u00fcfungsprozess erst bei der ersten Auszahlung von Geldern durch. Vorher bleibt Ihr Konto m\u00f6glicherweise unverifiziert, unabh\u00e4ngig davon, welches Ger\u00e4t Sie zum Einloggen und Spielen unserer Casinospiele verwenden.<\/p>\n<h3>Funktioniert die Rooksbet App auch, wenn meine Internetverbindung mitten im Spiel unterbrochen wird?<\/h3>\n<p>Die PWA funktioniert im Offline-Modus einwandfrei. Sie ben\u00f6tigen jedoch immer eine stabile Internetverbindung, um Casinospiele bei Rooks Bet Casino zu spielen. Ohne diese Verbindung k\u00f6nnen Sie lediglich die zuvor geladenen Daten in Ihrem pers\u00f6nlichen Konto einsehen, z. B. den Verlauf Ihrer Spielaktivit\u00e4ten, Finanztransaktionen usw.<\/p>\n<h3>Funktioniert die PWA reibungslos auf \u00e4lteren Ger\u00e4ten?<\/h3>\n<p>Die Rooksbet App l\u00e4uft auf jedem Ger\u00e4t gut, auch auf \u00e4lteren. Sie funktioniert gut, da sie ressourcenschonend ist und im Gegensatz zu vielen plattformspezifischen Anwendungen keine Kompatibilit\u00e4tsprobleme aufweist. Doch obwohl die RAM-Anforderungen f\u00fcr unsere PWA gering sind, muss dennoch gen\u00fcgend Speicherplatz auf Ihrem Ger\u00e4t vorhanden sein, um Ladeprobleme zu vermeiden.<\/p>\n<\/div><\/div><\/p>\n","protected":false},"excerpt":{"rendered":"<p>Rooksbet Mobile Plattform Die Rooksbet App bietet eine einfache M\u00f6glichkeit, deine Lieblings-Casinospiele auch unterwegs zu genie\u00dfen. Sie ist mit jedem Ger\u00e4t kompatibel: iOS, Android und sogar Windows. Au\u00dferdem k\u00f6nnen sie die App in weniger als einer Minute kostenlos auf ihren Smartphones oder Tablets installieren. Rooksbet Casino App: Wichtigste Funktionen Unsere mobile Casino L\u00f6sung ist eine [&hellip;]<\/p>\n","protected":false},"author":1,"featured_media":0,"parent":0,"menu_order":0,"comment_status":"closed","ping_status":"closed","template":"template-builder.php","meta":{"_acf_changed":false,"inline_featured_image":false,"footnotes":""},"class_list":["post-1442","page","type-page","status-publish","hentry"],"acf":[],"yoast_head":"<!-- This site is optimized with the Yoast SEO plugin v27.3 - https:\/\/yoast.com\/product\/yoast-seo-wordpress\/ -->\n<title>Rooksbet App | Android &amp; iOS Mobile Casino<\/title>\n<meta name=\"description\" content=\"Rooksbet App \u2013 lade die mobile Casino-App f\u00fcr Android und iOS herunter, um Slots, Tischspiele und Live-Casino \u00fcberall zu spielen. Genie\u00dfe reibungslose Leistung und vollen Kontozugriff mit Rooks Bet.\" \/>\n<meta name=\"robots\" content=\"index, follow, max-snippet:-1, max-image-preview:large, max-video-preview:-1\" \/>\n<link rel=\"canonical\" href=\"https:\/\/therooksbet.net\/de\/app\/\" \/>\n<meta property=\"og:locale\" content=\"de_DE\" \/>\n<meta property=\"og:type\" content=\"article\" \/>\n<meta property=\"og:title\" content=\"Rooksbet App | Android &amp; iOS Mobile Casino\" \/>\n<meta property=\"og:description\" content=\"Rooksbet App \u2013 lade die mobile Casino-App f\u00fcr Android und iOS herunter, um Slots, Tischspiele und Live-Casino \u00fcberall zu spielen. Genie\u00dfe reibungslose Leistung und vollen Kontozugriff mit Rooks Bet.\" \/>\n<meta property=\"og:url\" content=\"https:\/\/therooksbet.net\/de\/app\/\" \/>\n<meta property=\"og:site_name\" content=\"rooksbet\" \/>\n<meta property=\"article:modified_time\" content=\"2026-03-25T15:38:09+00:00\" \/>\n<meta name=\"twitter:card\" content=\"summary_large_image\" \/>\n<meta name=\"twitter:label1\" content=\"Gesch\u00e4tzte Lesezeit\" \/>\n\t<meta name=\"twitter:data1\" content=\"2\u00a0Minuten\" \/>\n<script type=\"application\/ld+json\" class=\"yoast-schema-graph\">{\"@context\":\"https:\\\/\\\/schema.org\",\"@graph\":[{\"@type\":\"WebPage\",\"@id\":\"https:\\\/\\\/therooksbet.net\\\/de\\\/app\\\/\",\"url\":\"https:\\\/\\\/therooksbet.net\\\/de\\\/app\\\/\",\"name\":\"Rooksbet App | Android & iOS Mobile Casino\",\"isPartOf\":{\"@id\":\"https:\\\/\\\/therooksbet.net\\\/de\\\/#website\"},\"datePublished\":\"2026-01-20T12:08:23+00:00\",\"dateModified\":\"2026-03-25T15:38:09+00:00\",\"description\":\"Rooksbet App \u2013 lade die mobile Casino-App f\u00fcr Android und iOS herunter, um Slots, Tischspiele und Live-Casino \u00fcberall zu spielen. Genie\u00dfe reibungslose Leistung und vollen Kontozugriff mit Rooks Bet.\",\"breadcrumb\":{\"@id\":\"https:\\\/\\\/therooksbet.net\\\/de\\\/app\\\/#breadcrumb\"},\"inLanguage\":\"de\",\"potentialAction\":[{\"@type\":\"ReadAction\",\"target\":[\"https:\\\/\\\/therooksbet.net\\\/de\\\/app\\\/\"]}]},{\"@type\":\"BreadcrumbList\",\"@id\":\"https:\\\/\\\/therooksbet.net\\\/de\\\/app\\\/#breadcrumb\",\"itemListElement\":[{\"@type\":\"ListItem\",\"position\":1,\"name\":\"Rooksbet\",\"item\":\"https:\\\/\\\/therooksbet.net\\\/de\\\/\"},{\"@type\":\"ListItem\",\"position\":2,\"name\":\"App\"}]},{\"@type\":\"WebSite\",\"@id\":\"https:\\\/\\\/therooksbet.net\\\/de\\\/#website\",\"url\":\"https:\\\/\\\/therooksbet.net\\\/de\\\/\",\"name\":\"Rooksbet\",\"description\":\"\",\"publisher\":{\"@id\":\"https:\\\/\\\/therooksbet.net\\\/de\\\/#organization\"},\"potentialAction\":[{\"@type\":\"SearchAction\",\"target\":{\"@type\":\"EntryPoint\",\"urlTemplate\":\"https:\\\/\\\/therooksbet.net\\\/de\\\/?s={search_term_string}\"},\"query-input\":{\"@type\":\"PropertyValueSpecification\",\"valueRequired\":true,\"valueName\":\"search_term_string\"}}],\"inLanguage\":\"de\"},{\"@type\":\"Organization\",\"@id\":\"https:\\\/\\\/therooksbet.net\\\/de\\\/#organization\",\"name\":\"Rooksbet\",\"url\":\"https:\\\/\\\/therooksbet.net\\\/de\\\/\",\"logo\":{\"@type\":\"ImageObject\",\"inLanguage\":\"de\",\"@id\":\"https:\\\/\\\/therooksbet.net\\\/de\\\/#\\\/schema\\\/logo\\\/image\\\/\",\"url\":\"https:\\\/\\\/therooksbet.net\\\/wp-content\\\/uploads\\\/2026\\\/03\\\/Casino-logo-Desktop.png\",\"contentUrl\":\"https:\\\/\\\/therooksbet.net\\\/wp-content\\\/uploads\\\/2026\\\/03\\\/Casino-logo-Desktop.png\",\"width\":167,\"height\":44,\"caption\":\"Rooksbet\"},\"image\":{\"@id\":\"https:\\\/\\\/therooksbet.net\\\/de\\\/#\\\/schema\\\/logo\\\/image\\\/\"}}]}<\/script>\n<!-- \/ Yoast SEO plugin. -->","yoast_head_json":{"title":"Rooksbet App | Android & iOS Mobile Casino","description":"Rooksbet App \u2013 lade die mobile Casino-App f\u00fcr Android und iOS herunter, um Slots, Tischspiele und Live-Casino \u00fcberall zu spielen. Genie\u00dfe reibungslose Leistung und vollen Kontozugriff mit Rooks Bet.","robots":{"index":"index","follow":"follow","max-snippet":"max-snippet:-1","max-image-preview":"max-image-preview:large","max-video-preview":"max-video-preview:-1"},"canonical":"https:\/\/therooksbet.net\/de\/app\/","og_locale":"de_DE","og_type":"article","og_title":"Rooksbet App | Android & iOS Mobile Casino","og_description":"Rooksbet App \u2013 lade die mobile Casino-App f\u00fcr Android und iOS herunter, um Slots, Tischspiele und Live-Casino \u00fcberall zu spielen. Genie\u00dfe reibungslose Leistung und vollen Kontozugriff mit Rooks Bet.","og_url":"https:\/\/therooksbet.net\/de\/app\/","og_site_name":"rooksbet","article_modified_time":"2026-03-25T15:38:09+00:00","twitter_card":"summary_large_image","twitter_misc":{"Gesch\u00e4tzte Lesezeit":"2\u00a0Minuten"},"schema":{"@context":"https:\/\/schema.org","@graph":[{"@type":"WebPage","@id":"https:\/\/therooksbet.net\/de\/app\/","url":"https:\/\/therooksbet.net\/de\/app\/","name":"Rooksbet App | Android & iOS Mobile Casino","isPartOf":{"@id":"https:\/\/therooksbet.net\/de\/#website"},"datePublished":"2026-01-20T12:08:23+00:00","dateModified":"2026-03-25T15:38:09+00:00","description":"Rooksbet App \u2013 lade die mobile Casino-App f\u00fcr Android und iOS herunter, um Slots, Tischspiele und Live-Casino \u00fcberall zu spielen. Genie\u00dfe reibungslose Leistung und vollen Kontozugriff mit Rooks Bet.","breadcrumb":{"@id":"https:\/\/therooksbet.net\/de\/app\/#breadcrumb"},"inLanguage":"de","potentialAction":[{"@type":"ReadAction","target":["https:\/\/therooksbet.net\/de\/app\/"]}]},{"@type":"BreadcrumbList","@id":"https:\/\/therooksbet.net\/de\/app\/#breadcrumb","itemListElement":[{"@type":"ListItem","position":1,"name":"Rooksbet","item":"https:\/\/therooksbet.net\/de\/"},{"@type":"ListItem","position":2,"name":"App"}]},{"@type":"WebSite","@id":"https:\/\/therooksbet.net\/de\/#website","url":"https:\/\/therooksbet.net\/de\/","name":"Rooksbet","description":"","publisher":{"@id":"https:\/\/therooksbet.net\/de\/#organization"},"potentialAction":[{"@type":"SearchAction","target":{"@type":"EntryPoint","urlTemplate":"https:\/\/therooksbet.net\/de\/?s={search_term_string}"},"query-input":{"@type":"PropertyValueSpecification","valueRequired":true,"valueName":"search_term_string"}}],"inLanguage":"de"},{"@type":"Organization","@id":"https:\/\/therooksbet.net\/de\/#organization","name":"Rooksbet","url":"https:\/\/therooksbet.net\/de\/","logo":{"@type":"ImageObject","inLanguage":"de","@id":"https:\/\/therooksbet.net\/de\/#\/schema\/logo\/image\/","url":"https:\/\/therooksbet.net\/wp-content\/uploads\/2026\/03\/Casino-logo-Desktop.png","contentUrl":"https:\/\/therooksbet.net\/wp-content\/uploads\/2026\/03\/Casino-logo-Desktop.png","width":167,"height":44,"caption":"Rooksbet"},"image":{"@id":"https:\/\/therooksbet.net\/de\/#\/schema\/logo\/image\/"}}]}},"_links":{"self":[{"href":"https:\/\/therooksbet.net\/de\/wp-json\/wp\/v2\/pages\/1442","targetHints":{"allow":["GET"]}}],"collection":[{"href":"https:\/\/therooksbet.net\/de\/wp-json\/wp\/v2\/pages"}],"about":[{"href":"https:\/\/therooksbet.net\/de\/wp-json\/wp\/v2\/types\/page"}],"author":[{"embeddable":true,"href":"https:\/\/therooksbet.net\/de\/wp-json\/wp\/v2\/users\/1"}],"replies":[{"embeddable":true,"href":"https:\/\/therooksbet.net\/de\/wp-json\/wp\/v2\/comments?post=1442"}],"version-history":[{"count":4,"href":"https:\/\/therooksbet.net\/de\/wp-json\/wp\/v2\/pages\/1442\/revisions"}],"predecessor-version":[{"id":2099,"href":"https:\/\/therooksbet.net\/de\/wp-json\/wp\/v2\/pages\/1442\/revisions\/2099"}],"wp:attachment":[{"href":"https:\/\/therooksbet.net\/de\/wp-json\/wp\/v2\/media?parent=1442"}],"curies":[{"name":"wp","href":"https:\/\/api.w.org\/{rel}","templated":true}]}}