{"id":1483,"date":"2026-01-20T12:11:11","date_gmt":"2026-01-20T12:11:11","guid":{"rendered":"https:\/\/bonuskongcasino.com\/login-and-registration\/"},"modified":"2026-03-25T15:41:38","modified_gmt":"2026-03-25T15:41:38","slug":"anmeldung-und-registrierung","status":"publish","type":"page","link":"https:\/\/therooksbet.net\/de\/anmeldung-und-registrierung\/","title":{"rendered":"Anmeldung und Registrierung"},"content":{"rendered":"<h1>Rooksbet Anmeldung und Kontoer\u00f6ffnung<\/h1>\n<p>Die Erstellung eines Kontos bei Rooksbet Casino ist schnell und unkompliziert. Sie m\u00fcssen zu diesem Zeitpunkt keinen detaillierten Identit\u00e4tspr\u00fcfungsprozess durchlaufen, sondern k\u00f6nnen sich lediglich mit einer E-Mail-Adresse und einem sicheren Passwort anmelden. Nach einem schnellen Rooksbet Login haben Sie dann Zugriff auf Tausende der besten Casinospiele, gro\u00dfz\u00fcgige Boni und andere spannende Gl\u00fccksspielm\u00f6glichkeiten.<\/p>\n<p><div class=\"banner-wrap\" aria-label=\"Banner\"><img src=\"https:\/\/therooksbet.net\/wp-content\/uploads\/2026\/03\/Banner-Desktop.webp\" class=\"w-100 d-none d-lg-block img-pc main-banner-img\" alt=\"Banner Desktop\" fetchpriority=\"high\" decoding=\"async\"><img src=\"https:\/\/therooksbet.net\/wp-content\/uploads\/2026\/03\/Banner-mobile.webp\" class=\"w-100 d-none d-md-block d-lg-none main-banner-img\" alt=\"Banner mobile\" fetchpriority=\"high\" decoding=\"async\"><img src=\"https:\/\/therooksbet.net\/wp-content\/uploads\/2026\/03\/Banner-mobile.webp\" class=\"w-100 d-md-none\" alt=\"Banner mobile\" fetchpriority=\"high\" decoding=\"async\"><div class=\"banner-description\">\n<div class=\"banner-title\">Willkommensboni<\/div>\n<p class=\"banner-header-title\">1500 \u20ac<\/p>\n<div class=\"banner-header-AdditionalText\">+ 250 Freispiele<\/div>\n<button data-item=\"homepage_banner_link\" class=\"goto m-button m-gradient-border m-button--primary m-button--large banner-button btn-orange\">\n            <div class=\"m-button-content\">\n                <span>Jetzt anmelden<\/span>\n                <span><\/span>\n            <\/div>\n        <\/button>\n<\/div>\n<div class=\"WelcomePack\">\n<p><img loading=\"lazy\" decoding=\"async\" class=\"alignnone size-full wp-image-1877\" src=\"https:\/\/therooksbet.net\/wp-content\/uploads\/2026\/03\/welcome-crown-1.png\" alt=\"welcome crown\" width=\"25\" height=\"26\" \/><\/p>\n<div class=\"WelcomePack-Info\">W\u00f6chentlicher Cashback von bis zu 25 %<\/div>\n<p><img loading=\"lazy\" decoding=\"async\" class=\"alignnone size-full wp-image-1877\" src=\"https:\/\/therooksbet.net\/wp-content\/uploads\/2026\/03\/welcome-crown-1.png\" alt=\"welcome crown\" width=\"25\" height=\"26\" \/><\/p>\n<\/div>\n<\/div><div class=\"scrollable-content-wrap my-5\"><div class=\"scrollable-content-inner\"><h2>Rooksbet Casino Konto: Was sind die Vorteile?<\/h2>\n<p>Unsere Website bietet \u00fcber 6.000 Spiele, die Sie jedoch erst nach der Registrierung spielen k\u00f6nnen. Die Rooksbet Anmeldung gibt Ihnen zudem die M\u00f6glichkeit, die meisten unserer Video-Slots im Demo-Modus auszuprobieren und die besten Optionen f\u00fcr sich zu finden, ohne echtes Geld auszugeben.<\/p>\n<p>Dar\u00fcber hinaus erhalten Sie nach der Erstellung Ihres Rooksbet Kontos und drei Einzahlungen den gesamten Willkommensbonus. Dieses Angebot gilt nur f\u00fcr neu registrierte Spieler. Wenn Sie sich jedoch entscheiden, bei Rooksbet zu bleiben und langfristig zu spielen, kommen Sie im Rahmen unseres Treueprogramms in den Genuss vieler weiterer Geldpr\u00e4mien, saisonaler Aktionen oder ma\u00dfgeschneiderter Verg\u00fcnstigungen.<\/p>\n<p>Alle spielbezogenen Daten werden nach der Registrierung bequem in Ihrem pers\u00f6nlichen Casino-Konto gespeichert. Dazu geh\u00f6ren Bonuskonsum, Finanztransaktionen, Wettaktivit\u00e4ten, Rooksbet Anmeldesitzungen usw. Sie k\u00f6nnen diese Informationen jederzeit ganz einfach einsehen, entweder \u00fcber einen Desktop-Computer oder ein mobiles Ger\u00e4t.<\/p>\n<h3>Sicherheitsaspekte<\/h3>\n<p>Rooksbet Casino ist eine sichere Website. Wir halten uns an die DSGVO-Vorschriften und setzen die fortschrittlichsten Datenschutztechnologien ein, um sicherzustellen, dass Ihre vertraulichen Daten jederzeit sicher sind.<\/p>\n<p>Hier sind die wichtigsten Sicherheitsma\u00dfnahmen, die wir anwenden:<\/p>\n<table>\n<tbody>\n<tr>\n<td>Ma\u00dfnahme<\/td>\n<td>Beschreibung<\/td>\n<\/tr>\n<tr>\n<td>IDS<\/td>\n<td>Unser Intrusion Detection System (IDS) \u00fcberwacht die Vorg\u00e4nge auf der Website und \u00fcberpr\u00fcft den eingehenden Datenverkehr automatisch, um verd\u00e4chtige Nutzeraktivit\u00e4ten und potenzielle Sicherheitsrisiken umgehend zu erkennen.<\/td>\n<\/tr>\n<tr>\n<td>2FA<\/td>\n<td>Jeder Spieler hat die M\u00f6glichkeit, die Zwei-Faktor-Authentifizierung (2FA) in seinem pers\u00f6nlichen Casino-Konto zu aktivieren. Dies f\u00fcgt dem Anmeldeprozess bei Rooksbet einen zus\u00e4tzlichen Schritt hinzu, indem Sie bei jedem Anmeldeversuch einen einmaligen Einmalcode eingeben m\u00fcssen.<\/td>\n<\/tr>\n<tr>\n<td>TLS<\/td>\n<td>Das Transport Layer Security (TLS)-Protokoll verschl\u00fcsselt alle pers\u00f6nlichen Informationen und Finanzdaten, die Sie an Rooks Bet \u00fcbermitteln, um sicherzustellen, dass niemand diese abf\u00e4ngt oder missbraucht.<\/td>\n<\/tr>\n<\/tbody>\n<\/table>\n<p><img loading=\"lazy\" decoding=\"async\" class=\"alignnone size-full wp-image-1968\" src=\"https:\/\/therooksbet.net\/wp-content\/uploads\/2026\/03\/Rooksbet-Login-1.webp\" alt=\"Rooksbet Login\" width=\"1248\" height=\"536\" srcset=\"https:\/\/therooksbet.net\/wp-content\/uploads\/2026\/03\/Rooksbet-Login-1.webp 1248w, https:\/\/therooksbet.net\/wp-content\/uploads\/2026\/03\/Rooksbet-Login-1-300x129.webp 300w, https:\/\/therooksbet.net\/wp-content\/uploads\/2026\/03\/Rooksbet-Login-1-1024x440.webp 1024w, https:\/\/therooksbet.net\/wp-content\/uploads\/2026\/03\/Rooksbet-Login-1-768x330.webp 768w\" sizes=\"auto, (max-width: 1248px) 100vw, 1248px\" \/><\/p>\n<h2>Wie erstelle ich mein Casino-Konto?<\/h2>\n<p>Um sich bei Rooksbet Casino anzumelden, m\u00fcssen Sie uns lediglich einige grundlegende pers\u00f6nliche Daten mitteilen und Ihre E-Mail-Adresse best\u00e4tigen. Der gesamte Registrierungsprozess umfasst lediglich diese einfachen Schritte:<\/p>\n<ol>\n<li>Klicken Sie auf die Schaltfl\u00e4che \u201eRegistrieren\u201c.<\/li>\n<li>Geben Sie Ihre E-Mail-Adresse und Ihr Passwort in das Anmeldeformular ein.<\/li>\n<li>Best\u00e4tigen Sie, dass Sie mindestens 18 Jahre alt sind, indem Sie das K\u00e4stchen ankreuzen.<\/li>\n<li>Akzeptieren Sie unsere Allgemeinen Gesch\u00e4ftsbedingungen.<\/li>\n<li>Tippen Sie auf eine weitere Schaltfl\u00e4che, um fortzufahren, und f\u00fcllen Sie das zweite Anmeldeformular mit Ihrem Namen, Ihrem Geburtsdatum und Ihrer Telefonnummer (optional) aus.<\/li>\n<\/ol>\n<p>Bitte beachten Sie, dass Gl\u00fccksspiel f\u00fcr Minderj\u00e4hrige illegal ist; Sie m\u00fcssen daher vollj\u00e4hrig sein, um sich bei Rooks Bet registrieren zu k\u00f6nnen. Au\u00dferdem m\u00fcssen Sie in einem Land ans\u00e4ssig sein, in dem Online-Gl\u00fccksspiel gesetzlich erlaubt ist.<\/p>\n<p>Auch wenn wir diese Angaben bei der Anmeldung nicht \u00fcberpr\u00fcfen, f\u00fchren wir eine umfassende Identit\u00e4tspr\u00fcfung durch, sobald Sie zum ersten Mal eine Auszahlung beantragen. Sollten Sie uns falsche Angaben machen, werden wir Ihr Konto letztendlich sperren oder k\u00fcndigen und Ihre Gewinne f\u00fcr ung\u00fcltig erkl\u00e4ren.<\/p>\n<h2>Anmeldeprozess bei Rooksbet<\/h2>\n<p>Unser Anmeldeprozess ist einfach und intuitiv. Sie m\u00fcssen lediglich eine Reihe von Standardschritten ausf\u00fchren, um sich in Ihr Casino-Konto einzuloggen:<\/p>\n<ol>\n<li>Klicken Sie auf die Anmeldeschaltfl\u00e4che.<\/li>\n<li>Geben Sie die zuvor registrierte E-Mail-Adresse und das Passwort in das Anmeldeformular ein.<\/li>\n<li>Geben Sie einen Einmalcode zur Anmeldebest\u00e4tigung ein (falls 2FA in Ihrem Rooksbet Casino Profil aktiviert ist).<\/li>\n<li>Klicken Sie noch einmal auf den Bildschirm, um den Vorgang abzuschlie\u00dfen.<\/li>\n<\/ol>\n<p>Wenn Sie sich nicht in Ihr Rooks Bet Konto einloggen k\u00f6nnen, stellen Sie sicher, dass die Caps Lock Taste deaktiviert ist und Sie die richtigen Anmeldedaten verwenden. Bei wiederholten Anmeldeproblemen k\u00f6nnen Sie Ihr Passwort auch zur\u00fccksetzen. Und wenn das nicht hilft, wenden Sie sich gerne \u00fcber den Live Chat an unser mehrsprachiges Support-Team.<\/p>\n<h2>FAQ<\/h2>\n<h3>Kann ich mehrere Rooksbet Casino Konten gleichzeitig erstellen?<\/h3>\n<p>Nein, Sie k\u00f6nnen sich nur einmal in unserem Casino registrieren und dann dieselben Rooksbet Anmeldedaten verwenden, um von einem Computer oder einem mobilen Ger\u00e4t aus auf Ihr Konto zuzugreifen. Eine mehrfache Registrierung mit falschen Angaben verst\u00f6\u00dft gegen die Richtlinien unseres Casinos und f\u00fchrt zu einer Sperrung.<\/p>\n<h3>Wo kann ich den Verlauf meiner Spielaktivit\u00e4ten einsehen?<\/h3>\n<p>Im Bereich \u201eVerlauf\u201c Ihres Rooksbet Kontos f\u00fchren wir detaillierte Aufzeichnungen \u00fcber alle Ihre Aktivit\u00e4ten auf unserer Website. Dort k\u00f6nnen Sie die Details zu Ihren Spielsitzungen, der Bonusanwendung und Ihren Finanztransaktionen nach Art, Status (d. h. in Bearbeitung oder abgeschlossen) und Zeitraum einsehen.<\/p>\n<h3>Wie kann ich meine E-Mail-Adresse verifizieren?<\/h3>\n<p>Ihr pers\u00f6nliches Profil enth\u00e4lt ein praktisches Onboarding-Widget, mit dem Sie Ihre E-Mail-Adresse und Telefonnummer mit nur einem Klick verifizieren k\u00f6nnen. Wir empfehlen Ihnen, Ihre Kontaktdaten direkt nach der ersten Anmeldung bei Rooksbet zu verifizieren, damit unser Support-Team Sie im Falle von Problemen leichter erreichen kann.<\/p>\n<\/div><\/div><\/p>\n","protected":false},"excerpt":{"rendered":"<p>Rooksbet Anmeldung und Kontoer\u00f6ffnung Die Erstellung eines Kontos bei Rooksbet Casino ist schnell und unkompliziert. Sie m\u00fcssen zu diesem Zeitpunkt keinen detaillierten Identit\u00e4tspr\u00fcfungsprozess durchlaufen, sondern k\u00f6nnen sich lediglich mit einer E-Mail-Adresse und einem sicheren Passwort anmelden. Nach einem schnellen Rooksbet Login haben Sie dann Zugriff auf Tausende der besten Casinospiele, gro\u00dfz\u00fcgige Boni und andere spannende [&hellip;]<\/p>\n","protected":false},"author":1,"featured_media":0,"parent":0,"menu_order":0,"comment_status":"closed","ping_status":"closed","template":"template-builder.php","meta":{"_acf_changed":false,"inline_featured_image":false,"footnotes":""},"class_list":["post-1483","page","type-page","status-publish","hentry"],"acf":[],"yoast_head":"<!-- This site is optimized with the Yoast SEO plugin v27.3 - https:\/\/yoast.com\/product\/yoast-seo-wordpress\/ -->\n<title>Rooksbet Casino Login \u2013 Schnelle Registrierung und sicheres Konto<\/title>\n<meta name=\"description\" content=\"Rooksbet Casino Login \u2013 registriere dich schnell oder melde dich sicher in deinem Konto an mit verschl\u00fcsseltem Zugang und schneller Verifizierung. Verwalte Passwortwiederherstellung, Profileinstellungen und Kontofunktionen einfach bei Rooks Bet.\" \/>\n<meta name=\"robots\" content=\"index, follow, max-snippet:-1, max-image-preview:large, max-video-preview:-1\" \/>\n<link rel=\"canonical\" href=\"https:\/\/therooksbet.net\/de\/anmeldung-und-registrierung\/\" \/>\n<meta property=\"og:locale\" content=\"de_DE\" \/>\n<meta property=\"og:type\" content=\"article\" \/>\n<meta property=\"og:title\" content=\"Rooksbet Casino Login \u2013 Schnelle Registrierung und sicheres Konto\" \/>\n<meta property=\"og:description\" content=\"Rooksbet Casino Login \u2013 registriere dich schnell oder melde dich sicher in deinem Konto an mit verschl\u00fcsseltem Zugang und schneller Verifizierung. Verwalte Passwortwiederherstellung, Profileinstellungen und Kontofunktionen einfach bei Rooks Bet.\" \/>\n<meta property=\"og:url\" content=\"https:\/\/therooksbet.net\/de\/anmeldung-und-registrierung\/\" \/>\n<meta property=\"og:site_name\" content=\"rooksbet\" \/>\n<meta property=\"article:modified_time\" content=\"2026-03-25T15:41:38+00:00\" \/>\n<meta name=\"twitter:card\" content=\"summary_large_image\" \/>\n<meta name=\"twitter:label1\" content=\"Gesch\u00e4tzte Lesezeit\" \/>\n\t<meta name=\"twitter:data1\" content=\"1\u00a0Minute\" \/>\n<script type=\"application\/ld+json\" class=\"yoast-schema-graph\">{\"@context\":\"https:\\\/\\\/schema.org\",\"@graph\":[{\"@type\":\"WebPage\",\"@id\":\"https:\\\/\\\/therooksbet.net\\\/de\\\/anmeldung-und-registrierung\\\/\",\"url\":\"https:\\\/\\\/therooksbet.net\\\/de\\\/anmeldung-und-registrierung\\\/\",\"name\":\"Rooksbet Casino Login \u2013 Schnelle Registrierung und sicheres Konto\",\"isPartOf\":{\"@id\":\"https:\\\/\\\/therooksbet.net\\\/de\\\/#website\"},\"datePublished\":\"2026-01-20T12:11:11+00:00\",\"dateModified\":\"2026-03-25T15:41:38+00:00\",\"description\":\"Rooksbet Casino Login \u2013 registriere dich schnell oder melde dich sicher in deinem Konto an mit verschl\u00fcsseltem Zugang und schneller Verifizierung. Verwalte Passwortwiederherstellung, Profileinstellungen und Kontofunktionen einfach bei Rooks Bet.\",\"breadcrumb\":{\"@id\":\"https:\\\/\\\/therooksbet.net\\\/de\\\/anmeldung-und-registrierung\\\/#breadcrumb\"},\"inLanguage\":\"de\",\"potentialAction\":[{\"@type\":\"ReadAction\",\"target\":[\"https:\\\/\\\/therooksbet.net\\\/de\\\/anmeldung-und-registrierung\\\/\"]}]},{\"@type\":\"BreadcrumbList\",\"@id\":\"https:\\\/\\\/therooksbet.net\\\/de\\\/anmeldung-und-registrierung\\\/#breadcrumb\",\"itemListElement\":[{\"@type\":\"ListItem\",\"position\":1,\"name\":\"Rooksbet\",\"item\":\"https:\\\/\\\/therooksbet.net\\\/de\\\/\"},{\"@type\":\"ListItem\",\"position\":2,\"name\":\"Anmeldung und Registrierung\"}]},{\"@type\":\"WebSite\",\"@id\":\"https:\\\/\\\/therooksbet.net\\\/de\\\/#website\",\"url\":\"https:\\\/\\\/therooksbet.net\\\/de\\\/\",\"name\":\"Rooksbet\",\"description\":\"\",\"publisher\":{\"@id\":\"https:\\\/\\\/therooksbet.net\\\/de\\\/#organization\"},\"potentialAction\":[{\"@type\":\"SearchAction\",\"target\":{\"@type\":\"EntryPoint\",\"urlTemplate\":\"https:\\\/\\\/therooksbet.net\\\/de\\\/?s={search_term_string}\"},\"query-input\":{\"@type\":\"PropertyValueSpecification\",\"valueRequired\":true,\"valueName\":\"search_term_string\"}}],\"inLanguage\":\"de\"},{\"@type\":\"Organization\",\"@id\":\"https:\\\/\\\/therooksbet.net\\\/de\\\/#organization\",\"name\":\"Rooksbet\",\"url\":\"https:\\\/\\\/therooksbet.net\\\/de\\\/\",\"logo\":{\"@type\":\"ImageObject\",\"inLanguage\":\"de\",\"@id\":\"https:\\\/\\\/therooksbet.net\\\/de\\\/#\\\/schema\\\/logo\\\/image\\\/\",\"url\":\"https:\\\/\\\/therooksbet.net\\\/wp-content\\\/uploads\\\/2026\\\/03\\\/Casino-logo-Desktop.png\",\"contentUrl\":\"https:\\\/\\\/therooksbet.net\\\/wp-content\\\/uploads\\\/2026\\\/03\\\/Casino-logo-Desktop.png\",\"width\":167,\"height\":44,\"caption\":\"Rooksbet\"},\"image\":{\"@id\":\"https:\\\/\\\/therooksbet.net\\\/de\\\/#\\\/schema\\\/logo\\\/image\\\/\"}}]}<\/script>\n<!-- \/ Yoast SEO plugin. -->","yoast_head_json":{"title":"Rooksbet Casino Login \u2013 Schnelle Registrierung und sicheres Konto","description":"Rooksbet Casino Login \u2013 registriere dich schnell oder melde dich sicher in deinem Konto an mit verschl\u00fcsseltem Zugang und schneller Verifizierung. Verwalte Passwortwiederherstellung, Profileinstellungen und Kontofunktionen einfach bei Rooks Bet.","robots":{"index":"index","follow":"follow","max-snippet":"max-snippet:-1","max-image-preview":"max-image-preview:large","max-video-preview":"max-video-preview:-1"},"canonical":"https:\/\/therooksbet.net\/de\/anmeldung-und-registrierung\/","og_locale":"de_DE","og_type":"article","og_title":"Rooksbet Casino Login \u2013 Schnelle Registrierung und sicheres Konto","og_description":"Rooksbet Casino Login \u2013 registriere dich schnell oder melde dich sicher in deinem Konto an mit verschl\u00fcsseltem Zugang und schneller Verifizierung. Verwalte Passwortwiederherstellung, Profileinstellungen und Kontofunktionen einfach bei Rooks Bet.","og_url":"https:\/\/therooksbet.net\/de\/anmeldung-und-registrierung\/","og_site_name":"rooksbet","article_modified_time":"2026-03-25T15:41:38+00:00","twitter_card":"summary_large_image","twitter_misc":{"Gesch\u00e4tzte Lesezeit":"1\u00a0Minute"},"schema":{"@context":"https:\/\/schema.org","@graph":[{"@type":"WebPage","@id":"https:\/\/therooksbet.net\/de\/anmeldung-und-registrierung\/","url":"https:\/\/therooksbet.net\/de\/anmeldung-und-registrierung\/","name":"Rooksbet Casino Login \u2013 Schnelle Registrierung und sicheres Konto","isPartOf":{"@id":"https:\/\/therooksbet.net\/de\/#website"},"datePublished":"2026-01-20T12:11:11+00:00","dateModified":"2026-03-25T15:41:38+00:00","description":"Rooksbet Casino Login \u2013 registriere dich schnell oder melde dich sicher in deinem Konto an mit verschl\u00fcsseltem Zugang und schneller Verifizierung. Verwalte Passwortwiederherstellung, Profileinstellungen und Kontofunktionen einfach bei Rooks Bet.","breadcrumb":{"@id":"https:\/\/therooksbet.net\/de\/anmeldung-und-registrierung\/#breadcrumb"},"inLanguage":"de","potentialAction":[{"@type":"ReadAction","target":["https:\/\/therooksbet.net\/de\/anmeldung-und-registrierung\/"]}]},{"@type":"BreadcrumbList","@id":"https:\/\/therooksbet.net\/de\/anmeldung-und-registrierung\/#breadcrumb","itemListElement":[{"@type":"ListItem","position":1,"name":"Rooksbet","item":"https:\/\/therooksbet.net\/de\/"},{"@type":"ListItem","position":2,"name":"Anmeldung und Registrierung"}]},{"@type":"WebSite","@id":"https:\/\/therooksbet.net\/de\/#website","url":"https:\/\/therooksbet.net\/de\/","name":"Rooksbet","description":"","publisher":{"@id":"https:\/\/therooksbet.net\/de\/#organization"},"potentialAction":[{"@type":"SearchAction","target":{"@type":"EntryPoint","urlTemplate":"https:\/\/therooksbet.net\/de\/?s={search_term_string}"},"query-input":{"@type":"PropertyValueSpecification","valueRequired":true,"valueName":"search_term_string"}}],"inLanguage":"de"},{"@type":"Organization","@id":"https:\/\/therooksbet.net\/de\/#organization","name":"Rooksbet","url":"https:\/\/therooksbet.net\/de\/","logo":{"@type":"ImageObject","inLanguage":"de","@id":"https:\/\/therooksbet.net\/de\/#\/schema\/logo\/image\/","url":"https:\/\/therooksbet.net\/wp-content\/uploads\/2026\/03\/Casino-logo-Desktop.png","contentUrl":"https:\/\/therooksbet.net\/wp-content\/uploads\/2026\/03\/Casino-logo-Desktop.png","width":167,"height":44,"caption":"Rooksbet"},"image":{"@id":"https:\/\/therooksbet.net\/de\/#\/schema\/logo\/image\/"}}]}},"_links":{"self":[{"href":"https:\/\/therooksbet.net\/de\/wp-json\/wp\/v2\/pages\/1483","targetHints":{"allow":["GET"]}}],"collection":[{"href":"https:\/\/therooksbet.net\/de\/wp-json\/wp\/v2\/pages"}],"about":[{"href":"https:\/\/therooksbet.net\/de\/wp-json\/wp\/v2\/types\/page"}],"author":[{"embeddable":true,"href":"https:\/\/therooksbet.net\/de\/wp-json\/wp\/v2\/users\/1"}],"replies":[{"embeddable":true,"href":"https:\/\/therooksbet.net\/de\/wp-json\/wp\/v2\/comments?post=1483"}],"version-history":[{"count":3,"href":"https:\/\/therooksbet.net\/de\/wp-json\/wp\/v2\/pages\/1483\/revisions"}],"predecessor-version":[{"id":2103,"href":"https:\/\/therooksbet.net\/de\/wp-json\/wp\/v2\/pages\/1483\/revisions\/2103"}],"wp:attachment":[{"href":"https:\/\/therooksbet.net\/de\/wp-json\/wp\/v2\/media?parent=1483"}],"curies":[{"name":"wp","href":"https:\/\/api.w.org\/{rel}","templated":true}]}}