{"id":1449,"date":"2026-01-20T12:08:23","date_gmt":"2026-01-20T12:08:23","guid":{"rendered":"https:\/\/bonuskongcasino.com\/app-2\/"},"modified":"2026-03-25T14:13:33","modified_gmt":"2026-03-25T14:13:33","slug":"aplicacion","status":"publish","type":"page","link":"https:\/\/therooksbet.net\/es\/aplicacion\/","title":{"rendered":"Aplicaci\u00f3n"},"content":{"rendered":"<h1>Plataforma m\u00f3vil de Rooksbet<\/h1>\n<p>Rooksbet App ofrece una forma sencilla de disfrutar de tus juegos de casino favoritos dondequiera que est\u00e9s. Es compatible con cualquier dispositivo: iOS, Android e incluso Windows. Adem\u00e1s, los usuarios espa\u00f1oles pueden instalarla en sus smartphones o tabletas en menos de un minuto y de forma gratuita.<\/p>\n<div class=\"banner-wrap\" aria-label=\"Banner\"><img src=\"https:\/\/therooksbet.net\/wp-content\/uploads\/2026\/03\/Banner-Desktop.webp\" class=\"w-100 d-none d-lg-block img-pc main-banner-img\" alt=\"Banner Desktop\" fetchpriority=\"high\" decoding=\"async\"><img src=\"https:\/\/therooksbet.net\/wp-content\/uploads\/2026\/03\/Banner-mobile.webp\" class=\"w-100 d-none d-md-block d-lg-none main-banner-img\" alt=\"Banner mobile\" fetchpriority=\"high\" decoding=\"async\"><img src=\"https:\/\/therooksbet.net\/wp-content\/uploads\/2026\/03\/Banner-mobile.webp\" class=\"w-100 d-md-none\" alt=\"Banner mobile\" fetchpriority=\"high\" decoding=\"async\"><div class=\"banner-description\">\n<div class=\"banner-title\">Bonos de bienvenida<\/div>\n<p class=\"banner-header-title\">1500 \u20ac<\/p>\n<div class=\"banner-header-AdditionalText\">+ 250 Tiradas gratis<\/div>\n<button data-item=\"homepage_banner_link\" class=\"goto m-button m-gradient-border m-button--primary m-button--large banner-button btn-orange\">\n            <div class=\"m-button-content\">\n                <span>Reg\u00edstrate ahora<\/span>\n                <span><\/span>\n            <\/div>\n        <\/button>\n<\/div>\n<div class=\"WelcomePack\">\n<p><img loading=\"lazy\" decoding=\"async\" class=\"alignnone size-full wp-image-1881\" src=\"https:\/\/therooksbet.net\/wp-content\/uploads\/2026\/03\/welcome-crown-1.png\" alt=\"welcome crown\" width=\"25\" height=\"26\" \/><\/p>\n<div class=\"WelcomePack-Info\">Reembolso semanal de hasta el 25 %<\/div>\n<p><img loading=\"lazy\" decoding=\"async\" class=\"alignnone size-full wp-image-1881\" src=\"https:\/\/therooksbet.net\/wp-content\/uploads\/2026\/03\/welcome-crown-1.png\" alt=\"welcome crown\" width=\"25\" height=\"26\" \/><\/p>\n<\/div>\n<\/div>\n<h2>Aplicaci\u00f3n de Rooksbet Casino: caracter\u00edsticas principales<\/h2>\n<p>Nuestra soluci\u00f3n de casino m\u00f3vil es una aplicaci\u00f3n web progresiva (PWA). En resumen, es un sitio web que funciona y se siente como una aplicaci\u00f3n nativa. Para usarla, solo tienes que a\u00f1adir el icono de Rooks Bet a tu pantalla de inicio e iniciar sesi\u00f3n en la cuenta de casino ya creada con las credenciales registradas previamente.<\/p>\n<p>De esta forma, podr\u00e1s acceder al lobby de nuestro casino, con miles de tragamonedas online y mesas con crupier en vivo, mucho m\u00e1s r\u00e1pido que a trav\u00e9s del navegador. Sin embargo, el acceso m\u00f3vil no comprometer\u00e1 la calidad de tu experiencia de juego: la aplicaci\u00f3n de Rooksbet cuenta con las mismas funciones que la versi\u00f3n principal de nuestro casino y, adem\u00e1s, incluye notificaciones push que te mantendr\u00e1n al tanto de nuestras \u00faltimas campa\u00f1as promocionales y bonos (pero solo con tu permiso).<\/p>\n<table>\n<tbody>\n<tr>\n<td>Caracter\u00edsticas de la aplicaci\u00f3n<\/td>\n<td>Finalidad + Ventajas<\/td>\n<\/tr>\n<tr>\n<td>Lobby completo del casino<\/td>\n<td>Nuestro cat\u00e1logo de juegos incluye 6.000 tragamonedas de v\u00eddeo, juegos crash, mesas con crupier en vivo y otras opciones de juego a las que puedes acceder tanto a trav\u00e9s de la web como de la app de Rooks Bet.<\/td>\n<\/tr>\n<tr>\n<td>Perfil personal<\/td>\n<td>Todas las funciones de la cuenta del casino son f\u00e1cilmente accesibles a trav\u00e9s de nuestra PWA. Puedes gestionar c\u00f3modamente tus datos personales y la configuraci\u00f3n de seguridad, consultar tu historial de sesiones, establecer l\u00edmites de juego y realizar transacciones financieras utilizando un smartphone o una tableta.<\/td>\n<\/tr>\n<tr>\n<td>Seguridad de los datos<\/td>\n<td>Las PWA funcionan a trav\u00e9s de la web, lo que significa que todas las medidas de seguridad avanzadas que implementamos en el sitio web de Rooksbet se aplican autom\u00e1ticamente tambi\u00e9n a nuestra aplicaci\u00f3n. Tus datos est\u00e1n protegidos gracias a los \u00faltimos protocolos TLS y a una tecnolog\u00eda de cortafuegos fiable.<\/td>\n<\/tr>\n<tr>\n<td>Notificaciones push<\/td>\n<td>Activa esta funci\u00f3n si deseas recibir informaci\u00f3n sobre nuestras \u00faltimas promociones y ofertas limitadas de forma inmediata.<\/td>\n<\/tr>\n<tr>\n<td>Chat en vivo<\/td>\n<td>Nuestro equipo de atenci\u00f3n al cliente est\u00e1 listo para responder a tus preguntas las 24 horas del d\u00eda, los 7 d\u00edas de la semana, independientemente del dispositivo que utilices para acceder a tu cuenta de Rooksbet Casino.<\/td>\n<\/tr>\n<tr>\n<td>Controles t\u00e1ctiles<\/td>\n<td>Nuestra p\u00e1gina web y nuestra aplicaci\u00f3n cuentan con un dise\u00f1o adaptativo con controles t\u00e1ctiles intuitivos para los usuarios de dispositivos m\u00f3viles.<\/td>\n<\/tr>\n<tr>\n<td>Modo sin conexi\u00f3n<\/td>\n<td>Las PWA cargan el contenido desde una cach\u00e9 almacenada localmente, lo que te permite acceder a cierta informaci\u00f3n incluso sin una conexi\u00f3n a Internet estable. Por supuesto, no podr\u00e1s jugar a las tragaperras online en modo sin conexi\u00f3n, pero s\u00ed podr\u00e1s consultar el historial de tus actividades de juego.<\/td>\n<\/tr>\n<\/tbody>\n<\/table>\n<p><div class=\"scrollable-content-wrap my-5\"><div class=\"scrollable-content-inner\"><h2>C\u00f3mo instalar nuestra aplicaci\u00f3n en tu dispositivo m\u00f3vil<\/h2>\n<p>La app de Rooksbet es compatible tanto con dispositivos Android como con iOS. No es necesario descargar ning\u00fan archivo para instalarla. Solo tienes que a\u00f1adir el icono del sitio web a tu pantalla de inicio. A continuaci\u00f3n te explicamos c\u00f3mo hacerlo:<\/p>\n<ol>\n<li>Abre Rooksbet Casino en tu navegador m\u00f3vil preferido.<\/li>\n<li>Ve al men\u00fa de ajustes del navegador y busca la opci\u00f3n \u00abA\u00f1adir a la pantalla de inicio\u00bb.<\/li>\n<li>Haz clic en el bot\u00f3n de instalaci\u00f3n de la ventana emergente para iniciar el proceso.<\/li>\n<li>Busca el icono de Rooks Bet en tu pantalla de inicio e inicia sesi\u00f3n en tu cuenta.<\/li>\n<\/ol>\n<p>Una vez instalada, la PWA te ahorrar\u00e1 tiempo al acceder a tu casino m\u00f3vil y har\u00e1 que toda la experiencia de juego sea mucho m\u00e1s c\u00f3moda. Con su ayuda, podr\u00e1s jugar a nuestras tragaperras online desde cualquier lugar y consultar algunos datos de tu perfil personal incluso sin conexi\u00f3n.<\/p>\n<p><img loading=\"lazy\" decoding=\"async\" class=\"alignnone size-full wp-image-1964\" src=\"https:\/\/therooksbet.net\/wp-content\/uploads\/2026\/03\/Rooksbet-iOS-App-1.webp\" alt=\"Rooksbet iOS App\" width=\"1248\" height=\"536\" srcset=\"https:\/\/therooksbet.net\/wp-content\/uploads\/2026\/03\/Rooksbet-iOS-App-1.webp 1248w, https:\/\/therooksbet.net\/wp-content\/uploads\/2026\/03\/Rooksbet-iOS-App-1-300x129.webp 300w, https:\/\/therooksbet.net\/wp-content\/uploads\/2026\/03\/Rooksbet-iOS-App-1-1024x440.webp 1024w, https:\/\/therooksbet.net\/wp-content\/uploads\/2026\/03\/Rooksbet-iOS-App-1-768x330.webp 768w\" sizes=\"auto, (max-width: 1248px) 100vw, 1248px\" \/><\/p>\n<\/div><\/div><div style=\"clear: both\"><\/div><div class=\"d-flex justify-content-center\"><button data-item=\"decouvrez_link\" data-group=\"website_links\" class=\"goto fw-bold rounded-pill btn btn-orange\" aria-label=\"Descarga la aplicaci\u00f3n Rooksbet\" >Descarga la aplicaci\u00f3n Rooksbet<\/button><\/div><div class=\"scrollable-content-wrap my-5\"><div class=\"scrollable-content-inner\"><h2>Aplicaci\u00f3n de casino m\u00f3vil para ordenador<\/h2>\n<p>Aunque prefieras jugar en Rooksbet Casino a trav\u00e9s de un ordenador, puedes a\u00f1adir nuestra PWA a tu escritorio para acceder m\u00e1s r\u00e1pidamente a nuestro lobby y otras interfaces. Hacerlo es tan f\u00e1cil como instalar la aplicaci\u00f3n de Rooksbet en tu tel\u00e9fono:<\/p>\n<ol>\n<li>Ve a nuestra p\u00e1gina web oficial en cualquier navegador que elijas.<\/li>\n<li>Haz clic en el icono de instalaci\u00f3n de la barra de direcciones (parece una pantalla de ordenador con una flecha hacia abajo).<\/li>\n<li>Pulsa el bot\u00f3n para iniciar el proceso.<\/li>\n<li>Busca el icono de Rooksbet en el escritorio para abrir tu cuenta del casino.<\/li>\n<\/ol>\n<p>El acceso directo te ahorrar\u00e1 tiempo durante el proceso de inicio de sesi\u00f3n. Es especialmente pr\u00e1ctico para los usuarios habituales de Rooks Bet que juegan a juegos de casino utilizando varios dispositivos.<\/p>\n<p><img loading=\"lazy\" decoding=\"async\" class=\"alignnone size-full wp-image-1940\" src=\"https:\/\/therooksbet.net\/wp-content\/uploads\/2026\/03\/Rooksbet-Android-App-1.webp\" alt=\"Rooksbet Android App\" width=\"1248\" height=\"536\" srcset=\"https:\/\/therooksbet.net\/wp-content\/uploads\/2026\/03\/Rooksbet-Android-App-1.webp 1248w, https:\/\/therooksbet.net\/wp-content\/uploads\/2026\/03\/Rooksbet-Android-App-1-300x129.webp 300w, https:\/\/therooksbet.net\/wp-content\/uploads\/2026\/03\/Rooksbet-Android-App-1-1024x440.webp 1024w, https:\/\/therooksbet.net\/wp-content\/uploads\/2026\/03\/Rooksbet-Android-App-1-768x330.webp 768w\" sizes=\"auto, (max-width: 1248px) 100vw, 1248px\" \/><\/p>\n<\/div><\/div><div style=\"clear: both\"><\/div><div class=\"d-flex justify-content-center\"><button data-item=\"decouvrez_link\" data-group=\"website_links\" class=\"goto fw-bold rounded-pill btn btn-orange\" aria-label=\"Descarga la aplicaci\u00f3n Rooksbet\" >Descarga la aplicaci\u00f3n Rooksbet<\/button><\/div><div class=\"scrollable-content-wrap my-5\"><div class=\"scrollable-content-inner\"><h2>PWA frente a aplicaciones nativas: ventajas<\/h2>\n<p>A diferencia de las aplicaciones independientes desarrolladas espec\u00edficamente para Android o iOS, una PWA funciona igual de bien en todas las plataformas. Puedes instalar la app de Rooksbet en un iPhone, una tableta con Android y un ordenador al mismo tiempo. Por el contrario, la mayor\u00eda de las aplicaciones espec\u00edficas para una plataforma no te permiten acceder a la misma cuenta de casino desde varios dispositivos con diferentes sistemas operativos.<\/p>\n<p>Dado que no es necesario descargar ning\u00fan archivo para instalar nuestra aplicaci\u00f3n, esta se caracteriza por ocupar poco espacio de almacenamiento y no supone ning\u00fan riesgo de infectar tu dispositivo con malware. Y dado que la PWA funciona a trav\u00e9s de la web, la aplicaci\u00f3n de Rooksbet Casino se actualiza autom\u00e1ticamente cada vez que introducimos cambios en la versi\u00f3n principal del sitio. No hay necesidad de volver a cargar ning\u00fan archivo manualmente: el proceso de actualizaci\u00f3n se ejecuta de forma silenciosa en segundo plano y no se requiere ninguna intervenci\u00f3n manual por tu parte.<\/p>\n<p><img loading=\"lazy\" decoding=\"async\" class=\"alignnone size-full wp-image-1956\" src=\"https:\/\/therooksbet.net\/wp-content\/uploads\/2026\/03\/Rooksbet-Desktop-1.webp\" alt=\"Rooksbet Desktop\" width=\"1248\" height=\"536\" srcset=\"https:\/\/therooksbet.net\/wp-content\/uploads\/2026\/03\/Rooksbet-Desktop-1.webp 1248w, https:\/\/therooksbet.net\/wp-content\/uploads\/2026\/03\/Rooksbet-Desktop-1-300x129.webp 300w, https:\/\/therooksbet.net\/wp-content\/uploads\/2026\/03\/Rooksbet-Desktop-1-1024x440.webp 1024w, https:\/\/therooksbet.net\/wp-content\/uploads\/2026\/03\/Rooksbet-Desktop-1-768x330.webp 768w\" sizes=\"auto, (max-width: 1248px) 100vw, 1248px\" \/><\/p>\n<\/div><\/div><div style=\"clear: both\"><\/div><div class=\"d-flex justify-content-center\"><button data-item=\"decouvrez_link\" data-group=\"website_links\" class=\"goto fw-bold rounded-pill btn btn-orange\" aria-label=\"Descarga la aplicaci\u00f3n Rooksbet\" >Descarga la aplicaci\u00f3n Rooksbet<\/button><\/div><div class=\"scrollable-content-wrap my-5\"><div class=\"scrollable-content-inner\"><h2>Preguntas frecuentes<\/h2>\n<h3>\u00bfTengo que verificar mi cuenta al usar vuestra PWA?<\/h3>\n<p>Llevamos a cabo un proceso detallado de verificaci\u00f3n de identidad \u00fanicamente cuando los usuarios realizan su primer retiro de fondos. Antes de eso, tu cuenta puede permanecer sin verificar, independientemente del dispositivo que utilices para iniciar sesi\u00f3n y jugar a nuestros juegos de casino.<\/p>\n<h3>\u00bfSeguir\u00e1 funcionando la aplicaci\u00f3n de Rooksbet si se cae mi conexi\u00f3n a Internet en mitad de una partida?<\/h3>\n<p>La PWA funciona bien en modo sin conexi\u00f3n. Sin embargo, siempre necesitas una conexi\u00f3n a Internet estable para jugar a los juegos de casino en Rooks Bet Casino. Sin ella, solo podr\u00e1s consultar los datos cargados previamente en tu cuenta personal, por ejemplo, el historial de tus actividades de juego, transacciones financieras, etc.<\/p>\n<h3>\u00bfFunciona la PWA sin problemas en dispositivos antiguos?<\/h3>\n<p>La app de Rooksbet funciona bien en cualquier dispositivo, incluso en los m\u00e1s antiguos. Funciona bien porque es ligera y no tiene problemas de compatibilidad, a diferencia de muchas aplicaciones espec\u00edficas para cada plataforma. Sin embargo, aunque los requisitos de RAM son insignificantes para nuestra PWA, debe haber suficiente memoria en tu dispositivo para evitar problemas de carga.<\/p>\n<\/div><\/div><\/p>\n","protected":false},"excerpt":{"rendered":"<p>Plataforma m\u00f3vil de Rooksbet Rooksbet App ofrece una forma sencilla de disfrutar de tus juegos de casino favoritos dondequiera que est\u00e9s. Es compatible con cualquier dispositivo: iOS, Android e incluso Windows. Adem\u00e1s, los usuarios espa\u00f1oles pueden instalarla en sus smartphones o tabletas en menos de un minuto y de forma gratuita. Aplicaci\u00f3n de Rooksbet Casino: [&hellip;]<\/p>\n","protected":false},"author":1,"featured_media":0,"parent":0,"menu_order":0,"comment_status":"closed","ping_status":"closed","template":"template-builder.php","meta":{"_acf_changed":false,"inline_featured_image":false,"footnotes":""},"class_list":["post-1449","page","type-page","status-publish","hentry"],"acf":[],"yoast_head":"<!-- This site is optimized with the Yoast SEO plugin v27.3 - https:\/\/yoast.com\/product\/yoast-seo-wordpress\/ -->\n<title>Rooksbet App | Android &amp; iOS Mobile Casino<\/title>\n<meta name=\"description\" content=\"Rooksbet App \u2013 download the mobile casino app for Android and iOS to play slots, table games and live casino anywhere. Enjoy smooth performance and full account access with Rooks Bet.\" \/>\n<meta name=\"robots\" content=\"index, follow, max-snippet:-1, max-image-preview:large, max-video-preview:-1\" \/>\n<link rel=\"canonical\" href=\"https:\/\/therooksbet.net\/es\/aplicacion\/\" \/>\n<meta property=\"og:locale\" content=\"es_ES\" \/>\n<meta property=\"og:type\" content=\"article\" \/>\n<meta property=\"og:title\" content=\"Rooksbet App | Android &amp; iOS Mobile Casino\" \/>\n<meta property=\"og:description\" content=\"Rooksbet App \u2013 download the mobile casino app for Android and iOS to play slots, table games and live casino anywhere. Enjoy smooth performance and full account access with Rooks Bet.\" \/>\n<meta property=\"og:url\" content=\"https:\/\/therooksbet.net\/es\/aplicacion\/\" \/>\n<meta property=\"og:site_name\" content=\"rooksbet\" \/>\n<meta property=\"article:modified_time\" content=\"2026-03-25T14:13:33+00:00\" \/>\n<meta name=\"twitter:card\" content=\"summary_large_image\" \/>\n<meta name=\"twitter:label1\" content=\"Est. reading time\" \/>\n\t<meta name=\"twitter:data1\" content=\"3 minutes\" \/>\n<script type=\"application\/ld+json\" class=\"yoast-schema-graph\">{\"@context\":\"https:\\\/\\\/schema.org\",\"@graph\":[{\"@type\":\"WebPage\",\"@id\":\"https:\\\/\\\/therooksbet.net\\\/es\\\/aplicacion\\\/\",\"url\":\"https:\\\/\\\/therooksbet.net\\\/es\\\/aplicacion\\\/\",\"name\":\"Rooksbet App | Android & iOS Mobile Casino\",\"isPartOf\":{\"@id\":\"https:\\\/\\\/therooksbet.net\\\/es\\\/#website\"},\"datePublished\":\"2026-01-20T12:08:23+00:00\",\"dateModified\":\"2026-03-25T14:13:33+00:00\",\"description\":\"Rooksbet App \u2013 download the mobile casino app for Android and iOS to play slots, table games and live casino anywhere. Enjoy smooth performance and full account access with Rooks Bet.\",\"breadcrumb\":{\"@id\":\"https:\\\/\\\/therooksbet.net\\\/es\\\/aplicacion\\\/#breadcrumb\"},\"inLanguage\":\"es-ES\",\"potentialAction\":[{\"@type\":\"ReadAction\",\"target\":[\"https:\\\/\\\/therooksbet.net\\\/es\\\/aplicacion\\\/\"]}]},{\"@type\":\"BreadcrumbList\",\"@id\":\"https:\\\/\\\/therooksbet.net\\\/es\\\/aplicacion\\\/#breadcrumb\",\"itemListElement\":[{\"@type\":\"ListItem\",\"position\":1,\"name\":\"Rooksbet\",\"item\":\"https:\\\/\\\/therooksbet.net\\\/es\\\/\"},{\"@type\":\"ListItem\",\"position\":2,\"name\":\"Aplicaci\u00f3n\"}]},{\"@type\":\"WebSite\",\"@id\":\"https:\\\/\\\/therooksbet.net\\\/es\\\/#website\",\"url\":\"https:\\\/\\\/therooksbet.net\\\/es\\\/\",\"name\":\"Rooksbet\",\"description\":\"\",\"publisher\":{\"@id\":\"https:\\\/\\\/therooksbet.net\\\/es\\\/#organization\"},\"potentialAction\":[{\"@type\":\"SearchAction\",\"target\":{\"@type\":\"EntryPoint\",\"urlTemplate\":\"https:\\\/\\\/therooksbet.net\\\/es\\\/?s={search_term_string}\"},\"query-input\":{\"@type\":\"PropertyValueSpecification\",\"valueRequired\":true,\"valueName\":\"search_term_string\"}}],\"inLanguage\":\"es-ES\"},{\"@type\":\"Organization\",\"@id\":\"https:\\\/\\\/therooksbet.net\\\/es\\\/#organization\",\"name\":\"Rooksbet\",\"url\":\"https:\\\/\\\/therooksbet.net\\\/es\\\/\",\"logo\":{\"@type\":\"ImageObject\",\"inLanguage\":\"es-ES\",\"@id\":\"https:\\\/\\\/therooksbet.net\\\/es\\\/#\\\/schema\\\/logo\\\/image\\\/\",\"url\":\"https:\\\/\\\/therooksbet.net\\\/wp-content\\\/uploads\\\/2026\\\/03\\\/Casino-logo-Desktop.png\",\"contentUrl\":\"https:\\\/\\\/therooksbet.net\\\/wp-content\\\/uploads\\\/2026\\\/03\\\/Casino-logo-Desktop.png\",\"width\":167,\"height\":44,\"caption\":\"Rooksbet\"},\"image\":{\"@id\":\"https:\\\/\\\/therooksbet.net\\\/es\\\/#\\\/schema\\\/logo\\\/image\\\/\"}}]}<\/script>\n<!-- \/ Yoast SEO plugin. -->","yoast_head_json":{"title":"Rooksbet App | Android & iOS Mobile Casino","description":"Rooksbet App \u2013 download the mobile casino app for Android and iOS to play slots, table games and live casino anywhere. Enjoy smooth performance and full account access with Rooks Bet.","robots":{"index":"index","follow":"follow","max-snippet":"max-snippet:-1","max-image-preview":"max-image-preview:large","max-video-preview":"max-video-preview:-1"},"canonical":"https:\/\/therooksbet.net\/es\/aplicacion\/","og_locale":"es_ES","og_type":"article","og_title":"Rooksbet App | Android & iOS Mobile Casino","og_description":"Rooksbet App \u2013 download the mobile casino app for Android and iOS to play slots, table games and live casino anywhere. Enjoy smooth performance and full account access with Rooks Bet.","og_url":"https:\/\/therooksbet.net\/es\/aplicacion\/","og_site_name":"rooksbet","article_modified_time":"2026-03-25T14:13:33+00:00","twitter_card":"summary_large_image","twitter_misc":{"Est. reading time":"3 minutes"},"schema":{"@context":"https:\/\/schema.org","@graph":[{"@type":"WebPage","@id":"https:\/\/therooksbet.net\/es\/aplicacion\/","url":"https:\/\/therooksbet.net\/es\/aplicacion\/","name":"Rooksbet App | Android & iOS Mobile Casino","isPartOf":{"@id":"https:\/\/therooksbet.net\/es\/#website"},"datePublished":"2026-01-20T12:08:23+00:00","dateModified":"2026-03-25T14:13:33+00:00","description":"Rooksbet App \u2013 download the mobile casino app for Android and iOS to play slots, table games and live casino anywhere. Enjoy smooth performance and full account access with Rooks Bet.","breadcrumb":{"@id":"https:\/\/therooksbet.net\/es\/aplicacion\/#breadcrumb"},"inLanguage":"es-ES","potentialAction":[{"@type":"ReadAction","target":["https:\/\/therooksbet.net\/es\/aplicacion\/"]}]},{"@type":"BreadcrumbList","@id":"https:\/\/therooksbet.net\/es\/aplicacion\/#breadcrumb","itemListElement":[{"@type":"ListItem","position":1,"name":"Rooksbet","item":"https:\/\/therooksbet.net\/es\/"},{"@type":"ListItem","position":2,"name":"Aplicaci\u00f3n"}]},{"@type":"WebSite","@id":"https:\/\/therooksbet.net\/es\/#website","url":"https:\/\/therooksbet.net\/es\/","name":"Rooksbet","description":"","publisher":{"@id":"https:\/\/therooksbet.net\/es\/#organization"},"potentialAction":[{"@type":"SearchAction","target":{"@type":"EntryPoint","urlTemplate":"https:\/\/therooksbet.net\/es\/?s={search_term_string}"},"query-input":{"@type":"PropertyValueSpecification","valueRequired":true,"valueName":"search_term_string"}}],"inLanguage":"es-ES"},{"@type":"Organization","@id":"https:\/\/therooksbet.net\/es\/#organization","name":"Rooksbet","url":"https:\/\/therooksbet.net\/es\/","logo":{"@type":"ImageObject","inLanguage":"es-ES","@id":"https:\/\/therooksbet.net\/es\/#\/schema\/logo\/image\/","url":"https:\/\/therooksbet.net\/wp-content\/uploads\/2026\/03\/Casino-logo-Desktop.png","contentUrl":"https:\/\/therooksbet.net\/wp-content\/uploads\/2026\/03\/Casino-logo-Desktop.png","width":167,"height":44,"caption":"Rooksbet"},"image":{"@id":"https:\/\/therooksbet.net\/es\/#\/schema\/logo\/image\/"}}]}},"_links":{"self":[{"href":"https:\/\/therooksbet.net\/es\/wp-json\/wp\/v2\/pages\/1449","targetHints":{"allow":["GET"]}}],"collection":[{"href":"https:\/\/therooksbet.net\/es\/wp-json\/wp\/v2\/pages"}],"about":[{"href":"https:\/\/therooksbet.net\/es\/wp-json\/wp\/v2\/types\/page"}],"author":[{"embeddable":true,"href":"https:\/\/therooksbet.net\/es\/wp-json\/wp\/v2\/users\/1"}],"replies":[{"embeddable":true,"href":"https:\/\/therooksbet.net\/es\/wp-json\/wp\/v2\/comments?post=1449"}],"version-history":[{"count":4,"href":"https:\/\/therooksbet.net\/es\/wp-json\/wp\/v2\/pages\/1449\/revisions"}],"predecessor-version":[{"id":2066,"href":"https:\/\/therooksbet.net\/es\/wp-json\/wp\/v2\/pages\/1449\/revisions\/2066"}],"wp:attachment":[{"href":"https:\/\/therooksbet.net\/es\/wp-json\/wp\/v2\/media?parent=1449"}],"curies":[{"name":"wp","href":"https:\/\/api.w.org\/{rel}","templated":true}]}}