{"id":1487,"date":"2026-01-20T12:11:11","date_gmt":"2026-01-20T12:11:11","guid":{"rendered":"https:\/\/bonuskongcasino.com\/login-and-registration\/"},"modified":"2026-03-25T14:15:31","modified_gmt":"2026-03-25T14:15:31","slug":"inicio-de-sesion-y-registro","status":"publish","type":"page","link":"https:\/\/therooksbet.net\/es\/inicio-de-sesion-y-registro\/","title":{"rendered":"Inicio de sesi\u00f3n y Registro"},"content":{"rendered":"<h1>Inicio de sesi\u00f3n y registro de cuenta en Rooksbet<\/h1>\n<p>Crear una cuenta en Rooksbet Casino es r\u00e1pido y sencillo. Los jugadores espa\u00f1oles no tienen que pasar por un proceso detallado de verificaci\u00f3n de identidad en este momento, sino que pueden registrarse con solo una direcci\u00f3n de correo electr\u00f3nico y una contrase\u00f1a segura. A continuaci\u00f3n, tras un r\u00e1pido Rooksbet login, podr\u00e1s acceder a miles de los mejores juegos de casino, generosos bonos y otras emocionantes oportunidades de juego.<\/p>\n<p><div class=\"banner-wrap\" aria-label=\"Banner\"><img src=\"https:\/\/therooksbet.net\/wp-content\/uploads\/2026\/03\/Banner-Desktop.webp\" class=\"w-100 d-none d-lg-block img-pc main-banner-img\" alt=\"Banner Desktop\" fetchpriority=\"high\" decoding=\"async\"><img src=\"https:\/\/therooksbet.net\/wp-content\/uploads\/2026\/03\/Banner-mobile.webp\" class=\"w-100 d-none d-md-block d-lg-none main-banner-img\" alt=\"Banner mobile\" fetchpriority=\"high\" decoding=\"async\"><img src=\"https:\/\/therooksbet.net\/wp-content\/uploads\/2026\/03\/Banner-mobile.webp\" class=\"w-100 d-md-none\" alt=\"Banner mobile\" fetchpriority=\"high\" decoding=\"async\"><div class=\"banner-description\">\n<div class=\"banner-title\">Bonos de bienvenida<\/div>\n<p class=\"banner-header-title\">1500 \u20ac<\/p>\n<div class=\"banner-header-AdditionalText\">+ 250 Tiradas gratis<\/div>\n<button data-item=\"homepage_banner_link\" class=\"goto m-button m-gradient-border m-button--primary m-button--large banner-button btn-orange\">\n            <div class=\"m-button-content\">\n                <span>Reg\u00edstrate ahora<\/span>\n                <span><\/span>\n            <\/div>\n        <\/button>\n<\/div>\n<div class=\"WelcomePack\">\n<p><img loading=\"lazy\" decoding=\"async\" class=\"alignnone size-full wp-image-1881\" src=\"https:\/\/therooksbet.net\/wp-content\/uploads\/2026\/03\/welcome-crown-1.png\" alt=\"welcome crown\" width=\"25\" height=\"26\" \/><\/p>\n<div class=\"WelcomePack-Info\">Reembolso semanal de hasta el 25 %<\/div>\n<p><img loading=\"lazy\" decoding=\"async\" class=\"alignnone size-full wp-image-1881\" src=\"https:\/\/therooksbet.net\/wp-content\/uploads\/2026\/03\/welcome-crown-1.png\" alt=\"welcome crown\" width=\"25\" height=\"26\" \/><\/p>\n<\/div>\n<\/div><div class=\"scrollable-content-wrap my-5\"><div class=\"scrollable-content-inner\"><h2>Cuenta de Rooksbet Casino: \u00bfCu\u00e1les son las ventajas?<\/h2>\n<p>Nuestra p\u00e1gina web cuenta con m\u00e1s de 6.000 juegos, pero solo podr\u00e1s jugar a ellos tras registrarte. El inicio de sesi\u00f3n en Rooksbet tambi\u00e9n te ofrece la oportunidad de probar la mayor\u00eda de nuestras tragaperras de v\u00eddeo en modo demo y encontrar las mejores opciones para ti sin gastar dinero real.<\/p>\n<p>Adem\u00e1s, tras crear tu cuenta de Rooks Bet y realizar tres dep\u00f3sitos, recibir\u00e1s el bono de bienvenida completo. Esta oferta est\u00e1 destinada \u00fanicamente a los jugadores reci\u00e9n registrados. Sin embargo, si decides quedarte y jugar en Rooksbet a largo plazo, podr\u00e1s disfrutar de muchas otras recompensas en efectivo, campa\u00f1as de temporada o ventajas personalizadas como parte de nuestro programa de fidelidad.<\/p>\n<p>Todos los datos relacionados con el juego se almacenan c\u00f3modamente en tu cuenta personal del casino tras el registro. Esto incluye el uso de bonos, transacciones financieras, actividades de apuestas, sesiones de inicio de sesi\u00f3n en Rooksbet, etc. Puedes consultar f\u00e1cilmente esta informaci\u00f3n siempre que lo necesites, ya sea a trav\u00e9s de un ordenador o de un dispositivo m\u00f3vil.<\/p>\n<h3>Cuestiones de seguridad<\/h3>\n<p>Rooksbet Casino es un sitio web seguro. Cumplimos con la normativa del RGPD e implementamos las tecnolog\u00edas de protecci\u00f3n de datos m\u00e1s avanzadas para garantizar que tu informaci\u00f3n confidencial permanezca segura en todo momento.<\/p>\n<p>Estas son las principales medidas de seguridad que aplicamos:<\/p>\n<table>\n<tbody>\n<tr>\n<td>Medida<\/td>\n<td>Descripci\u00f3n<\/td>\n<\/tr>\n<tr>\n<td>IDS<\/td>\n<td>Nuestro sistema de detecci\u00f3n de intrusiones (IDS) supervisa lo que ocurre en el sitio web y analiza autom\u00e1ticamente el tr\u00e1fico entrante para identificar r\u00e1pidamente cualquier actividad sospechosa de los usuarios y posibles riesgos de seguridad.<\/td>\n<\/tr>\n<tr>\n<td>2FA<\/td>\n<td>Todos los jugadores tienen la opci\u00f3n de activar la autenticaci\u00f3n de dos factores (2FA) en su cuenta personal del casino. Esto a\u00f1ade un paso adicional al proceso de inicio de sesi\u00f3n en Rooksbet, ya que te obliga a introducir un c\u00f3digo \u00fanico de un solo uso cada vez que intentes iniciar sesi\u00f3n.<\/td>\n<\/tr>\n<tr>\n<td>TLS<\/td>\n<td>El protocolo de seguridad de la capa de transporte (TLS) encripta toda la informaci\u00f3n personal y los datos financieros que compartes con Rooks Bet para garantizar que nadie los intercepte ni haga un uso indebido de ellos.<\/td>\n<\/tr>\n<\/tbody>\n<\/table>\n<p><img loading=\"lazy\" decoding=\"async\" class=\"alignnone size-full wp-image-1972\" src=\"https:\/\/therooksbet.net\/wp-content\/uploads\/2026\/03\/Rooksbet-Login-1.webp\" alt=\"Rooksbet Login\" width=\"1248\" height=\"536\" srcset=\"https:\/\/therooksbet.net\/wp-content\/uploads\/2026\/03\/Rooksbet-Login-1.webp 1248w, https:\/\/therooksbet.net\/wp-content\/uploads\/2026\/03\/Rooksbet-Login-1-300x129.webp 300w, https:\/\/therooksbet.net\/wp-content\/uploads\/2026\/03\/Rooksbet-Login-1-1024x440.webp 1024w, https:\/\/therooksbet.net\/wp-content\/uploads\/2026\/03\/Rooksbet-Login-1-768x330.webp 768w\" sizes=\"auto, (max-width: 1248px) 100vw, 1248px\" \/><\/p>\n<h2>\u00bfC\u00f3mo crear tu cuenta de casino?<\/h2>\n<p>Para registrarte en Rooksbet Casino, solo tienes que proporcionarnos tus datos personales b\u00e1sicos y verificar tu direcci\u00f3n de correo electr\u00f3nico. Todo el proceso de registro consiste simplemente en estos sencillos pasos:<\/p>\n<ol>\n<li>Haz clic en el bot\u00f3n de registro.<\/li>\n<li>Introduce tu correo electr\u00f3nico y contrase\u00f1a en el formulario de registro.<\/li>\n<li>Confirma que eres mayor de 18 a\u00f1os marcando la casilla.<\/li>\n<li>Acepta nuestros T\u00e9rminos y condiciones.<\/li>\n<li>Pulsa otro bot\u00f3n para continuar y rellena el segundo formulario de registro con tu nombre, fecha de nacimiento y n\u00famero de tel\u00e9fono (opcional).<\/li>\n<\/ol>\n<p>Ten en cuenta que el juego de menores de edad es ilegal, por lo que debes ser mayor de edad para registrarte en Rooks Bet. Adem\u00e1s, debes ser residente de un pa\u00eds donde el juego online est\u00e9 permitido por ley.<\/p>\n<p>Aunque no comprobamos esta informaci\u00f3n al registrarte, llevamos a cabo un exhaustivo procedimiento de verificaci\u00f3n de identidad despu\u00e9s de que solicites el retiro de fondos por primera vez. Si nos proporcionas datos falsos, acabaremos suspendiendo o cancelando tu cuenta y anulando tus ganancias.<\/p>\n<h2>Proceso de inicio de sesi\u00f3n en Rooksbet<\/h2>\n<p>Nuestro proceso de inicio de sesi\u00f3n es sencillo e intuitivo. Solo tienes que seguir una serie de pasos est\u00e1ndar para acceder a tu cuenta del casino:<\/p>\n<ol>\n<li>Pulsa el bot\u00f3n de inicio de sesi\u00f3n.<\/li>\n<li>Introduce la direcci\u00f3n de correo electr\u00f3nico y la contrase\u00f1a registradas previamente en el formulario de inicio de sesi\u00f3n.<\/li>\n<li>Introduce un c\u00f3digo de un solo uso para verificar el inicio de sesi\u00f3n (en caso de que la autenticaci\u00f3n de dos factores est\u00e9 habilitada en tu perfil de Rooksbet Casino).<\/li>\n<li>Haz clic en la pantalla una vez m\u00e1s para finalizar.<\/li>\n<\/ol>\n<p>Si no puedes iniciar sesi\u00f3n en tu cuenta de Rooks Bet, aseg\u00farate de que la funci\u00f3n Caps Lock est\u00e1 desactivada y de que utilizas las credenciales correctas. En caso de problemas repetidos de inicio de sesi\u00f3n, tambi\u00e9n puedes restablecer tu contrase\u00f1a. Y si eso no ayuda, no dudes en ponerte en contacto con nuestro equipo de atenci\u00f3n al cliente multiling\u00fce a trav\u00e9s del chat en vivo.<\/p>\n<h2>Preguntas frecuentes<\/h2>\n<h3>\u00bfPuedo crear varias cuentas de Rooksbet Casino a la vez?<\/h3>\n<p>No, solo puedes registrarte en nuestro casino una vez y, a continuaci\u00f3n, utilizar las mismas credenciales de inicio de sesi\u00f3n de Rooksbet para acceder a tu cuenta desde un ordenador o un dispositivo m\u00f3vil. Registrarse varias veces utilizando datos falsos va en contra de la pol\u00edtica de nuestro casino y dar\u00e1 lugar a una expulsi\u00f3n.<\/p>\n<h3>\u00bfD\u00f3nde puedo consultar el historial de mis actividades de juego?<\/h3>\n<p>La interfaz \u00abHistorial\u00bb de tu cuenta de Rooksbet es donde guardamos un registro detallado de todo lo que haces en nuestra p\u00e1gina web. All\u00ed podr\u00e1s consultar los detalles de tus sesiones de juego, el uso de bonos y las transacciones financieras por tipo, estado (es decir, en curso o completadas) y periodo.<\/p>\n<h3>\u00bfC\u00f3mo puedo verificar mi direcci\u00f3n de correo electr\u00f3nico?<\/h3>\n<p>Tu perfil personal contiene un pr\u00e1ctico widget de registro, que puedes utilizar para verificar tu direcci\u00f3n de correo electr\u00f3nico y tu n\u00famero de tel\u00e9fono con solo un clic. Te recomendamos que verifiques tus datos de contacto justo despu\u00e9s de tu primer inicio de sesi\u00f3n en Rooksbet para facilitar que nuestro equipo de atenci\u00f3n al cliente se ponga en contacto contigo en caso de que surja alg\u00fan problema.<\/p>\n<\/div><\/div><\/p>\n","protected":false},"excerpt":{"rendered":"<p>Inicio de sesi\u00f3n y registro de cuenta en Rooksbet Crear una cuenta en Rooksbet Casino es r\u00e1pido y sencillo. Los jugadores espa\u00f1oles no tienen que pasar por un proceso detallado de verificaci\u00f3n de identidad en este momento, sino que pueden registrarse con solo una direcci\u00f3n de correo electr\u00f3nico y una contrase\u00f1a segura. A continuaci\u00f3n, tras [&hellip;]<\/p>\n","protected":false},"author":1,"featured_media":0,"parent":0,"menu_order":0,"comment_status":"closed","ping_status":"closed","template":"template-builder.php","meta":{"_acf_changed":false,"inline_featured_image":false,"footnotes":""},"class_list":["post-1487","page","type-page","status-publish","hentry"],"acf":[],"yoast_head":"<!-- This site is optimized with the Yoast SEO plugin v27.3 - https:\/\/yoast.com\/product\/yoast-seo-wordpress\/ -->\n<title>Rooksbet Casino Login \u2013 Fast Registration and Secure Account<\/title>\n<meta name=\"description\" content=\"Rooksbet Casino Login \u2013 register quickly or sign in securely to your account with encrypted access and fast verification. Manage password recovery, profile settings and account tools easily at Rooks Bet.\" \/>\n<meta name=\"robots\" content=\"index, follow, max-snippet:-1, max-image-preview:large, max-video-preview:-1\" \/>\n<link rel=\"canonical\" href=\"https:\/\/therooksbet.net\/es\/inicio-de-sesion-y-registro\/\" \/>\n<meta property=\"og:locale\" content=\"es_ES\" \/>\n<meta property=\"og:type\" content=\"article\" \/>\n<meta property=\"og:title\" content=\"Rooksbet Casino Login \u2013 Fast Registration and Secure Account\" \/>\n<meta property=\"og:description\" content=\"Rooksbet Casino Login \u2013 register quickly or sign in securely to your account with encrypted access and fast verification. Manage password recovery, profile settings and account tools easily at Rooks Bet.\" \/>\n<meta property=\"og:url\" content=\"https:\/\/therooksbet.net\/es\/inicio-de-sesion-y-registro\/\" \/>\n<meta property=\"og:site_name\" content=\"rooksbet\" \/>\n<meta property=\"article:modified_time\" content=\"2026-03-25T14:15:31+00:00\" \/>\n<meta name=\"twitter:card\" content=\"summary_large_image\" \/>\n<meta name=\"twitter:label1\" content=\"Est. reading time\" \/>\n\t<meta name=\"twitter:data1\" content=\"1 minute\" \/>\n<script type=\"application\/ld+json\" class=\"yoast-schema-graph\">{\"@context\":\"https:\\\/\\\/schema.org\",\"@graph\":[{\"@type\":\"WebPage\",\"@id\":\"https:\\\/\\\/therooksbet.net\\\/es\\\/inicio-de-sesion-y-registro\\\/\",\"url\":\"https:\\\/\\\/therooksbet.net\\\/es\\\/inicio-de-sesion-y-registro\\\/\",\"name\":\"Rooksbet Casino Login \u2013 Fast Registration and Secure Account\",\"isPartOf\":{\"@id\":\"https:\\\/\\\/therooksbet.net\\\/es\\\/#website\"},\"datePublished\":\"2026-01-20T12:11:11+00:00\",\"dateModified\":\"2026-03-25T14:15:31+00:00\",\"description\":\"Rooksbet Casino Login \u2013 register quickly or sign in securely to your account with encrypted access and fast verification. Manage password recovery, profile settings and account tools easily at Rooks Bet.\",\"breadcrumb\":{\"@id\":\"https:\\\/\\\/therooksbet.net\\\/es\\\/inicio-de-sesion-y-registro\\\/#breadcrumb\"},\"inLanguage\":\"es-ES\",\"potentialAction\":[{\"@type\":\"ReadAction\",\"target\":[\"https:\\\/\\\/therooksbet.net\\\/es\\\/inicio-de-sesion-y-registro\\\/\"]}]},{\"@type\":\"BreadcrumbList\",\"@id\":\"https:\\\/\\\/therooksbet.net\\\/es\\\/inicio-de-sesion-y-registro\\\/#breadcrumb\",\"itemListElement\":[{\"@type\":\"ListItem\",\"position\":1,\"name\":\"Rooksbet\",\"item\":\"https:\\\/\\\/therooksbet.net\\\/es\\\/\"},{\"@type\":\"ListItem\",\"position\":2,\"name\":\"Inicio de sesi\u00f3n y Registro\"}]},{\"@type\":\"WebSite\",\"@id\":\"https:\\\/\\\/therooksbet.net\\\/es\\\/#website\",\"url\":\"https:\\\/\\\/therooksbet.net\\\/es\\\/\",\"name\":\"Rooksbet\",\"description\":\"\",\"publisher\":{\"@id\":\"https:\\\/\\\/therooksbet.net\\\/es\\\/#organization\"},\"potentialAction\":[{\"@type\":\"SearchAction\",\"target\":{\"@type\":\"EntryPoint\",\"urlTemplate\":\"https:\\\/\\\/therooksbet.net\\\/es\\\/?s={search_term_string}\"},\"query-input\":{\"@type\":\"PropertyValueSpecification\",\"valueRequired\":true,\"valueName\":\"search_term_string\"}}],\"inLanguage\":\"es-ES\"},{\"@type\":\"Organization\",\"@id\":\"https:\\\/\\\/therooksbet.net\\\/es\\\/#organization\",\"name\":\"Rooksbet\",\"url\":\"https:\\\/\\\/therooksbet.net\\\/es\\\/\",\"logo\":{\"@type\":\"ImageObject\",\"inLanguage\":\"es-ES\",\"@id\":\"https:\\\/\\\/therooksbet.net\\\/es\\\/#\\\/schema\\\/logo\\\/image\\\/\",\"url\":\"https:\\\/\\\/therooksbet.net\\\/wp-content\\\/uploads\\\/2026\\\/03\\\/Casino-logo-Desktop.png\",\"contentUrl\":\"https:\\\/\\\/therooksbet.net\\\/wp-content\\\/uploads\\\/2026\\\/03\\\/Casino-logo-Desktop.png\",\"width\":167,\"height\":44,\"caption\":\"Rooksbet\"},\"image\":{\"@id\":\"https:\\\/\\\/therooksbet.net\\\/es\\\/#\\\/schema\\\/logo\\\/image\\\/\"}}]}<\/script>\n<!-- \/ Yoast SEO plugin. -->","yoast_head_json":{"title":"Rooksbet Casino Login \u2013 Fast Registration and Secure Account","description":"Rooksbet Casino Login \u2013 register quickly or sign in securely to your account with encrypted access and fast verification. Manage password recovery, profile settings and account tools easily at Rooks Bet.","robots":{"index":"index","follow":"follow","max-snippet":"max-snippet:-1","max-image-preview":"max-image-preview:large","max-video-preview":"max-video-preview:-1"},"canonical":"https:\/\/therooksbet.net\/es\/inicio-de-sesion-y-registro\/","og_locale":"es_ES","og_type":"article","og_title":"Rooksbet Casino Login \u2013 Fast Registration and Secure Account","og_description":"Rooksbet Casino Login \u2013 register quickly or sign in securely to your account with encrypted access and fast verification. Manage password recovery, profile settings and account tools easily at Rooks Bet.","og_url":"https:\/\/therooksbet.net\/es\/inicio-de-sesion-y-registro\/","og_site_name":"rooksbet","article_modified_time":"2026-03-25T14:15:31+00:00","twitter_card":"summary_large_image","twitter_misc":{"Est. reading time":"1 minute"},"schema":{"@context":"https:\/\/schema.org","@graph":[{"@type":"WebPage","@id":"https:\/\/therooksbet.net\/es\/inicio-de-sesion-y-registro\/","url":"https:\/\/therooksbet.net\/es\/inicio-de-sesion-y-registro\/","name":"Rooksbet Casino Login \u2013 Fast Registration and Secure Account","isPartOf":{"@id":"https:\/\/therooksbet.net\/es\/#website"},"datePublished":"2026-01-20T12:11:11+00:00","dateModified":"2026-03-25T14:15:31+00:00","description":"Rooksbet Casino Login \u2013 register quickly or sign in securely to your account with encrypted access and fast verification. Manage password recovery, profile settings and account tools easily at Rooks Bet.","breadcrumb":{"@id":"https:\/\/therooksbet.net\/es\/inicio-de-sesion-y-registro\/#breadcrumb"},"inLanguage":"es-ES","potentialAction":[{"@type":"ReadAction","target":["https:\/\/therooksbet.net\/es\/inicio-de-sesion-y-registro\/"]}]},{"@type":"BreadcrumbList","@id":"https:\/\/therooksbet.net\/es\/inicio-de-sesion-y-registro\/#breadcrumb","itemListElement":[{"@type":"ListItem","position":1,"name":"Rooksbet","item":"https:\/\/therooksbet.net\/es\/"},{"@type":"ListItem","position":2,"name":"Inicio de sesi\u00f3n y Registro"}]},{"@type":"WebSite","@id":"https:\/\/therooksbet.net\/es\/#website","url":"https:\/\/therooksbet.net\/es\/","name":"Rooksbet","description":"","publisher":{"@id":"https:\/\/therooksbet.net\/es\/#organization"},"potentialAction":[{"@type":"SearchAction","target":{"@type":"EntryPoint","urlTemplate":"https:\/\/therooksbet.net\/es\/?s={search_term_string}"},"query-input":{"@type":"PropertyValueSpecification","valueRequired":true,"valueName":"search_term_string"}}],"inLanguage":"es-ES"},{"@type":"Organization","@id":"https:\/\/therooksbet.net\/es\/#organization","name":"Rooksbet","url":"https:\/\/therooksbet.net\/es\/","logo":{"@type":"ImageObject","inLanguage":"es-ES","@id":"https:\/\/therooksbet.net\/es\/#\/schema\/logo\/image\/","url":"https:\/\/therooksbet.net\/wp-content\/uploads\/2026\/03\/Casino-logo-Desktop.png","contentUrl":"https:\/\/therooksbet.net\/wp-content\/uploads\/2026\/03\/Casino-logo-Desktop.png","width":167,"height":44,"caption":"Rooksbet"},"image":{"@id":"https:\/\/therooksbet.net\/es\/#\/schema\/logo\/image\/"}}]}},"_links":{"self":[{"href":"https:\/\/therooksbet.net\/es\/wp-json\/wp\/v2\/pages\/1487","targetHints":{"allow":["GET"]}}],"collection":[{"href":"https:\/\/therooksbet.net\/es\/wp-json\/wp\/v2\/pages"}],"about":[{"href":"https:\/\/therooksbet.net\/es\/wp-json\/wp\/v2\/types\/page"}],"author":[{"embeddable":true,"href":"https:\/\/therooksbet.net\/es\/wp-json\/wp\/v2\/users\/1"}],"replies":[{"embeddable":true,"href":"https:\/\/therooksbet.net\/es\/wp-json\/wp\/v2\/comments?post=1487"}],"version-history":[{"count":3,"href":"https:\/\/therooksbet.net\/es\/wp-json\/wp\/v2\/pages\/1487\/revisions"}],"predecessor-version":[{"id":2068,"href":"https:\/\/therooksbet.net\/es\/wp-json\/wp\/v2\/pages\/1487\/revisions\/2068"}],"wp:attachment":[{"href":"https:\/\/therooksbet.net\/es\/wp-json\/wp\/v2\/media?parent=1487"}],"curies":[{"name":"wp","href":"https:\/\/api.w.org\/{rel}","templated":true}]}}