{"id":1440,"date":"2026-01-20T12:08:23","date_gmt":"2026-01-20T12:08:23","guid":{"rendered":"https:\/\/bonuskongcasino.com\/app\/"},"modified":"2026-03-25T15:48:58","modified_gmt":"2026-03-25T15:48:58","slug":"app","status":"publish","type":"page","link":"https:\/\/therooksbet.net\/fr\/app\/","title":{"rendered":"App"},"content":{"rendered":"<h1>Plateforme mobile Rooksbet<\/h1>\n<p>Rooksbet App vous permet de profiter facilement de vos jeux de casino pr\u00e9f\u00e9r\u00e9s o\u00f9 que vous soyez. Elle est compatible avec tous les appareils : iOS, Android et m\u00eame Windows. De plus, vous pouvez l&rsquo;installer gratuitement sur leur smartphone ou leur tablette en moins d&rsquo;une minute.<\/p>\n<div class=\"banner-wrap\" aria-label=\"Banner\"><img src=\"https:\/\/therooksbet.net\/wp-content\/uploads\/2026\/03\/Banner-Desktop.webp\" class=\"w-100 d-none d-lg-block img-pc main-banner-img\" alt=\"Banner Desktop\" fetchpriority=\"high\" decoding=\"async\"><img src=\"https:\/\/therooksbet.net\/wp-content\/uploads\/2026\/03\/Banner-mobile.webp\" class=\"w-100 d-none d-md-block d-lg-none main-banner-img\" alt=\"Banner mobile\" fetchpriority=\"high\" decoding=\"async\"><img src=\"https:\/\/therooksbet.net\/wp-content\/uploads\/2026\/03\/Banner-mobile.webp\" class=\"w-100 d-md-none\" alt=\"Banner mobile\" fetchpriority=\"high\" decoding=\"async\"><div class=\"banner-description\">\n<div class=\"banner-title\">Bonus de bienvenue<\/div>\n<p class=\"banner-header-title\">1500 \u20ac<\/p>\n<div class=\"banner-header-AdditionalText\">+ 250 Tours gratuits<\/div>\n<button data-item=\"homepage_banner_link\" class=\"goto m-button m-gradient-border m-button--primary m-button--large banner-button btn-orange\">\n            <div class=\"m-button-content\">\n                <span>Inscrivez-vous d\u00e8s maintenant<\/span>\n                <span><\/span>\n            <\/div>\n        <\/button>\n<\/div>\n<div class=\"WelcomePack\">\n<p><img loading=\"lazy\" decoding=\"async\" class=\"alignnone size-full wp-image-1876\" src=\"https:\/\/therooksbet.net\/wp-content\/uploads\/2026\/03\/welcome-crown-1.png\" alt=\"welcome crown\" width=\"25\" height=\"26\" \/><\/p>\n<div class=\"WelcomePack-Info\">Cashback hebdomadaire jusqu&rsquo;\u00e0 25 %<\/div>\n<p><img loading=\"lazy\" decoding=\"async\" class=\"alignnone size-full wp-image-1876\" src=\"https:\/\/therooksbet.net\/wp-content\/uploads\/2026\/03\/welcome-crown-1.png\" alt=\"welcome crown\" width=\"25\" height=\"26\" \/><\/p>\n<\/div>\n<\/div>\n<h2>Application Rooksbet Casino : principales fonctionnalit\u00e9s<\/h2>\n<p>Notre solution de casino mobile est une application web progressive (PWA). En bref, il s&rsquo;agit d&rsquo;un site web qui fonctionne et offre la m\u00eame exp\u00e9rience qu&rsquo;une application native. Pour l&rsquo;utiliser, il vous suffit d&rsquo;ajouter l&rsquo;ic\u00f4ne Rooks Bet \u00e0 votre \u00e9cran d&rsquo;accueil et de vous connecter au compte de casino d\u00e9j\u00e0 cr\u00e9\u00e9 \u00e0 l&rsquo;aide des identifiants enregistr\u00e9s pr\u00e9c\u00e9demment.<\/p>\n<p>De cette fa\u00e7on, vous pouvez acc\u00e9der \u00e0 notre lobby de casino, qui propose des milliers de machines \u00e0 sous en ligne et de tables avec croupiers en direct, bien plus rapidement que via le navigateur. Cependant, l&rsquo;acc\u00e8s mobile ne compromettra pas la qualit\u00e9 de votre exp\u00e9rience de jeu : l&rsquo;application Rooksbet dispose de toutes les m\u00eames fonctionnalit\u00e9s que la version principale de notre casino, et en plus de cela, elle propose des notifications push qui vous tiendront inform\u00e9 de nos derni\u00e8res campagnes promotionnelles et de nos bonus (mais uniquement avec votre autorisation).<\/p>\n<table>\n<tbody>\n<tr>\n<td>Fonctionnalit\u00e9s de l&rsquo;application<\/td>\n<td>Objectif + Avantages<\/td>\n<\/tr>\n<tr>\n<td>Lobby complet du casino<\/td>\n<td>Notre catalogue de jeux comprend 6 000 machines \u00e0 sous vid\u00e9o, des jeux crash, des tables avec croupiers en direct et d&rsquo;autres options de jeu auxquelles vous pouvez acc\u00e9der aussi bien via le web que via l&rsquo;app Rooks Bet.<\/td>\n<\/tr>\n<tr>\n<td>Profil personnel<\/td>\n<td>Toutes les fonctionnalit\u00e9s de votre compte casino sont facilement accessibles via notre PWA. Vous pouvez g\u00e9rer vos informations personnelles et vos param\u00e8tres de s\u00e9curit\u00e9, consulter l&rsquo;historique de vos sessions, d\u00e9finir des limites de jeu et effectuer des transactions financi\u00e8res en toute simplicit\u00e9 depuis votre smartphone ou votre tablette.<\/td>\n<\/tr>\n<tr>\n<td>S\u00e9curit\u00e9 des donn\u00e9es<\/td>\n<td>Les PWA fonctionnent via le Web, ce qui signifie que toutes les mesures de s\u00e9curit\u00e9 avanc\u00e9es que nous mettons en \u0153uvre sur le site Rooksbet s&rsquo;appliquent automatiquement \u00e0 notre application \u00e9galement. Vos donn\u00e9es sont prot\u00e9g\u00e9es gr\u00e2ce aux derniers protocoles TLS et \u00e0 une technologie de pare-feu fiable.<\/td>\n<\/tr>\n<tr>\n<td>Notifications push<\/td>\n<td>Activez cette fonctionnalit\u00e9 si vous souhaitez recevoir rapidement des informations sur nos derni\u00e8res promotions et offres limit\u00e9es.<\/td>\n<\/tr>\n<tr>\n<td>Chat en direct<\/td>\n<td>Notre \u00e9quipe d&rsquo;assistance client est pr\u00eate \u00e0 r\u00e9pondre \u00e0 vos questions 24h\/24 et 7j\/7, quel que soit l&rsquo;appareil que vous utilisez pour acc\u00e9der \u00e0 votre compte Rooksbet Casino.<\/td>\n<\/tr>\n<tr>\n<td>Commandes tactiles<\/td>\n<td>Notre site web et notre application disposent d&rsquo;un design adaptatif avec des commandes tactiles intuitives pour les utilisateurs mobiles.<\/td>\n<\/tr>\n<tr>\n<td>Mode hors ligne<\/td>\n<td>Les PWA chargent le contenu \u00e0 partir d&rsquo;un cache stock\u00e9 localement, ce qui vous permet d&rsquo;acc\u00e9der \u00e0 certaines informations m\u00eame sans connexion Internet stable. Bien s\u00fbr, vous ne pourrez pas jouer aux machines \u00e0 sous en ligne en mode hors ligne, mais vous pourrez toujours consulter l&rsquo;historique de vos activit\u00e9s de jeu.<\/td>\n<\/tr>\n<\/tbody>\n<\/table>\n<p><div class=\"scrollable-content-wrap my-5\"><div class=\"scrollable-content-inner\"><h2>Comment installer notre application sur votre appareil mobile<\/h2>\n<p>L&rsquo;application Rooksbet est compatible avec les appareils Android et iOS. Il n&rsquo;est pas n\u00e9cessaire de t\u00e9l\u00e9charger de fichiers pour l&rsquo;installer. Il vous suffit d&rsquo;ajouter l&rsquo;ic\u00f4ne du site web \u00e0 votre \u00e9cran d&rsquo;accueil. Voici comment proc\u00e9der :<\/p>\n<ol>\n<li>Ouvrez Rooksbet Casino dans votre navigateur mobile pr\u00e9f\u00e9r\u00e9.<\/li>\n<li>Acc\u00e9dez au menu des param\u00e8tres du navigateur et rep\u00e9rez l&rsquo;option \u00ab Ajouter \u00e0 l&rsquo;\u00e9cran d&rsquo;accueil \u00bb.<\/li>\n<li>Cliquez sur le bouton d&rsquo;installation dans la fen\u00eatre contextuelle pour lancer le processus.<\/li>\n<li>Recherchez l&rsquo;ic\u00f4ne Rooks Bet sur votre \u00e9cran d&rsquo;accueil et connectez-vous \u00e0 votre compte.<\/li>\n<\/ol>\n<p>Une fois install\u00e9e, une PWA vous fera gagner du temps lorsque vous acc\u00e9derez \u00e0 votre casino mobile et rendra votre exp\u00e9rience de jeu beaucoup plus pratique. Gr\u00e2ce \u00e0 elle, vous pourrez jouer \u00e0 nos machines \u00e0 sous en ligne o\u00f9 que vous soyez et consulter certaines informations de votre profil personnel, m\u00eame hors ligne.<\/p>\n<p><img loading=\"lazy\" decoding=\"async\" class=\"alignnone size-full wp-image-1959\" src=\"https:\/\/therooksbet.net\/wp-content\/uploads\/2026\/03\/Rooksbet-iOS-App-1.webp\" alt=\"Rooksbet iOS App\" width=\"1248\" height=\"536\" srcset=\"https:\/\/therooksbet.net\/wp-content\/uploads\/2026\/03\/Rooksbet-iOS-App-1.webp 1248w, https:\/\/therooksbet.net\/wp-content\/uploads\/2026\/03\/Rooksbet-iOS-App-1-300x129.webp 300w, https:\/\/therooksbet.net\/wp-content\/uploads\/2026\/03\/Rooksbet-iOS-App-1-1024x440.webp 1024w, https:\/\/therooksbet.net\/wp-content\/uploads\/2026\/03\/Rooksbet-iOS-App-1-768x330.webp 768w\" sizes=\"auto, (max-width: 1248px) 100vw, 1248px\" \/><\/p>\n<\/div><\/div><div style=\"clear: both\"><\/div><div class=\"d-flex justify-content-center\"><button data-item=\"decouvrez_link\" data-group=\"website_links\" class=\"goto fw-bold rounded-pill btn btn-orange\" aria-label=\"T\u00e9l\u00e9chargez l&#039;application Rooksbet\" >T\u00e9l\u00e9chargez l&#039;application Rooksbet<\/button><\/div><div class=\"scrollable-content-wrap my-5\"><div class=\"scrollable-content-inner\"><h2>Application de casino mobile pour ordinateur<\/h2>\n<p>M\u00eame si vous pr\u00e9f\u00e9rez jouer sur Rooksbet Casino via un ordinateur, vous pouvez tout de m\u00eame ajouter notre PWA \u00e0 votre bureau pour acc\u00e9der plus rapidement \u00e0 notre lobby et \u00e0 d&rsquo;autres interfaces. La proc\u00e9dure est aussi simple que l&rsquo;installation de l&rsquo;application Rooksbet sur votre t\u00e9l\u00e9phone :<\/p>\n<ol>\n<li>Rendez-vous sur notre site officiel depuis le navigateur de votre choix.<\/li>\n<li>Cliquez sur l&rsquo;ic\u00f4ne d&rsquo;installation dans la barre d&rsquo;adresse (elle ressemble \u00e0 un \u00e9cran d&rsquo;ordinateur avec une fl\u00e8che vers le bas).<\/li>\n<li>Appuyez sur le bouton pour lancer le processus.<\/li>\n<li>Recherchez l&rsquo;ic\u00f4ne Rooksbet sur le bureau pour ouvrir votre compte de casino.<\/li>\n<\/ol>\n<p>Ce raccourci vous fera gagner du temps lors de la connexion. Il est particuli\u00e8rement pratique pour les utilisateurs r\u00e9guliers de Rooks Bet qui jouent aux jeux de casino sur plusieurs appareils.<\/p>\n<p><img loading=\"lazy\" decoding=\"async\" class=\"alignnone size-full wp-image-1935\" src=\"https:\/\/therooksbet.net\/wp-content\/uploads\/2026\/03\/Rooksbet-Android-App-1.webp\" alt=\"Rooksbet Android App\" width=\"1248\" height=\"536\" srcset=\"https:\/\/therooksbet.net\/wp-content\/uploads\/2026\/03\/Rooksbet-Android-App-1.webp 1248w, https:\/\/therooksbet.net\/wp-content\/uploads\/2026\/03\/Rooksbet-Android-App-1-300x129.webp 300w, https:\/\/therooksbet.net\/wp-content\/uploads\/2026\/03\/Rooksbet-Android-App-1-1024x440.webp 1024w, https:\/\/therooksbet.net\/wp-content\/uploads\/2026\/03\/Rooksbet-Android-App-1-768x330.webp 768w\" sizes=\"auto, (max-width: 1248px) 100vw, 1248px\" \/><\/p>\n<\/div><\/div><div style=\"clear: both\"><\/div><div class=\"d-flex justify-content-center\"><button data-item=\"decouvrez_link\" data-group=\"website_links\" class=\"goto fw-bold rounded-pill btn btn-orange\" aria-label=\"T\u00e9l\u00e9chargez l&#039;application Rooksbet\" >T\u00e9l\u00e9chargez l&#039;application Rooksbet<\/button><\/div><div class=\"scrollable-content-wrap my-5\"><div class=\"scrollable-content-inner\"><h2>PWA vs applications natives : avantages<\/h2>\n<p>Contrairement aux applications autonomes d\u00e9velopp\u00e9es sp\u00e9cifiquement pour Android ou iOS, une PWA fonctionne aussi bien sur toutes les plateformes. Vous pouvez installer l\u2019application Rooksbet sur un iPhone, une tablette Android et un ordinateur en m\u00eame temps. En revanche, la plupart des applications sp\u00e9cifiques \u00e0 une plateforme ne vous permettent pas d&rsquo;acc\u00e9der au m\u00eame compte de casino depuis plusieurs appareils dot\u00e9s de syst\u00e8mes d&rsquo;exploitation diff\u00e9rents.<\/p>\n<p>Comme vous n&rsquo;avez pas besoin de t\u00e9l\u00e9charger de fichiers pour installer notre application, celle-ci occupe peu d&rsquo;espace de stockage et ne pr\u00e9sente aucun risque d&rsquo;infecter votre appareil avec des logiciels malveillants. Et comme la PWA fonctionne via le Web, l&rsquo;application Rooksbet Casino est mise \u00e0 jour automatiquement chaque fois que nous apportons des modifications \u00e0 la version principale du site. Il n&rsquo;est pas n\u00e9cessaire de t\u00e9l\u00e9charger \u00e0 nouveau des fichiers manuellement : le processus de mise \u00e0 jour s&rsquo;effectue silencieusement en arri\u00e8re-plan, et aucune intervention manuelle n&rsquo;est requise de votre part.<\/p>\n<p><img loading=\"lazy\" decoding=\"async\" class=\"alignnone size-full wp-image-1951\" src=\"https:\/\/therooksbet.net\/wp-content\/uploads\/2026\/03\/Rooksbet-Desktop-1.webp\" alt=\"Rooksbet Desktop\" width=\"1248\" height=\"536\" srcset=\"https:\/\/therooksbet.net\/wp-content\/uploads\/2026\/03\/Rooksbet-Desktop-1.webp 1248w, https:\/\/therooksbet.net\/wp-content\/uploads\/2026\/03\/Rooksbet-Desktop-1-300x129.webp 300w, https:\/\/therooksbet.net\/wp-content\/uploads\/2026\/03\/Rooksbet-Desktop-1-1024x440.webp 1024w, https:\/\/therooksbet.net\/wp-content\/uploads\/2026\/03\/Rooksbet-Desktop-1-768x330.webp 768w\" sizes=\"auto, (max-width: 1248px) 100vw, 1248px\" \/><\/p>\n<\/div><\/div><div style=\"clear: both\"><\/div><div class=\"d-flex justify-content-center\"><button data-item=\"decouvrez_link\" data-group=\"website_links\" class=\"goto fw-bold rounded-pill btn btn-orange\" aria-label=\"T\u00e9l\u00e9chargez l&#039;application Rooksbet\" >T\u00e9l\u00e9chargez l&#039;application Rooksbet<\/button><\/div><div class=\"scrollable-content-wrap my-5\"><div class=\"scrollable-content-inner\"><h2>FAQ<\/h2>\n<h3>Dois-je v\u00e9rifier mon compte lorsque j&rsquo;utilise votre PWA ?<\/h3>\n<p>Nous effectuons un processus de v\u00e9rification d&rsquo;identit\u00e9 d\u00e9taill\u00e9 uniquement lors du premier retrait de fonds de l&rsquo;utilisateur. Avant cela, votre compte peut rester non v\u00e9rifi\u00e9, quel que soit l&rsquo;appareil que vous utilisez pour vous connecter et jouer \u00e0 nos jeux de casino.<\/p>\n<h3>L&rsquo;application Rooksbet fonctionnera-t-elle si ma connexion Internet est coup\u00e9e en cours de partie ?<\/h3>\n<p>La PWA fonctionne bien en mode hors ligne. Cependant, vous avez toujours besoin d&rsquo;une connexion Internet stable pour jouer aux jeux de casino sur Rooks Bet Casino. Sans cela, vous pouvez simplement consulter les donn\u00e9es pr\u00e9c\u00e9demment charg\u00e9es dans votre compte personnel, par exemple l&rsquo;historique de vos activit\u00e9s de jeu, vos transactions financi\u00e8res, etc.<\/p>\n<h3>L&rsquo;application PWA fonctionne-t-elle correctement sur les appareils plus anciens ?<\/h3>\n<p>L&rsquo;application Rooksbet fonctionne bien sur n&rsquo;importe quel appareil, m\u00eame les plus anciens. Elle fonctionne bien car elle est l\u00e9g\u00e8re et ne pr\u00e9sente aucun probl\u00e8me de compatibilit\u00e9, contrairement \u00e0 de nombreuses applications sp\u00e9cifiques \u00e0 une plateforme. Cependant, m\u00eame si les besoins en RAM sont insignifiants pour notre PWA, il faut tout de m\u00eame disposer de suffisamment de m\u00e9moire sur votre appareil pour \u00e9viter les probl\u00e8mes de chargement.<\/p>\n<\/div><\/div><\/p>\n","protected":false},"excerpt":{"rendered":"<p>Plateforme mobile Rooksbet Rooksbet App vous permet de profiter facilement de vos jeux de casino pr\u00e9f\u00e9r\u00e9s o\u00f9 que vous soyez. Elle est compatible avec tous les appareils : iOS, Android et m\u00eame Windows. De plus, vous pouvez l&rsquo;installer gratuitement sur leur smartphone ou leur tablette en moins d&rsquo;une minute. Application Rooksbet Casino : principales fonctionnalit\u00e9s [&hellip;]<\/p>\n","protected":false},"author":1,"featured_media":0,"parent":0,"menu_order":0,"comment_status":"closed","ping_status":"closed","template":"template-builder.php","meta":{"_acf_changed":false,"inline_featured_image":false,"footnotes":""},"class_list":["post-1440","page","type-page","status-publish","hentry"],"acf":[],"yoast_head":"<!-- This site is optimized with the Yoast SEO plugin v27.3 - https:\/\/yoast.com\/product\/yoast-seo-wordpress\/ -->\n<title>Rooksbet App | Casino Mobile Android &amp; iOS<\/title>\n<meta name=\"description\" content=\"Rooksbet App \u2013 t\u00e9l\u00e9chargez l&#039;application casino mobile pour Android et iOS pour jouer aux machines \u00e0 sous, jeux de table et casino en direct partout. Profitez de performances fluides et d&#039;un acc\u00e8s complet \u00e0 votre compte avec Rooks Bet.\" \/>\n<meta name=\"robots\" content=\"index, follow, max-snippet:-1, max-image-preview:large, max-video-preview:-1\" \/>\n<link rel=\"canonical\" href=\"https:\/\/therooksbet.net\/fr\/app\/\" \/>\n<meta property=\"og:locale\" content=\"fr_FR\" \/>\n<meta property=\"og:type\" content=\"article\" \/>\n<meta property=\"og:title\" content=\"Rooksbet App | Casino Mobile Android &amp; iOS\" \/>\n<meta property=\"og:description\" content=\"Rooksbet App \u2013 t\u00e9l\u00e9chargez l&#039;application casino mobile pour Android et iOS pour jouer aux machines \u00e0 sous, jeux de table et casino en direct partout. Profitez de performances fluides et d&#039;un acc\u00e8s complet \u00e0 votre compte avec Rooks Bet.\" \/>\n<meta property=\"og:url\" content=\"https:\/\/therooksbet.net\/fr\/app\/\" \/>\n<meta property=\"og:site_name\" content=\"rooksbet\" \/>\n<meta property=\"article:modified_time\" content=\"2026-03-25T15:48:58+00:00\" \/>\n<meta name=\"twitter:card\" content=\"summary_large_image\" \/>\n<meta name=\"twitter:label1\" content=\"Dur\u00e9e de lecture estim\u00e9e\" \/>\n\t<meta name=\"twitter:data1\" content=\"3 minutes\" \/>\n<script type=\"application\/ld+json\" class=\"yoast-schema-graph\">{\"@context\":\"https:\\\/\\\/schema.org\",\"@graph\":[{\"@type\":\"WebPage\",\"@id\":\"https:\\\/\\\/therooksbet.net\\\/fr\\\/app\\\/\",\"url\":\"https:\\\/\\\/therooksbet.net\\\/fr\\\/app\\\/\",\"name\":\"Rooksbet App | Casino Mobile Android & iOS\",\"isPartOf\":{\"@id\":\"https:\\\/\\\/therooksbet.net\\\/fr\\\/#website\"},\"datePublished\":\"2026-01-20T12:08:23+00:00\",\"dateModified\":\"2026-03-25T15:48:58+00:00\",\"description\":\"Rooksbet App \u2013 t\u00e9l\u00e9chargez l'application casino mobile pour Android et iOS pour jouer aux machines \u00e0 sous, jeux de table et casino en direct partout. Profitez de performances fluides et d'un acc\u00e8s complet \u00e0 votre compte avec Rooks Bet.\",\"breadcrumb\":{\"@id\":\"https:\\\/\\\/therooksbet.net\\\/fr\\\/app\\\/#breadcrumb\"},\"inLanguage\":\"fr-FR\",\"potentialAction\":[{\"@type\":\"ReadAction\",\"target\":[\"https:\\\/\\\/therooksbet.net\\\/fr\\\/app\\\/\"]}]},{\"@type\":\"BreadcrumbList\",\"@id\":\"https:\\\/\\\/therooksbet.net\\\/fr\\\/app\\\/#breadcrumb\",\"itemListElement\":[{\"@type\":\"ListItem\",\"position\":1,\"name\":\"Rooksbet\",\"item\":\"https:\\\/\\\/therooksbet.net\\\/fr\\\/\"},{\"@type\":\"ListItem\",\"position\":2,\"name\":\"App\"}]},{\"@type\":\"WebSite\",\"@id\":\"https:\\\/\\\/therooksbet.net\\\/fr\\\/#website\",\"url\":\"https:\\\/\\\/therooksbet.net\\\/fr\\\/\",\"name\":\"Rooksbet\",\"description\":\"\",\"publisher\":{\"@id\":\"https:\\\/\\\/therooksbet.net\\\/fr\\\/#organization\"},\"potentialAction\":[{\"@type\":\"SearchAction\",\"target\":{\"@type\":\"EntryPoint\",\"urlTemplate\":\"https:\\\/\\\/therooksbet.net\\\/fr\\\/?s={search_term_string}\"},\"query-input\":{\"@type\":\"PropertyValueSpecification\",\"valueRequired\":true,\"valueName\":\"search_term_string\"}}],\"inLanguage\":\"fr-FR\"},{\"@type\":\"Organization\",\"@id\":\"https:\\\/\\\/therooksbet.net\\\/fr\\\/#organization\",\"name\":\"Rooksbet\",\"url\":\"https:\\\/\\\/therooksbet.net\\\/fr\\\/\",\"logo\":{\"@type\":\"ImageObject\",\"inLanguage\":\"fr-FR\",\"@id\":\"https:\\\/\\\/therooksbet.net\\\/fr\\\/#\\\/schema\\\/logo\\\/image\\\/\",\"url\":\"https:\\\/\\\/therooksbet.net\\\/wp-content\\\/uploads\\\/2026\\\/03\\\/Casino-logo-Desktop.png\",\"contentUrl\":\"https:\\\/\\\/therooksbet.net\\\/wp-content\\\/uploads\\\/2026\\\/03\\\/Casino-logo-Desktop.png\",\"width\":167,\"height\":44,\"caption\":\"Rooksbet\"},\"image\":{\"@id\":\"https:\\\/\\\/therooksbet.net\\\/fr\\\/#\\\/schema\\\/logo\\\/image\\\/\"}}]}<\/script>\n<!-- \/ Yoast SEO plugin. -->","yoast_head_json":{"title":"Rooksbet App | Casino Mobile Android & iOS","description":"Rooksbet App \u2013 t\u00e9l\u00e9chargez l'application casino mobile pour Android et iOS pour jouer aux machines \u00e0 sous, jeux de table et casino en direct partout. Profitez de performances fluides et d'un acc\u00e8s complet \u00e0 votre compte avec Rooks Bet.","robots":{"index":"index","follow":"follow","max-snippet":"max-snippet:-1","max-image-preview":"max-image-preview:large","max-video-preview":"max-video-preview:-1"},"canonical":"https:\/\/therooksbet.net\/fr\/app\/","og_locale":"fr_FR","og_type":"article","og_title":"Rooksbet App | Casino Mobile Android & iOS","og_description":"Rooksbet App \u2013 t\u00e9l\u00e9chargez l'application casino mobile pour Android et iOS pour jouer aux machines \u00e0 sous, jeux de table et casino en direct partout. Profitez de performances fluides et d'un acc\u00e8s complet \u00e0 votre compte avec Rooks Bet.","og_url":"https:\/\/therooksbet.net\/fr\/app\/","og_site_name":"rooksbet","article_modified_time":"2026-03-25T15:48:58+00:00","twitter_card":"summary_large_image","twitter_misc":{"Dur\u00e9e de lecture estim\u00e9e":"3 minutes"},"schema":{"@context":"https:\/\/schema.org","@graph":[{"@type":"WebPage","@id":"https:\/\/therooksbet.net\/fr\/app\/","url":"https:\/\/therooksbet.net\/fr\/app\/","name":"Rooksbet App | Casino Mobile Android & iOS","isPartOf":{"@id":"https:\/\/therooksbet.net\/fr\/#website"},"datePublished":"2026-01-20T12:08:23+00:00","dateModified":"2026-03-25T15:48:58+00:00","description":"Rooksbet App \u2013 t\u00e9l\u00e9chargez l'application casino mobile pour Android et iOS pour jouer aux machines \u00e0 sous, jeux de table et casino en direct partout. Profitez de performances fluides et d'un acc\u00e8s complet \u00e0 votre compte avec Rooks Bet.","breadcrumb":{"@id":"https:\/\/therooksbet.net\/fr\/app\/#breadcrumb"},"inLanguage":"fr-FR","potentialAction":[{"@type":"ReadAction","target":["https:\/\/therooksbet.net\/fr\/app\/"]}]},{"@type":"BreadcrumbList","@id":"https:\/\/therooksbet.net\/fr\/app\/#breadcrumb","itemListElement":[{"@type":"ListItem","position":1,"name":"Rooksbet","item":"https:\/\/therooksbet.net\/fr\/"},{"@type":"ListItem","position":2,"name":"App"}]},{"@type":"WebSite","@id":"https:\/\/therooksbet.net\/fr\/#website","url":"https:\/\/therooksbet.net\/fr\/","name":"Rooksbet","description":"","publisher":{"@id":"https:\/\/therooksbet.net\/fr\/#organization"},"potentialAction":[{"@type":"SearchAction","target":{"@type":"EntryPoint","urlTemplate":"https:\/\/therooksbet.net\/fr\/?s={search_term_string}"},"query-input":{"@type":"PropertyValueSpecification","valueRequired":true,"valueName":"search_term_string"}}],"inLanguage":"fr-FR"},{"@type":"Organization","@id":"https:\/\/therooksbet.net\/fr\/#organization","name":"Rooksbet","url":"https:\/\/therooksbet.net\/fr\/","logo":{"@type":"ImageObject","inLanguage":"fr-FR","@id":"https:\/\/therooksbet.net\/fr\/#\/schema\/logo\/image\/","url":"https:\/\/therooksbet.net\/wp-content\/uploads\/2026\/03\/Casino-logo-Desktop.png","contentUrl":"https:\/\/therooksbet.net\/wp-content\/uploads\/2026\/03\/Casino-logo-Desktop.png","width":167,"height":44,"caption":"Rooksbet"},"image":{"@id":"https:\/\/therooksbet.net\/fr\/#\/schema\/logo\/image\/"}}]}},"_links":{"self":[{"href":"https:\/\/therooksbet.net\/fr\/wp-json\/wp\/v2\/pages\/1440","targetHints":{"allow":["GET"]}}],"collection":[{"href":"https:\/\/therooksbet.net\/fr\/wp-json\/wp\/v2\/pages"}],"about":[{"href":"https:\/\/therooksbet.net\/fr\/wp-json\/wp\/v2\/types\/page"}],"author":[{"embeddable":true,"href":"https:\/\/therooksbet.net\/fr\/wp-json\/wp\/v2\/users\/1"}],"replies":[{"embeddable":true,"href":"https:\/\/therooksbet.net\/fr\/wp-json\/wp\/v2\/comments?post=1440"}],"version-history":[{"count":4,"href":"https:\/\/therooksbet.net\/fr\/wp-json\/wp\/v2\/pages\/1440\/revisions"}],"predecessor-version":[{"id":2107,"href":"https:\/\/therooksbet.net\/fr\/wp-json\/wp\/v2\/pages\/1440\/revisions\/2107"}],"wp:attachment":[{"href":"https:\/\/therooksbet.net\/fr\/wp-json\/wp\/v2\/media?parent=1440"}],"curies":[{"name":"wp","href":"https:\/\/api.w.org\/{rel}","templated":true}]}}