{"id":1482,"date":"2026-01-20T12:11:11","date_gmt":"2026-01-20T12:11:11","guid":{"rendered":"https:\/\/bonuskongcasino.com\/login-and-registration\/"},"modified":"2026-03-25T15:50:49","modified_gmt":"2026-03-25T15:50:49","slug":"connexion-et-inscription","status":"publish","type":"page","link":"https:\/\/therooksbet.net\/fr\/connexion-et-inscription\/","title":{"rendered":"Connexion et inscription"},"content":{"rendered":"<h1>Connexion \u00e0 Rooksbet et cr\u00e9ation de compte<\/h1>\n<p>La cr\u00e9ation d&rsquo;un compte sur Rooksbet Casino est rapide et simple. Vous n\u2019avez pas \u00e0 vous soumettre \u00e0 un processus de v\u00e9rification d\u2019identit\u00e9 d\u00e9taill\u00e9 \u00e0 ce stade, mais vous pouvez vous inscrire simplement avec une adresse e-mail et un mot de passe fiable. Ensuite, apr\u00e8s un Rooksbet login rapide, vous pouvez acc\u00e9der \u00e0 des milliers de meilleurs jeux de casino, \u00e0 des bonus somptueux et \u00e0 d&rsquo;autres opportunit\u00e9s de jeu passionnantes.<\/p>\n<p><div class=\"banner-wrap\" aria-label=\"Banner\"><img src=\"https:\/\/therooksbet.net\/wp-content\/uploads\/2026\/03\/Banner-Desktop.webp\" class=\"w-100 d-none d-lg-block img-pc main-banner-img\" alt=\"Banner Desktop\" fetchpriority=\"high\" decoding=\"async\"><img src=\"https:\/\/therooksbet.net\/wp-content\/uploads\/2026\/03\/Banner-mobile.webp\" class=\"w-100 d-none d-md-block d-lg-none main-banner-img\" alt=\"Banner mobile\" fetchpriority=\"high\" decoding=\"async\"><img src=\"https:\/\/therooksbet.net\/wp-content\/uploads\/2026\/03\/Banner-mobile.webp\" class=\"w-100 d-md-none\" alt=\"Banner mobile\" fetchpriority=\"high\" decoding=\"async\"><div class=\"banner-description\">\n<div class=\"banner-title\">Bonus de bienvenue<\/div>\n<p class=\"banner-header-title\">1500 \u20ac<\/p>\n<div class=\"banner-header-AdditionalText\">+ 250 Tours gratuits<\/div>\n<button data-item=\"homepage_banner_link\" class=\"goto m-button m-gradient-border m-button--primary m-button--large banner-button btn-orange\">\n            <div class=\"m-button-content\">\n                <span>Inscrivez-vous d\u00e8s maintenant<\/span>\n                <span><\/span>\n            <\/div>\n        <\/button>\n<\/div>\n<div class=\"WelcomePack\">\n<p><img loading=\"lazy\" decoding=\"async\" class=\"alignnone size-full wp-image-1876\" src=\"https:\/\/therooksbet.net\/wp-content\/uploads\/2026\/03\/welcome-crown-1.png\" alt=\"welcome crown\" width=\"25\" height=\"26\" \/><\/p>\n<div class=\"WelcomePack-Info\">Cashback hebdomadaire jusqu&rsquo;\u00e0 25 %<\/div>\n<p><img loading=\"lazy\" decoding=\"async\" class=\"alignnone size-full wp-image-1876\" src=\"https:\/\/therooksbet.net\/wp-content\/uploads\/2026\/03\/welcome-crown-1.png\" alt=\"welcome crown\" width=\"25\" height=\"26\" \/><\/p>\n<\/div>\n<\/div><div class=\"scrollable-content-wrap my-5\"><div class=\"scrollable-content-inner\"><h2>Compte Rooksbet Casino : quels sont les avantages ?<\/h2>\n<p>Notre site web propose plus de 6 000 jeux, mais vous ne pouvez y jouer qu&rsquo;apr\u00e8s vous \u00eatre inscrit. La connexion \u00e0 Rooksbet vous permet \u00e9galement d&rsquo;essayer la plupart de nos machines \u00e0 sous vid\u00e9o en mode d\u00e9mo et de trouver les options qui vous conviennent le mieux sans d\u00e9penser d&rsquo;argent r\u00e9el.<\/p>\n<p>De plus, apr\u00e8s avoir cr\u00e9\u00e9 votre compte Rooks Bet et effectu\u00e9 trois d\u00e9p\u00f4ts, vous recevrez l&rsquo;int\u00e9gralit\u00e9 du bonus de bienvenue. Cette offre est r\u00e9serv\u00e9e aux nouveaux joueurs inscrits. Cependant, si vous d\u00e9cidez de rester et de jouer \u00e0 Rooksbet sur le long terme, vous pourrez profiter de nombreuses autres r\u00e9compenses en esp\u00e8ces, de campagnes saisonni\u00e8res ou d&rsquo;avantages sur mesure dans le cadre de notre programme de fid\u00e9lit\u00e9.<\/p>\n<p>Toutes les donn\u00e9es relatives aux jeux sont stock\u00e9es de mani\u00e8re pratique dans votre compte casino personnel apr\u00e8s votre inscription. Cela inclut l&rsquo;utilisation des bonus, les transactions financi\u00e8res, les activit\u00e9s de pari, les sessions de connexion \u00e0 Rooksbet, etc. Vous pouvez facilement consulter ces informations quand vous le souhaitez, que ce soit depuis un ordinateur de bureau ou un appareil mobile.<\/p>\n<h3>S\u00e9curit\u00e9<\/h3>\n<p>Rooksbet Casino est un site web s\u00e9curis\u00e9. Nous respectons la r\u00e9glementation RGPD et mettons en \u0153uvre les technologies de protection des donn\u00e9es les plus avanc\u00e9es pour garantir que vos informations confidentielles restent en s\u00e9curit\u00e9 \u00e0 tout moment.<\/p>\n<p>Voici les principales mesures de s\u00e9curit\u00e9 que nous appliquons :<\/p>\n<table>\n<tbody>\n<tr>\n<td>Mesure<\/td>\n<td>Description<\/td>\n<\/tr>\n<tr>\n<td>IDS<\/td>\n<td>Notre syst\u00e8me de d\u00e9tection d&rsquo;intrusion (IDS) surveille l&rsquo;activit\u00e9 sur le site web et analyse automatiquement le trafic entrant afin d&rsquo;identifier rapidement toute activit\u00e9 suspecte de la part des utilisateurs et tout risque potentiel pour la s\u00e9curit\u00e9.<\/td>\n<\/tr>\n<tr>\n<td>2FA<\/td>\n<td>Chaque joueur a la possibilit\u00e9 d&rsquo;activer l&rsquo;authentification \u00e0 deux facteurs (2FA) dans son compte casino personnel. Cela ajoute une \u00e9tape suppl\u00e9mentaire au processus de connexion \u00e0 Rooksbet en vous demandant de saisir un code unique \u00e0 usage unique chaque fois que vous essayez de vous connecter.<\/td>\n<\/tr>\n<tr>\n<td>TLS<\/td>\n<td>Le protocole TLS (Transport Layer Security) crypte toutes les informations personnelles et les donn\u00e9es financi\u00e8res que vous partagez avec Rooks Bet afin de garantir que personne ne puisse les intercepter ou en faire un usage abusif.<\/td>\n<\/tr>\n<\/tbody>\n<\/table>\n<p><img loading=\"lazy\" decoding=\"async\" class=\"alignnone size-full wp-image-1967\" src=\"https:\/\/therooksbet.net\/wp-content\/uploads\/2026\/03\/Rooksbet-Login-1.webp\" alt=\"Rooksbet Login\" width=\"1248\" height=\"536\" srcset=\"https:\/\/therooksbet.net\/wp-content\/uploads\/2026\/03\/Rooksbet-Login-1.webp 1248w, https:\/\/therooksbet.net\/wp-content\/uploads\/2026\/03\/Rooksbet-Login-1-300x129.webp 300w, https:\/\/therooksbet.net\/wp-content\/uploads\/2026\/03\/Rooksbet-Login-1-1024x440.webp 1024w, https:\/\/therooksbet.net\/wp-content\/uploads\/2026\/03\/Rooksbet-Login-1-768x330.webp 768w\" sizes=\"auto, (max-width: 1248px) 100vw, 1248px\" \/><\/p>\n<h2>Comment cr\u00e9er votre compte de casino ?<\/h2>\n<p>Pour vous inscrire sur Rooksbet Casino, il vous suffit de nous fournir quelques informations personnelles de base et de v\u00e9rifier votre adresse e-mail. L&rsquo;ensemble du processus d&rsquo;inscription se r\u00e9sume \u00e0 ces \u00e9tapes simples :<\/p>\n<ol>\n<li>Cliquez sur le bouton \u00ab S&rsquo;inscrire \u00bb.<\/li>\n<li>Saisissez votre adresse e-mail et votre mot de passe dans le formulaire d&rsquo;inscription.<\/li>\n<li>V\u00e9rifiez que vous avez plus de 18 ans en cochant la case.<\/li>\n<li>Acceptez nos conditions g\u00e9n\u00e9rales.<\/li>\n<li>Appuyez sur un autre bouton pour continuer et remplissez le deuxi\u00e8me formulaire d&rsquo;inscription en indiquant votre nom, votre date de naissance et votre num\u00e9ro de t\u00e9l\u00e9phone (facultatif).<\/li>\n<\/ol>\n<p>N&rsquo;oubliez pas que les jeux d&rsquo;argent sont ill\u00e9gaux pour les mineurs ; vous devez donc \u00eatre majeur pour vous inscrire sur Rooks Bet. De plus, vous devez r\u00e9sider dans un pays o\u00f9 les jeux d&rsquo;argent en ligne sont autoris\u00e9s par la loi.<\/p>\n<p>M\u00eame si nous ne v\u00e9rifions pas ces informations lors de l&rsquo;inscription, nous effectuons une proc\u00e9dure approfondie de v\u00e9rification d&rsquo;identit\u00e9 apr\u00e8s votre premi\u00e8re demande de retrait de fonds. Si vous nous fournissez de fausses informations, nous finirons par suspendre ou r\u00e9silier votre compte et annuler vos gains.<\/p>\n<h2>Processus de connexion \u00e0 Rooksbet<\/h2>\n<p>Notre processus de connexion est simple et intuitif. Il vous suffit de suivre une s\u00e9rie d&rsquo;\u00e9tapes standard pour acc\u00e9der \u00e0 votre compte de casino :<\/p>\n<ol>\n<li>Cliquez sur le bouton de connexion.<\/li>\n<li>Saisissez l&rsquo;adresse e-mail et le mot de passe que vous avez enregistr\u00e9s pr\u00e9c\u00e9demment dans le formulaire de connexion.<\/li>\n<li>Saisissez un code \u00e0 usage unique pour la v\u00e9rification de connexion (si l&rsquo;authentification \u00e0 deux facteurs est activ\u00e9e dans votre profil Rooksbet Casino).<\/li>\n<li>Cliquez une nouvelle fois sur l&rsquo;\u00e9cran pour terminer.<\/li>\n<\/ol>\n<p>Si vous ne parvenez pas \u00e0 vous connecter \u00e0 votre compte Rooks Bet, assurez-vous que la touche Verr Maj est d\u00e9sactiv\u00e9e et que vous utilisez les identifiants corrects. En cas de probl\u00e8mes de connexion r\u00e9p\u00e9t\u00e9s, vous pouvez \u00e9galement r\u00e9initialiser votre mot de passe. Et si cela ne r\u00e9sout pas le probl\u00e8me, n&rsquo;h\u00e9sitez pas \u00e0 contacter notre \u00e9quipe d&rsquo;assistance multilingue via le chat en direct.<\/p>\n<h2>FAQ<\/h2>\n<h3>Puis-je cr\u00e9er plusieurs comptes Rooksbet Casino \u00e0 la fois ?<\/h3>\n<p>Non, vous ne pouvez vous inscrire \u00e0 notre casino qu&rsquo;une seule fois, puis utiliser les m\u00eames identifiants Rooksbet pour acc\u00e9der \u00e0 votre compte depuis un ordinateur ou un appareil mobile. S&rsquo;inscrire plusieurs fois en utilisant de fausses informations est contraire \u00e0 la politique de notre casino et entra\u00eenera une exclusion.<\/p>\n<h3>O\u00f9 puis-je consulter l&rsquo;historique de mes activit\u00e9s de jeu ?<\/h3>\n<p>L&rsquo;interface \u00ab Historique \u00bb de votre compte Rooksbet est l&rsquo;endroit o\u00f9 nous conservons un enregistrement d\u00e9taill\u00e9 de tout ce que vous faites sur notre site web. Vous pouvez y consulter les d\u00e9tails de vos sessions de jeu, de l&rsquo;utilisation de vos bonus et de vos transactions financi\u00e8res par type, statut (c&rsquo;est-\u00e0-dire en cours ou termin\u00e9es) et p\u00e9riode.<\/p>\n<h3>Comment puis-je v\u00e9rifier mon adresse e-mail ?<\/h3>\n<p>Votre profil personnel contient un widget d&rsquo;int\u00e9gration pratique, que vous pouvez utiliser pour v\u00e9rifier votre adresse e-mail et votre num\u00e9ro de t\u00e9l\u00e9phone en un seul clic. Nous vous recommandons de v\u00e9rifier vos coordonn\u00e9es d\u00e8s votre premi\u00e8re connexion \u00e0 Rooksbet afin de permettre \u00e0 notre \u00e9quipe d&rsquo;assistance de vous contacter plus facilement en cas de probl\u00e8me.<\/p>\n<\/div><\/div><\/p>\n","protected":false},"excerpt":{"rendered":"<p>Connexion \u00e0 Rooksbet et cr\u00e9ation de compte La cr\u00e9ation d&rsquo;un compte sur Rooksbet Casino est rapide et simple. Vous n\u2019avez pas \u00e0 vous soumettre \u00e0 un processus de v\u00e9rification d\u2019identit\u00e9 d\u00e9taill\u00e9 \u00e0 ce stade, mais vous pouvez vous inscrire simplement avec une adresse e-mail et un mot de passe fiable. Ensuite, apr\u00e8s un Rooksbet login [&hellip;]<\/p>\n","protected":false},"author":1,"featured_media":0,"parent":0,"menu_order":0,"comment_status":"closed","ping_status":"closed","template":"template-builder.php","meta":{"_acf_changed":false,"inline_featured_image":false,"footnotes":""},"class_list":["post-1482","page","type-page","status-publish","hentry"],"acf":[],"yoast_head":"<!-- This site is optimized with the Yoast SEO plugin v27.3 - https:\/\/yoast.com\/product\/yoast-seo-wordpress\/ -->\n<title>Rooksbet Casino Connexion \u2013 Inscription Rapide et Compte S\u00e9curis\u00e9<\/title>\n<meta name=\"description\" content=\"Rooksbet Casino Connexion \u2013 inscrivez-vous rapidement ou connectez-vous en toute s\u00e9curit\u00e9 \u00e0 votre compte avec un acc\u00e8s crypt\u00e9 et une v\u00e9rification rapide. G\u00e9rez la r\u00e9cup\u00e9ration de mot de passe, les param\u00e8tres de profil et les outils de compte facilement chez Rooks Bet.\" \/>\n<meta name=\"robots\" content=\"index, follow, max-snippet:-1, max-image-preview:large, max-video-preview:-1\" \/>\n<link rel=\"canonical\" href=\"https:\/\/therooksbet.net\/fr\/connexion-et-inscription\/\" \/>\n<meta property=\"og:locale\" content=\"fr_FR\" \/>\n<meta property=\"og:type\" content=\"article\" \/>\n<meta property=\"og:title\" content=\"Rooksbet Casino Connexion \u2013 Inscription Rapide et Compte S\u00e9curis\u00e9\" \/>\n<meta property=\"og:description\" content=\"Rooksbet Casino Connexion \u2013 inscrivez-vous rapidement ou connectez-vous en toute s\u00e9curit\u00e9 \u00e0 votre compte avec un acc\u00e8s crypt\u00e9 et une v\u00e9rification rapide. G\u00e9rez la r\u00e9cup\u00e9ration de mot de passe, les param\u00e8tres de profil et les outils de compte facilement chez Rooks Bet.\" \/>\n<meta property=\"og:url\" content=\"https:\/\/therooksbet.net\/fr\/connexion-et-inscription\/\" \/>\n<meta property=\"og:site_name\" content=\"rooksbet\" \/>\n<meta property=\"article:modified_time\" content=\"2026-03-25T15:50:49+00:00\" \/>\n<meta name=\"twitter:card\" content=\"summary_large_image\" \/>\n<meta name=\"twitter:label1\" content=\"Dur\u00e9e de lecture estim\u00e9e\" \/>\n\t<meta name=\"twitter:data1\" content=\"1 minute\" \/>\n<script type=\"application\/ld+json\" class=\"yoast-schema-graph\">{\"@context\":\"https:\\\/\\\/schema.org\",\"@graph\":[{\"@type\":\"WebPage\",\"@id\":\"https:\\\/\\\/therooksbet.net\\\/fr\\\/connexion-et-inscription\\\/\",\"url\":\"https:\\\/\\\/therooksbet.net\\\/fr\\\/connexion-et-inscription\\\/\",\"name\":\"Rooksbet Casino Connexion \u2013 Inscription Rapide et Compte S\u00e9curis\u00e9\",\"isPartOf\":{\"@id\":\"https:\\\/\\\/therooksbet.net\\\/fr\\\/#website\"},\"datePublished\":\"2026-01-20T12:11:11+00:00\",\"dateModified\":\"2026-03-25T15:50:49+00:00\",\"description\":\"Rooksbet Casino Connexion \u2013 inscrivez-vous rapidement ou connectez-vous en toute s\u00e9curit\u00e9 \u00e0 votre compte avec un acc\u00e8s crypt\u00e9 et une v\u00e9rification rapide. G\u00e9rez la r\u00e9cup\u00e9ration de mot de passe, les param\u00e8tres de profil et les outils de compte facilement chez Rooks Bet.\",\"breadcrumb\":{\"@id\":\"https:\\\/\\\/therooksbet.net\\\/fr\\\/connexion-et-inscription\\\/#breadcrumb\"},\"inLanguage\":\"fr-FR\",\"potentialAction\":[{\"@type\":\"ReadAction\",\"target\":[\"https:\\\/\\\/therooksbet.net\\\/fr\\\/connexion-et-inscription\\\/\"]}]},{\"@type\":\"BreadcrumbList\",\"@id\":\"https:\\\/\\\/therooksbet.net\\\/fr\\\/connexion-et-inscription\\\/#breadcrumb\",\"itemListElement\":[{\"@type\":\"ListItem\",\"position\":1,\"name\":\"Rooksbet\",\"item\":\"https:\\\/\\\/therooksbet.net\\\/fr\\\/\"},{\"@type\":\"ListItem\",\"position\":2,\"name\":\"Connexion et inscription\"}]},{\"@type\":\"WebSite\",\"@id\":\"https:\\\/\\\/therooksbet.net\\\/fr\\\/#website\",\"url\":\"https:\\\/\\\/therooksbet.net\\\/fr\\\/\",\"name\":\"Rooksbet\",\"description\":\"\",\"publisher\":{\"@id\":\"https:\\\/\\\/therooksbet.net\\\/fr\\\/#organization\"},\"potentialAction\":[{\"@type\":\"SearchAction\",\"target\":{\"@type\":\"EntryPoint\",\"urlTemplate\":\"https:\\\/\\\/therooksbet.net\\\/fr\\\/?s={search_term_string}\"},\"query-input\":{\"@type\":\"PropertyValueSpecification\",\"valueRequired\":true,\"valueName\":\"search_term_string\"}}],\"inLanguage\":\"fr-FR\"},{\"@type\":\"Organization\",\"@id\":\"https:\\\/\\\/therooksbet.net\\\/fr\\\/#organization\",\"name\":\"Rooksbet\",\"url\":\"https:\\\/\\\/therooksbet.net\\\/fr\\\/\",\"logo\":{\"@type\":\"ImageObject\",\"inLanguage\":\"fr-FR\",\"@id\":\"https:\\\/\\\/therooksbet.net\\\/fr\\\/#\\\/schema\\\/logo\\\/image\\\/\",\"url\":\"https:\\\/\\\/therooksbet.net\\\/wp-content\\\/uploads\\\/2026\\\/03\\\/Casino-logo-Desktop.png\",\"contentUrl\":\"https:\\\/\\\/therooksbet.net\\\/wp-content\\\/uploads\\\/2026\\\/03\\\/Casino-logo-Desktop.png\",\"width\":167,\"height\":44,\"caption\":\"Rooksbet\"},\"image\":{\"@id\":\"https:\\\/\\\/therooksbet.net\\\/fr\\\/#\\\/schema\\\/logo\\\/image\\\/\"}}]}<\/script>\n<!-- \/ Yoast SEO plugin. -->","yoast_head_json":{"title":"Rooksbet Casino Connexion \u2013 Inscription Rapide et Compte S\u00e9curis\u00e9","description":"Rooksbet Casino Connexion \u2013 inscrivez-vous rapidement ou connectez-vous en toute s\u00e9curit\u00e9 \u00e0 votre compte avec un acc\u00e8s crypt\u00e9 et une v\u00e9rification rapide. G\u00e9rez la r\u00e9cup\u00e9ration de mot de passe, les param\u00e8tres de profil et les outils de compte facilement chez Rooks Bet.","robots":{"index":"index","follow":"follow","max-snippet":"max-snippet:-1","max-image-preview":"max-image-preview:large","max-video-preview":"max-video-preview:-1"},"canonical":"https:\/\/therooksbet.net\/fr\/connexion-et-inscription\/","og_locale":"fr_FR","og_type":"article","og_title":"Rooksbet Casino Connexion \u2013 Inscription Rapide et Compte S\u00e9curis\u00e9","og_description":"Rooksbet Casino Connexion \u2013 inscrivez-vous rapidement ou connectez-vous en toute s\u00e9curit\u00e9 \u00e0 votre compte avec un acc\u00e8s crypt\u00e9 et une v\u00e9rification rapide. G\u00e9rez la r\u00e9cup\u00e9ration de mot de passe, les param\u00e8tres de profil et les outils de compte facilement chez Rooks Bet.","og_url":"https:\/\/therooksbet.net\/fr\/connexion-et-inscription\/","og_site_name":"rooksbet","article_modified_time":"2026-03-25T15:50:49+00:00","twitter_card":"summary_large_image","twitter_misc":{"Dur\u00e9e de lecture estim\u00e9e":"1 minute"},"schema":{"@context":"https:\/\/schema.org","@graph":[{"@type":"WebPage","@id":"https:\/\/therooksbet.net\/fr\/connexion-et-inscription\/","url":"https:\/\/therooksbet.net\/fr\/connexion-et-inscription\/","name":"Rooksbet Casino Connexion \u2013 Inscription Rapide et Compte S\u00e9curis\u00e9","isPartOf":{"@id":"https:\/\/therooksbet.net\/fr\/#website"},"datePublished":"2026-01-20T12:11:11+00:00","dateModified":"2026-03-25T15:50:49+00:00","description":"Rooksbet Casino Connexion \u2013 inscrivez-vous rapidement ou connectez-vous en toute s\u00e9curit\u00e9 \u00e0 votre compte avec un acc\u00e8s crypt\u00e9 et une v\u00e9rification rapide. G\u00e9rez la r\u00e9cup\u00e9ration de mot de passe, les param\u00e8tres de profil et les outils de compte facilement chez Rooks Bet.","breadcrumb":{"@id":"https:\/\/therooksbet.net\/fr\/connexion-et-inscription\/#breadcrumb"},"inLanguage":"fr-FR","potentialAction":[{"@type":"ReadAction","target":["https:\/\/therooksbet.net\/fr\/connexion-et-inscription\/"]}]},{"@type":"BreadcrumbList","@id":"https:\/\/therooksbet.net\/fr\/connexion-et-inscription\/#breadcrumb","itemListElement":[{"@type":"ListItem","position":1,"name":"Rooksbet","item":"https:\/\/therooksbet.net\/fr\/"},{"@type":"ListItem","position":2,"name":"Connexion et inscription"}]},{"@type":"WebSite","@id":"https:\/\/therooksbet.net\/fr\/#website","url":"https:\/\/therooksbet.net\/fr\/","name":"Rooksbet","description":"","publisher":{"@id":"https:\/\/therooksbet.net\/fr\/#organization"},"potentialAction":[{"@type":"SearchAction","target":{"@type":"EntryPoint","urlTemplate":"https:\/\/therooksbet.net\/fr\/?s={search_term_string}"},"query-input":{"@type":"PropertyValueSpecification","valueRequired":true,"valueName":"search_term_string"}}],"inLanguage":"fr-FR"},{"@type":"Organization","@id":"https:\/\/therooksbet.net\/fr\/#organization","name":"Rooksbet","url":"https:\/\/therooksbet.net\/fr\/","logo":{"@type":"ImageObject","inLanguage":"fr-FR","@id":"https:\/\/therooksbet.net\/fr\/#\/schema\/logo\/image\/","url":"https:\/\/therooksbet.net\/wp-content\/uploads\/2026\/03\/Casino-logo-Desktop.png","contentUrl":"https:\/\/therooksbet.net\/wp-content\/uploads\/2026\/03\/Casino-logo-Desktop.png","width":167,"height":44,"caption":"Rooksbet"},"image":{"@id":"https:\/\/therooksbet.net\/fr\/#\/schema\/logo\/image\/"}}]}},"_links":{"self":[{"href":"https:\/\/therooksbet.net\/fr\/wp-json\/wp\/v2\/pages\/1482","targetHints":{"allow":["GET"]}}],"collection":[{"href":"https:\/\/therooksbet.net\/fr\/wp-json\/wp\/v2\/pages"}],"about":[{"href":"https:\/\/therooksbet.net\/fr\/wp-json\/wp\/v2\/types\/page"}],"author":[{"embeddable":true,"href":"https:\/\/therooksbet.net\/fr\/wp-json\/wp\/v2\/users\/1"}],"replies":[{"embeddable":true,"href":"https:\/\/therooksbet.net\/fr\/wp-json\/wp\/v2\/comments?post=1482"}],"version-history":[{"count":3,"href":"https:\/\/therooksbet.net\/fr\/wp-json\/wp\/v2\/pages\/1482\/revisions"}],"predecessor-version":[{"id":2109,"href":"https:\/\/therooksbet.net\/fr\/wp-json\/wp\/v2\/pages\/1482\/revisions\/2109"}],"wp:attachment":[{"href":"https:\/\/therooksbet.net\/fr\/wp-json\/wp\/v2\/media?parent=1482"}],"curies":[{"name":"wp","href":"https:\/\/api.w.org\/{rel}","templated":true}]}}