{"id":1445,"date":"2026-01-20T12:08:23","date_gmt":"2026-01-20T12:08:23","guid":{"rendered":"https:\/\/bonuskongcasino.com\/app\/"},"modified":"2026-03-25T15:01:16","modified_gmt":"2026-03-25T15:01:16","slug":"applicazione","status":"publish","type":"page","link":"https:\/\/therooksbet.net\/it\/applicazione\/","title":{"rendered":"Applicazione"},"content":{"rendered":"<h1>Piattaforma mobile Rooksbet<\/h1>\n<p>Rooksbet App offre un modo semplice per goderti i tuoi giochi da casin\u00f2 preferiti ovunque ti trovi. \u00c8 compatibile con qualsiasi dispositivo: iOS, Android e persino Windows. Inoltre, gli utenti italiani possono installarla sui propri smartphone o tablet in meno di un minuto e gratuitamente.<\/p>\n<div class=\"banner-wrap\" aria-label=\"Banner\"><img src=\"https:\/\/therooksbet.net\/wp-content\/uploads\/2026\/03\/Banner-Desktop.webp\" class=\"w-100 d-none d-lg-block img-pc main-banner-img\" alt=\"Banner Desktop\" fetchpriority=\"high\" decoding=\"async\"><img src=\"https:\/\/therooksbet.net\/wp-content\/uploads\/2026\/03\/Banner-mobile.webp\" class=\"w-100 d-none d-md-block d-lg-none main-banner-img\" alt=\"Banner mobile\" fetchpriority=\"high\" decoding=\"async\"><img src=\"https:\/\/therooksbet.net\/wp-content\/uploads\/2026\/03\/Banner-mobile.webp\" class=\"w-100 d-md-none\" alt=\"Banner mobile\" fetchpriority=\"high\" decoding=\"async\"><div class=\"banner-description\">\n<div class=\"banner-title\">Bonus di benvenuto<\/div>\n<p class=\"banner-header-title\">1500 \u20ac<\/p>\n<div class=\"banner-header-AdditionalText\">+ 250 Giri gratuiti<\/div>\n<button data-item=\"homepage_banner_link\" class=\"goto m-button m-gradient-border m-button--primary m-button--large banner-button btn-orange\">\n            <div class=\"m-button-content\">\n                <span>Iscriviti ora<\/span>\n                <span><\/span>\n            <\/div>\n        <\/button>\n<\/div>\n<div class=\"WelcomePack\">\n<p><img loading=\"lazy\" decoding=\"async\" class=\"alignnone size-full wp-image-1879\" src=\"https:\/\/therooksbet.net\/wp-content\/uploads\/2026\/03\/welcome-crown-1.png\" alt=\"welcome crown\" width=\"25\" height=\"26\" \/><\/p>\n<div class=\"WelcomePack-Info\">Cashback settimanale fino al 25%<\/div>\n<p><img loading=\"lazy\" decoding=\"async\" class=\"alignnone size-full wp-image-1879\" src=\"https:\/\/therooksbet.net\/wp-content\/uploads\/2026\/03\/welcome-crown-1.png\" alt=\"welcome crown\" width=\"25\" height=\"26\" \/><\/p>\n<\/div>\n<\/div>\n<h2>App del casin\u00f2 Rooksbet: caratteristiche principali<\/h2>\n<p>La nostra soluzione di casin\u00f2 mobile \u00e8 un&#8217;applicazione web progressiva (PWA). In breve, \u00e8 un sito web che funziona e sembra un&#8217;app nativa. Per usarla, basta aggiungere l&#8217;icona di Rooks Bet alla schermata iniziale e accedere all&#8217;account del casin\u00f2 gi\u00e0 creato utilizzando le credenziali registrate in precedenza.<\/p>\n<p>In questo modo, potrai accedere alla nostra lobby del casin\u00f2 con migliaia di slot online e tavoli con croupier dal vivo molto pi\u00f9 velocemente che tramite il browser. Tuttavia, l&#8217;accesso mobile non comprometter\u00e0 la qualit\u00e0 della tua esperienza di gioco: l&#8217;app Rooksbet ha tutte le stesse funzionalit\u00e0 della versione principale del nostro casin\u00f2 e, oltre a ci\u00f2, dispone di notifiche push che ti terranno informato sulle nostre ultime campagne promozionali e sui bonus (ma solo con il tuo permesso).<\/p>\n<table>\n<tbody>\n<tr>\n<td>Funzionalit\u00e0 dell&#8217;app<\/td>\n<td>Scopo + Vantaggi<\/td>\n<\/tr>\n<tr>\n<td>Lobby completa del casin\u00f2<\/td>\n<td>Il nostro catalogo di giochi include 6.000 video slot, giochi crash, tavoli con croupier dal vivo e altre opzioni di gioco a cui puoi accedere sia tramite il web che tramite l&#8217;app Rooks Bet.<\/td>\n<\/tr>\n<tr>\n<td>Profilo personale<\/td>\n<td>Tutte le funzionalit\u00e0 dell&#8217;account del casin\u00f2 sono facilmente accessibili tramite la nostra PWA. Puoi gestire comodamente i tuoi dati personali e le impostazioni di sicurezza, controllare la cronologia delle sessioni, impostare limiti di gioco ed effettuare transazioni finanziarie utilizzando uno smartphone o un tablet.<\/td>\n<\/tr>\n<tr>\n<td>Sicurezza dei dati<\/td>\n<td>Le PWA funzionano tramite il web, il che significa che tutte le misure di sicurezza avanzate che implementiamo sul sito Rooksbet vengono applicate automaticamente anche alla nostra app. I tuoi dati sono protetti grazie ai pi\u00f9 recenti protocolli TLS e a una tecnologia firewall affidabile.<\/td>\n<\/tr>\n<tr>\n<td>Notifiche push<\/td>\n<td>Attiva questa funzione se desideri ricevere tempestivamente informazioni sulle nostre ultime promozioni e offerte limitate.<\/td>\n<\/tr>\n<tr>\n<td>Chat live<\/td>\n<td>Il nostro team di assistenza clienti \u00e8 pronto a rispondere alle tue domande 24 ore su 24, 7 giorni su 7, indipendentemente dal dispositivo che utilizzi per accedere al tuo account Rooksbet Casino.<\/td>\n<\/tr>\n<tr>\n<td>Comandi touch<\/td>\n<td>Il nostro sito web e la nostra app hanno un design adattivo con comandi touch intuitivi per gli utenti mobili.<\/td>\n<\/tr>\n<tr>\n<td>Modalit\u00e0 offline<\/td>\n<td>Le PWA caricano i contenuti da una cache memorizzata localmente, il che ti consente di accedere ad alcune informazioni anche senza una connessione Internet stabile. Ovviamente, non potrai giocare alle slot online in modalit\u00e0 offline, ma potrai comunque controllare la cronologia delle tue attivit\u00e0 di gioco.<\/td>\n<\/tr>\n<\/tbody>\n<\/table>\n<p><div class=\"scrollable-content-wrap my-5\"><div class=\"scrollable-content-inner\"><h2>Come installare la nostra app sul tuo dispositivo mobile<\/h2>\n<p>L&#8217;app Rooksbet \u00e8 compatibile sia con i dispositivi Android che con quelli iOS. Non \u00e8 necessario scaricare alcun file per installarla. Devi semplicemente aggiungere l&#8217;icona del sito web alla tua schermata iniziale. Ecco come fare:<\/p>\n<ol>\n<li>Apri Rooksbet Casino nel browser mobile che preferisci.<\/li>\n<li>Vai al menu delle impostazioni del browser e individua la voce &#8220;Aggiungi alla schermata iniziale&#8221;.<\/li>\n<li>Clicca sul pulsante di installazione nella finestra pop-up per avviare il processo.<\/li>\n<li>Trova l&#8217;icona di Rooks Bet sulla tua schermata iniziale e accedi al tuo account.<\/li>\n<\/ol>\n<p>Una volta installata, la PWA ti far\u00e0 risparmiare tempo nell&#8217;accesso al casin\u00f2 mobile e render\u00e0 l&#8217;intera esperienza di gioco molto pi\u00f9 comoda. Con il suo aiuto, potrai giocare alle nostre slot online ovunque ti trovi e controllare alcuni dati nel tuo profilo personale anche quando sei offline.<\/p>\n<p><img loading=\"lazy\" decoding=\"async\" class=\"alignnone size-full wp-image-1962\" src=\"https:\/\/therooksbet.net\/wp-content\/uploads\/2026\/03\/Rooksbet-iOS-App-1.webp\" alt=\"Rooksbet iOS App\" width=\"1248\" height=\"536\" srcset=\"https:\/\/therooksbet.net\/wp-content\/uploads\/2026\/03\/Rooksbet-iOS-App-1.webp 1248w, https:\/\/therooksbet.net\/wp-content\/uploads\/2026\/03\/Rooksbet-iOS-App-1-300x129.webp 300w, https:\/\/therooksbet.net\/wp-content\/uploads\/2026\/03\/Rooksbet-iOS-App-1-1024x440.webp 1024w, https:\/\/therooksbet.net\/wp-content\/uploads\/2026\/03\/Rooksbet-iOS-App-1-768x330.webp 768w\" sizes=\"auto, (max-width: 1248px) 100vw, 1248px\" \/><\/p>\n<\/div><\/div><div style=\"clear: both\"><\/div><div class=\"d-flex justify-content-center\"><button data-item=\"decouvrez_link\" data-group=\"website_links\" class=\"goto fw-bold rounded-pill btn btn-orange\" aria-label=\"Scarica l&#039;app Rooksbet\" >Scarica l&#039;app Rooksbet<\/button><\/div><div class=\"scrollable-content-wrap my-5\"><div class=\"scrollable-content-inner\"><h2>App del casin\u00f2 mobile per desktop<\/h2>\n<p>Anche se preferisci giocare al casin\u00f2 Rooksbet tramite computer, puoi comunque aggiungere la nostra PWA al desktop per un accesso pi\u00f9 rapido alla nostra lobby e alle altre interfacce. Farlo \u00e8 facile quanto installare l&#8217;app Rooksbet sul tuo telefono:<\/p>\n<ol>\n<li>Vai sul nostro sito ufficiale con qualsiasi browser tu voglia.<\/li>\n<li>Fai clic sull&#8217;icona di installazione nella barra degli indirizzi (ha l&#8217;aspetto di uno schermo di computer con una freccia rivolta verso il basso).<\/li>\n<li>Tocca il pulsante per avviare il processo.<\/li>\n<li>Cerca l&#8217;icona di Rooksbet sul desktop per aprire il tuo conto del casin\u00f2.<\/li>\n<\/ol>\n<p>Il collegamento ti far\u00e0 risparmiare tempo durante la procedura di accesso. \u00c8 particolarmente comodo per gli utenti abituali di Rooks Bet che giocano ai giochi da casin\u00f2 utilizzando pi\u00f9 dispositivi.<\/p>\n<p><img loading=\"lazy\" decoding=\"async\" class=\"alignnone size-full wp-image-1938\" src=\"https:\/\/therooksbet.net\/wp-content\/uploads\/2026\/03\/Rooksbet-Android-App-1.webp\" alt=\"Rooksbet Android App\" width=\"1248\" height=\"536\" srcset=\"https:\/\/therooksbet.net\/wp-content\/uploads\/2026\/03\/Rooksbet-Android-App-1.webp 1248w, https:\/\/therooksbet.net\/wp-content\/uploads\/2026\/03\/Rooksbet-Android-App-1-300x129.webp 300w, https:\/\/therooksbet.net\/wp-content\/uploads\/2026\/03\/Rooksbet-Android-App-1-1024x440.webp 1024w, https:\/\/therooksbet.net\/wp-content\/uploads\/2026\/03\/Rooksbet-Android-App-1-768x330.webp 768w\" sizes=\"auto, (max-width: 1248px) 100vw, 1248px\" \/><\/p>\n<\/div><\/div><div style=\"clear: both\"><\/div><div class=\"d-flex justify-content-center\"><button data-item=\"decouvrez_link\" data-group=\"website_links\" class=\"goto fw-bold rounded-pill btn btn-orange\" aria-label=\"Scarica l&#039;app Rooksbet\" >Scarica l&#039;app Rooksbet<\/button><\/div><div class=\"scrollable-content-wrap my-5\"><div class=\"scrollable-content-inner\"><h2>PWA vs. App native: vantaggi<\/h2>\n<p>A differenza delle app autonome sviluppate specificamente per Android o iOS, una PWA funziona altrettanto bene su tutte le piattaforme. Puoi installare l&#8217;app Rooksbet su un iPhone, un tablet Android e un computer contemporaneamente. Al contrario, la maggior parte delle app specifiche per piattaforma non ti consentir\u00e0 di accedere allo stesso conto del casin\u00f2 da pi\u00f9 dispositivi con sistemi operativi diversi.<\/p>\n<p>Poich\u00e9 non \u00e8 necessario scaricare alcun file per installare la nostra applicazione, essa \u00e8 caratterizzata da un basso ingombro di memoria e non comporta alcun rischio di infettare il dispositivo con malware. E poich\u00e9 la PWA funziona tramite il web, l&#8217;app di Rooksbet Casino viene aggiornata automaticamente ogni volta che introduciamo modifiche alla versione principale del sito. Non \u00e8 necessario ricaricare manualmente alcun file: il processo di aggiornamento viene eseguito in background in modo silenzioso e non \u00e8 richiesto alcun intervento manuale da parte dell&#8217;utente.<\/p>\n<p><img loading=\"lazy\" decoding=\"async\" class=\"alignnone size-full wp-image-1954\" src=\"https:\/\/therooksbet.net\/wp-content\/uploads\/2026\/03\/Rooksbet-Desktop-1.webp\" alt=\"Rooksbet Desktop\" width=\"1248\" height=\"536\" srcset=\"https:\/\/therooksbet.net\/wp-content\/uploads\/2026\/03\/Rooksbet-Desktop-1.webp 1248w, https:\/\/therooksbet.net\/wp-content\/uploads\/2026\/03\/Rooksbet-Desktop-1-300x129.webp 300w, https:\/\/therooksbet.net\/wp-content\/uploads\/2026\/03\/Rooksbet-Desktop-1-1024x440.webp 1024w, https:\/\/therooksbet.net\/wp-content\/uploads\/2026\/03\/Rooksbet-Desktop-1-768x330.webp 768w\" sizes=\"auto, (max-width: 1248px) 100vw, 1248px\" \/><\/p>\n<\/div><\/div><div style=\"clear: both\"><\/div><div class=\"d-flex justify-content-center\"><button data-item=\"decouvrez_link\" data-group=\"website_links\" class=\"goto fw-bold rounded-pill btn btn-orange\" aria-label=\"Scarica l&#039;app Rooksbet\" >Scarica l&#039;app Rooksbet<\/button><\/div><div class=\"scrollable-content-wrap my-5\"><div class=\"scrollable-content-inner\"><h2>Domande frequenti<\/h2>\n<h3>Devo verificare il mio account quando utilizzo la vostra PWA?<\/h3>\n<p>Eseguiamo un processo di verifica dell&#8217;identit\u00e0 dettagliato solo al momento del primo prelievo di fondi da parte degli utenti. Prima di allora, il tuo account pu\u00f2 rimanere non verificato, indipendentemente dal dispositivo che utilizzi per accedere e giocare ai nostri giochi da casin\u00f2.<\/p>\n<h3>L&#8217;app Rooksbet funzioner\u00e0 ancora se la mia connessione Internet si interrompe durante il gioco?<\/h3>\n<p>La PWA funziona bene in modalit\u00e0 offline. Tuttavia, hai sempre bisogno di una connessione Internet stabile per giocare ai giochi da casin\u00f2 su Rooks Bet Casino. Senza di essa, puoi semplicemente controllare i dati caricati in precedenza nel tuo account personale, ad esempio la cronologia delle tue attivit\u00e0 di gioco, le transazioni finanziarie, ecc.<\/p>\n<h3>La PWA funziona senza problemi sui dispositivi pi\u00f9 vecchi?<\/h3>\n<p>L&#8217;app Rooksbet funziona bene su qualsiasi dispositivo, anche su quelli pi\u00f9 vecchi. Funziona bene perch\u00e9 \u00e8 leggera e non presenta problemi di compatibilit\u00e0, a differenza di molte applicazioni specifiche per piattaforma. Tuttavia, anche se i requisiti di RAM sono insignificanti per la nostra PWA, \u00e8 comunque necessario che sul tuo dispositivo ci sia memoria sufficiente per evitare problemi di caricamento.<\/p>\n<\/div><\/div><\/p>\n","protected":false},"excerpt":{"rendered":"<p>Piattaforma mobile Rooksbet Rooksbet App offre un modo semplice per goderti i tuoi giochi da casin\u00f2 preferiti ovunque ti trovi. \u00c8 compatibile con qualsiasi dispositivo: iOS, Android e persino Windows. Inoltre, gli utenti italiani possono installarla sui propri smartphone o tablet in meno di un minuto e gratuitamente. App del casin\u00f2 Rooksbet: caratteristiche principali La [&hellip;]<\/p>\n","protected":false},"author":1,"featured_media":0,"parent":0,"menu_order":0,"comment_status":"closed","ping_status":"closed","template":"template-builder.php","meta":{"_acf_changed":false,"inline_featured_image":false,"footnotes":""},"class_list":["post-1445","page","type-page","status-publish","hentry"],"acf":[],"yoast_head":"<!-- This site is optimized with the Yoast SEO plugin v27.3 - https:\/\/yoast.com\/product\/yoast-seo-wordpress\/ -->\n<title>Rooksbet App | Casino Mobile Android &amp; iOS<\/title>\n<meta name=\"description\" content=\"Rooksbet App \u2013 scarica l&#039;app casino mobile per Android e iOS per giocare a slot, giochi da tavolo e casin\u00f2 dal vivo ovunque. Goditi prestazioni fluide e accesso completo al tuo account con Rooks Bet.\" \/>\n<meta name=\"robots\" content=\"index, follow, max-snippet:-1, max-image-preview:large, max-video-preview:-1\" \/>\n<link rel=\"canonical\" href=\"https:\/\/therooksbet.net\/it\/applicazione\/\" \/>\n<meta property=\"og:locale\" content=\"it_IT\" \/>\n<meta property=\"og:type\" content=\"article\" \/>\n<meta property=\"og:title\" content=\"Rooksbet App | Casino Mobile Android &amp; iOS\" \/>\n<meta property=\"og:description\" content=\"Rooksbet App \u2013 scarica l&#039;app casino mobile per Android e iOS per giocare a slot, giochi da tavolo e casin\u00f2 dal vivo ovunque. Goditi prestazioni fluide e accesso completo al tuo account con Rooks Bet.\" \/>\n<meta property=\"og:url\" content=\"https:\/\/therooksbet.net\/it\/applicazione\/\" \/>\n<meta property=\"og:site_name\" content=\"rooksbet\" \/>\n<meta property=\"article:modified_time\" content=\"2026-03-25T15:01:16+00:00\" \/>\n<meta name=\"twitter:card\" content=\"summary_large_image\" \/>\n<meta name=\"twitter:label1\" content=\"Est. reading time\" \/>\n\t<meta name=\"twitter:data1\" content=\"2 minutes\" \/>\n<script type=\"application\/ld+json\" class=\"yoast-schema-graph\">{\"@context\":\"https:\\\/\\\/schema.org\",\"@graph\":[{\"@type\":\"WebPage\",\"@id\":\"https:\\\/\\\/therooksbet.net\\\/it\\\/applicazione\\\/\",\"url\":\"https:\\\/\\\/therooksbet.net\\\/it\\\/applicazione\\\/\",\"name\":\"Rooksbet App | Casino Mobile Android & iOS\",\"isPartOf\":{\"@id\":\"https:\\\/\\\/therooksbet.net\\\/it\\\/#website\"},\"datePublished\":\"2026-01-20T12:08:23+00:00\",\"dateModified\":\"2026-03-25T15:01:16+00:00\",\"description\":\"Rooksbet App \u2013 scarica l'app casino mobile per Android e iOS per giocare a slot, giochi da tavolo e casin\u00f2 dal vivo ovunque. Goditi prestazioni fluide e accesso completo al tuo account con Rooks Bet.\",\"breadcrumb\":{\"@id\":\"https:\\\/\\\/therooksbet.net\\\/it\\\/applicazione\\\/#breadcrumb\"},\"inLanguage\":\"it-IT\",\"potentialAction\":[{\"@type\":\"ReadAction\",\"target\":[\"https:\\\/\\\/therooksbet.net\\\/it\\\/applicazione\\\/\"]}]},{\"@type\":\"BreadcrumbList\",\"@id\":\"https:\\\/\\\/therooksbet.net\\\/it\\\/applicazione\\\/#breadcrumb\",\"itemListElement\":[{\"@type\":\"ListItem\",\"position\":1,\"name\":\"Rooksbet\",\"item\":\"https:\\\/\\\/therooksbet.net\\\/it\\\/\"},{\"@type\":\"ListItem\",\"position\":2,\"name\":\"Applicazione\"}]},{\"@type\":\"WebSite\",\"@id\":\"https:\\\/\\\/therooksbet.net\\\/it\\\/#website\",\"url\":\"https:\\\/\\\/therooksbet.net\\\/it\\\/\",\"name\":\"Rooksbet\",\"description\":\"\",\"publisher\":{\"@id\":\"https:\\\/\\\/therooksbet.net\\\/it\\\/#organization\"},\"potentialAction\":[{\"@type\":\"SearchAction\",\"target\":{\"@type\":\"EntryPoint\",\"urlTemplate\":\"https:\\\/\\\/therooksbet.net\\\/it\\\/?s={search_term_string}\"},\"query-input\":{\"@type\":\"PropertyValueSpecification\",\"valueRequired\":true,\"valueName\":\"search_term_string\"}}],\"inLanguage\":\"it-IT\"},{\"@type\":\"Organization\",\"@id\":\"https:\\\/\\\/therooksbet.net\\\/it\\\/#organization\",\"name\":\"Rooksbet\",\"url\":\"https:\\\/\\\/therooksbet.net\\\/it\\\/\",\"logo\":{\"@type\":\"ImageObject\",\"inLanguage\":\"it-IT\",\"@id\":\"https:\\\/\\\/therooksbet.net\\\/it\\\/#\\\/schema\\\/logo\\\/image\\\/\",\"url\":\"https:\\\/\\\/therooksbet.net\\\/wp-content\\\/uploads\\\/2026\\\/03\\\/Casino-logo-Desktop.png\",\"contentUrl\":\"https:\\\/\\\/therooksbet.net\\\/wp-content\\\/uploads\\\/2026\\\/03\\\/Casino-logo-Desktop.png\",\"width\":167,\"height\":44,\"caption\":\"Rooksbet\"},\"image\":{\"@id\":\"https:\\\/\\\/therooksbet.net\\\/it\\\/#\\\/schema\\\/logo\\\/image\\\/\"}}]}<\/script>\n<!-- \/ Yoast SEO plugin. -->","yoast_head_json":{"title":"Rooksbet App | Casino Mobile Android & iOS","description":"Rooksbet App \u2013 scarica l'app casino mobile per Android e iOS per giocare a slot, giochi da tavolo e casin\u00f2 dal vivo ovunque. Goditi prestazioni fluide e accesso completo al tuo account con Rooks Bet.","robots":{"index":"index","follow":"follow","max-snippet":"max-snippet:-1","max-image-preview":"max-image-preview:large","max-video-preview":"max-video-preview:-1"},"canonical":"https:\/\/therooksbet.net\/it\/applicazione\/","og_locale":"it_IT","og_type":"article","og_title":"Rooksbet App | Casino Mobile Android & iOS","og_description":"Rooksbet App \u2013 scarica l'app casino mobile per Android e iOS per giocare a slot, giochi da tavolo e casin\u00f2 dal vivo ovunque. Goditi prestazioni fluide e accesso completo al tuo account con Rooks Bet.","og_url":"https:\/\/therooksbet.net\/it\/applicazione\/","og_site_name":"rooksbet","article_modified_time":"2026-03-25T15:01:16+00:00","twitter_card":"summary_large_image","twitter_misc":{"Est. reading time":"2 minutes"},"schema":{"@context":"https:\/\/schema.org","@graph":[{"@type":"WebPage","@id":"https:\/\/therooksbet.net\/it\/applicazione\/","url":"https:\/\/therooksbet.net\/it\/applicazione\/","name":"Rooksbet App | Casino Mobile Android & iOS","isPartOf":{"@id":"https:\/\/therooksbet.net\/it\/#website"},"datePublished":"2026-01-20T12:08:23+00:00","dateModified":"2026-03-25T15:01:16+00:00","description":"Rooksbet App \u2013 scarica l'app casino mobile per Android e iOS per giocare a slot, giochi da tavolo e casin\u00f2 dal vivo ovunque. Goditi prestazioni fluide e accesso completo al tuo account con Rooks Bet.","breadcrumb":{"@id":"https:\/\/therooksbet.net\/it\/applicazione\/#breadcrumb"},"inLanguage":"it-IT","potentialAction":[{"@type":"ReadAction","target":["https:\/\/therooksbet.net\/it\/applicazione\/"]}]},{"@type":"BreadcrumbList","@id":"https:\/\/therooksbet.net\/it\/applicazione\/#breadcrumb","itemListElement":[{"@type":"ListItem","position":1,"name":"Rooksbet","item":"https:\/\/therooksbet.net\/it\/"},{"@type":"ListItem","position":2,"name":"Applicazione"}]},{"@type":"WebSite","@id":"https:\/\/therooksbet.net\/it\/#website","url":"https:\/\/therooksbet.net\/it\/","name":"Rooksbet","description":"","publisher":{"@id":"https:\/\/therooksbet.net\/it\/#organization"},"potentialAction":[{"@type":"SearchAction","target":{"@type":"EntryPoint","urlTemplate":"https:\/\/therooksbet.net\/it\/?s={search_term_string}"},"query-input":{"@type":"PropertyValueSpecification","valueRequired":true,"valueName":"search_term_string"}}],"inLanguage":"it-IT"},{"@type":"Organization","@id":"https:\/\/therooksbet.net\/it\/#organization","name":"Rooksbet","url":"https:\/\/therooksbet.net\/it\/","logo":{"@type":"ImageObject","inLanguage":"it-IT","@id":"https:\/\/therooksbet.net\/it\/#\/schema\/logo\/image\/","url":"https:\/\/therooksbet.net\/wp-content\/uploads\/2026\/03\/Casino-logo-Desktop.png","contentUrl":"https:\/\/therooksbet.net\/wp-content\/uploads\/2026\/03\/Casino-logo-Desktop.png","width":167,"height":44,"caption":"Rooksbet"},"image":{"@id":"https:\/\/therooksbet.net\/it\/#\/schema\/logo\/image\/"}}]}},"_links":{"self":[{"href":"https:\/\/therooksbet.net\/it\/wp-json\/wp\/v2\/pages\/1445","targetHints":{"allow":["GET"]}}],"collection":[{"href":"https:\/\/therooksbet.net\/it\/wp-json\/wp\/v2\/pages"}],"about":[{"href":"https:\/\/therooksbet.net\/it\/wp-json\/wp\/v2\/types\/page"}],"author":[{"embeddable":true,"href":"https:\/\/therooksbet.net\/it\/wp-json\/wp\/v2\/users\/1"}],"replies":[{"embeddable":true,"href":"https:\/\/therooksbet.net\/it\/wp-json\/wp\/v2\/comments?post=1445"}],"version-history":[{"count":4,"href":"https:\/\/therooksbet.net\/it\/wp-json\/wp\/v2\/pages\/1445\/revisions"}],"predecessor-version":[{"id":2083,"href":"https:\/\/therooksbet.net\/it\/wp-json\/wp\/v2\/pages\/1445\/revisions\/2083"}],"wp:attachment":[{"href":"https:\/\/therooksbet.net\/it\/wp-json\/wp\/v2\/media?parent=1445"}],"curies":[{"name":"wp","href":"https:\/\/api.w.org\/{rel}","templated":true}]}}