{"id":1485,"date":"2026-01-20T12:11:11","date_gmt":"2026-01-20T12:11:11","guid":{"rendered":"https:\/\/bonuskongcasino.com\/login-and-registration\/"},"modified":"2026-03-25T15:03:33","modified_gmt":"2026-03-25T15:03:33","slug":"accesso-e-registrazione","status":"publish","type":"page","link":"https:\/\/therooksbet.net\/it\/accesso-e-registrazione\/","title":{"rendered":"Accesso e registrazione"},"content":{"rendered":"<h1>Accesso a Rooksbet e registrazione dell&#8217;account<\/h1>\n<p>Creare un account su Rooksbet Casino \u00e8 veloce e semplice. I giocatori italiani non devono sottoporsi a un dettagliato processo di verifica dell&#8217;identit\u00e0 in questa fase, ma possono registrarsi semplicemente con un indirizzo e-mail e una password sicura. Quindi, dopo un rapido Rooksbet login, potrai accedere a migliaia dei migliori giochi da casin\u00f2, bonus generosi e altre entusiasmanti opportunit\u00e0 di gioco.<\/p>\n<p><div class=\"banner-wrap\" aria-label=\"Banner\"><img src=\"https:\/\/therooksbet.net\/wp-content\/uploads\/2026\/03\/Banner-Desktop.webp\" class=\"w-100 d-none d-lg-block img-pc main-banner-img\" alt=\"Banner Desktop\" fetchpriority=\"high\" decoding=\"async\"><img src=\"https:\/\/therooksbet.net\/wp-content\/uploads\/2026\/03\/Banner-mobile.webp\" class=\"w-100 d-none d-md-block d-lg-none main-banner-img\" alt=\"Banner mobile\" fetchpriority=\"high\" decoding=\"async\"><img src=\"https:\/\/therooksbet.net\/wp-content\/uploads\/2026\/03\/Banner-mobile.webp\" class=\"w-100 d-md-none\" alt=\"Banner mobile\" fetchpriority=\"high\" decoding=\"async\"><div class=\"banner-description\">\n<div class=\"banner-title\">Bonus di benvenuto<\/div>\n<p class=\"banner-header-title\">1500 \u20ac<\/p>\n<div class=\"banner-header-AdditionalText\">+ 250 Giri gratuiti<\/div>\n<button data-item=\"homepage_banner_link\" class=\"goto m-button m-gradient-border m-button--primary m-button--large banner-button btn-orange\">\n            <div class=\"m-button-content\">\n                <span>Iscriviti ora<\/span>\n                <span><\/span>\n            <\/div>\n        <\/button>\n<\/div>\n<div class=\"WelcomePack\">\n<p><img loading=\"lazy\" decoding=\"async\" class=\"alignnone size-full wp-image-1879\" src=\"https:\/\/therooksbet.net\/wp-content\/uploads\/2026\/03\/welcome-crown-1.png\" alt=\"welcome crown\" width=\"25\" height=\"26\" \/><\/p>\n<div class=\"WelcomePack-Info\">Cashback settimanale fino al 25%<\/div>\n<p><img loading=\"lazy\" decoding=\"async\" class=\"alignnone size-full wp-image-1879\" src=\"https:\/\/therooksbet.net\/wp-content\/uploads\/2026\/03\/welcome-crown-1.png\" alt=\"welcome crown\" width=\"25\" height=\"26\" \/><\/p>\n<\/div>\n<\/div><div class=\"scrollable-content-wrap my-5\"><div class=\"scrollable-content-inner\"><h2>Account Rooksbet Casino: quali sono i vantaggi?<\/h2>\n<p>Il nostro sito web offre oltre 6.000 giochi, ma \u00e8 possibile giocarci solo dopo la registrazione. L&#8217;accesso a Rooksbet ti d\u00e0 anche la possibilit\u00e0 di provare la maggior parte delle nostre video slot in modalit\u00e0 demo e trovare le opzioni migliori per te senza spendere denaro reale.<\/p>\n<p>Inoltre, dopo aver creato il tuo account Rooks Bet ed effettuato tre depositi, riceverai l&#8217;intero Bonus di Benvenuto. Questa offerta \u00e8 riservata esclusivamente ai giocatori appena registrati. Tuttavia, se deciderai di restare e giocare su Rooksbet a lungo termine, potrai godere di molti altri premi in denaro, campagne stagionali o vantaggi personalizzati nell&#8217;ambito del nostro programma fedelt\u00e0.<\/p>\n<p>Tutti i dati relativi al gioco d&#8217;azzardo vengono comodamente memorizzati nel tuo account personale del casin\u00f2 dopo la registrazione. Ci\u00f2 include l&#8217;utilizzo dei bonus, le transazioni finanziarie, le attivit\u00e0 di scommessa, le sessioni di accesso a Rooksbet, ecc. Puoi controllare facilmente queste informazioni ogni volta che ne hai bisogno, sia tramite un computer desktop che un dispositivo mobile.<\/p>\n<h3>Questioni di sicurezza<\/h3>\n<p>Rooksbet Casino \u00e8 un sito web sicuro. Rispettiamo le normative GDPR e implementiamo le tecnologie di protezione dei dati pi\u00f9 avanzate per garantire che le tue informazioni riservate rimangano al sicuro in ogni momento.<\/p>\n<p>Ecco le principali misure di sicurezza che applichiamo:<\/p>\n<table>\n<tbody>\n<tr>\n<td>Misura<\/td>\n<td>Descrizione<\/td>\n<\/tr>\n<tr>\n<td>IDS<\/td>\n<td>Il nostro sistema di rilevamento delle intrusioni (IDS) monitora ci\u00f2 che accade sul sito web ed esamina automaticamente il traffico in entrata per identificare tempestivamente qualsiasi attivit\u00e0 sospetta degli utenti e potenziali rischi per la sicurezza.<\/td>\n<\/tr>\n<tr>\n<td>2FA<\/td>\n<td>Ogni giocatore ha la possibilit\u00e0 di attivare l&#8217;autenticazione a due fattori (2FA) nel proprio account personale del casin\u00f2. Questa aggiunge un passaggio in pi\u00f9 alla procedura di accesso a Rooksbet, richiedendo l&#8217;inserimento di un codice unico monouso ogni volta che si tenta di effettuare l&#8217;accesso.<\/td>\n<\/tr>\n<tr>\n<td>TLS<\/td>\n<td>Il protocollo Transport Layer Security (TLS) crittografa tutte le informazioni personali e i dati finanziari che condividi con Rooks Bet per garantire che nessuno li intercetti o ne faccia un uso improprio.<\/td>\n<\/tr>\n<\/tbody>\n<\/table>\n<p><img loading=\"lazy\" decoding=\"async\" class=\"alignnone size-full wp-image-1970\" src=\"https:\/\/therooksbet.net\/wp-content\/uploads\/2026\/03\/Rooksbet-Login-1.webp\" alt=\"Rooksbet Login\" width=\"1248\" height=\"536\" srcset=\"https:\/\/therooksbet.net\/wp-content\/uploads\/2026\/03\/Rooksbet-Login-1.webp 1248w, https:\/\/therooksbet.net\/wp-content\/uploads\/2026\/03\/Rooksbet-Login-1-300x129.webp 300w, https:\/\/therooksbet.net\/wp-content\/uploads\/2026\/03\/Rooksbet-Login-1-1024x440.webp 1024w, https:\/\/therooksbet.net\/wp-content\/uploads\/2026\/03\/Rooksbet-Login-1-768x330.webp 768w\" sizes=\"auto, (max-width: 1248px) 100vw, 1248px\" \/><\/p>\n<h2>Come creare il tuo account al casin\u00f2?<\/h2>\n<p>Per registrarti su Rooksbet Casino, devi fornirci solo alcuni dati personali di base e verificare il tuo indirizzo e-mail. L&#8217;intero processo di registrazione prevede semplicemente questi semplici passaggi:<\/p>\n<ol>\n<li>Clicca sul pulsante &#8220;Registrati&#8221;.<\/li>\n<li>Inserisci la tua email e la password nel modulo di registrazione.<\/li>\n<li>Verifica di avere almeno 18 anni spuntando la casella.<\/li>\n<li>Accetta i nostri Termini e condizioni.<\/li>\n<li>Tocca un altro pulsante per procedere e compila il secondo modulo di registrazione con il tuo nome, la data di nascita e il numero di telefono (facoltativo).<\/li>\n<\/ol>\n<p>Tieni presente che il gioco d&#8217;azzardo minorile \u00e8 illegale, quindi devi essere maggiorenne per registrarti su Rooks Bet. Inoltre, devi essere residente in un paese in cui il gioco d&#8217;azzardo online \u00e8 consentito dalla legge.<\/p>\n<p>Anche se non controlliamo queste informazioni al momento della registrazione, effettuiamo una procedura di verifica dell&#8217;identit\u00e0 approfondita dopo che hai richiesto il prelievo di fondi per la prima volta. Se ci fornisci dati falsi, alla fine sospenderemo o cancelleremo il tuo account e annulleremo le tue vincite.<\/p>\n<h2>Procedura di accesso a Rooksbet<\/h2>\n<p>La nostra procedura di accesso \u00e8 semplice e intuitiva. Devi solo completare una serie di passaggi standard per accedere al tuo account del casin\u00f2:<\/p>\n<ol>\n<li>Premere il pulsante di accesso.<\/li>\n<li>Inserisci l&#8217;indirizzo e-mail e la password registrati in precedenza nel modulo di accesso.<\/li>\n<li>Inserisci un codice monouso per la verifica dell&#8217;accesso (nel caso in cui l&#8217;autenticazione a due fattori sia abilitata nel tuo profilo Rooksbet Casino).<\/li>\n<li>Clicca ancora una volta sullo schermo per completare l&#8217;operazione.<\/li>\n<\/ol>\n<p>Se non riesci ad accedere al tuo account Rooks Bet, assicurati che la funzione Caps Lock sia disattivata e che tu stia utilizzando le credenziali corrette. In caso di ripetuti problemi di accesso, puoi anche reimpostare la tua password. E se ci\u00f2 non dovesse aiutare, non esitare a contattare il nostro team di assistenza multilingue tramite la Live Chat.<\/p>\n<h2>Domande frequenti<\/h2>\n<h3>Posso creare pi\u00f9 account su Rooksbet Casino contemporaneamente?<\/h3>\n<p>No, puoi registrarti al nostro casin\u00f2 solo una volta e poi utilizzare le stesse credenziali di accesso Rooksbet per accedere al tuo account da un computer o da un dispositivo mobile. Registrarsi pi\u00f9 volte utilizzando dati falsi \u00e8 contrario alla politica del nostro casin\u00f2 e comporter\u00e0 un ban.<\/p>\n<h3>Dove posso controllare la cronologia delle mie attivit\u00e0 di gioco?<\/h3>\n<p>L&#8217;interfaccia Cronologia del tuo account Rooksbet \u00e8 il luogo in cui conserviamo una registrazione dettagliata di tutto ci\u00f2 che fai sul nostro sito web. L\u00ec puoi controllare i dettagli delle tue sessioni di gioco, l&#8217;utilizzo dei bonus e le transazioni finanziarie per tipo, stato (ad esempio, in corso o completate) e periodo.<\/p>\n<h3>Come posso verificare il mio indirizzo e-mail?<\/h3>\n<p>Il tuo profilo personale contiene un comodo widget di registrazione, che puoi utilizzare per verificare il tuo indirizzo e-mail e il tuo numero di telefono con un semplice clic. Ti consigliamo di verificare i tuoi dati di contatto subito dopo il primo accesso a Rooksbet, in modo da facilitare il contatto da parte del nostro team di assistenza in caso di problemi.<\/p>\n<\/div><\/div><\/p>\n","protected":false},"excerpt":{"rendered":"<p>Accesso a Rooksbet e registrazione dell&#8217;account Creare un account su Rooksbet Casino \u00e8 veloce e semplice. I giocatori italiani non devono sottoporsi a un dettagliato processo di verifica dell&#8217;identit\u00e0 in questa fase, ma possono registrarsi semplicemente con un indirizzo e-mail e una password sicura. Quindi, dopo un rapido Rooksbet login, potrai accedere a migliaia dei [&hellip;]<\/p>\n","protected":false},"author":1,"featured_media":0,"parent":0,"menu_order":0,"comment_status":"closed","ping_status":"closed","template":"template-builder.php","meta":{"_acf_changed":false,"inline_featured_image":false,"footnotes":""},"class_list":["post-1485","page","type-page","status-publish","hentry"],"acf":[],"yoast_head":"<!-- This site is optimized with the Yoast SEO plugin v27.3 - https:\/\/yoast.com\/product\/yoast-seo-wordpress\/ -->\n<title>Rooksbet Casino Login \u2013 Registrazione Veloce e Account Sicuro<\/title>\n<meta name=\"description\" content=\"Rooksbet Casino Login \u2013 registrati rapidamente o accedi in modo sicuro al tuo account con accesso crittografato e verifica rapida. Gestisci il recupero password, le impostazioni del profilo e gli strumenti dell&#039;account facilmente su Rooks Bet.\" \/>\n<meta name=\"robots\" content=\"index, follow, max-snippet:-1, max-image-preview:large, max-video-preview:-1\" \/>\n<link rel=\"canonical\" href=\"https:\/\/therooksbet.net\/it\/accesso-e-registrazione\/\" \/>\n<meta property=\"og:locale\" content=\"it_IT\" \/>\n<meta property=\"og:type\" content=\"article\" \/>\n<meta property=\"og:title\" content=\"Rooksbet Casino Login \u2013 Registrazione Veloce e Account Sicuro\" \/>\n<meta property=\"og:description\" content=\"Rooksbet Casino Login \u2013 registrati rapidamente o accedi in modo sicuro al tuo account con accesso crittografato e verifica rapida. Gestisci il recupero password, le impostazioni del profilo e gli strumenti dell&#039;account facilmente su Rooks Bet.\" \/>\n<meta property=\"og:url\" content=\"https:\/\/therooksbet.net\/it\/accesso-e-registrazione\/\" \/>\n<meta property=\"og:site_name\" content=\"rooksbet\" \/>\n<meta property=\"article:modified_time\" content=\"2026-03-25T15:03:33+00:00\" \/>\n<meta name=\"twitter:card\" content=\"summary_large_image\" \/>\n<meta name=\"twitter:label1\" content=\"Est. reading time\" \/>\n\t<meta name=\"twitter:data1\" content=\"1 minute\" \/>\n<script type=\"application\/ld+json\" class=\"yoast-schema-graph\">{\"@context\":\"https:\\\/\\\/schema.org\",\"@graph\":[{\"@type\":\"WebPage\",\"@id\":\"https:\\\/\\\/therooksbet.net\\\/it\\\/accesso-e-registrazione\\\/\",\"url\":\"https:\\\/\\\/therooksbet.net\\\/it\\\/accesso-e-registrazione\\\/\",\"name\":\"Rooksbet Casino Login \u2013 Registrazione Veloce e Account Sicuro\",\"isPartOf\":{\"@id\":\"https:\\\/\\\/therooksbet.net\\\/it\\\/#website\"},\"datePublished\":\"2026-01-20T12:11:11+00:00\",\"dateModified\":\"2026-03-25T15:03:33+00:00\",\"description\":\"Rooksbet Casino Login \u2013 registrati rapidamente o accedi in modo sicuro al tuo account con accesso crittografato e verifica rapida. Gestisci il recupero password, le impostazioni del profilo e gli strumenti dell'account facilmente su Rooks Bet.\",\"breadcrumb\":{\"@id\":\"https:\\\/\\\/therooksbet.net\\\/it\\\/accesso-e-registrazione\\\/#breadcrumb\"},\"inLanguage\":\"it-IT\",\"potentialAction\":[{\"@type\":\"ReadAction\",\"target\":[\"https:\\\/\\\/therooksbet.net\\\/it\\\/accesso-e-registrazione\\\/\"]}]},{\"@type\":\"BreadcrumbList\",\"@id\":\"https:\\\/\\\/therooksbet.net\\\/it\\\/accesso-e-registrazione\\\/#breadcrumb\",\"itemListElement\":[{\"@type\":\"ListItem\",\"position\":1,\"name\":\"Rooksbet\",\"item\":\"https:\\\/\\\/therooksbet.net\\\/it\\\/\"},{\"@type\":\"ListItem\",\"position\":2,\"name\":\"Accesso e registrazione\"}]},{\"@type\":\"WebSite\",\"@id\":\"https:\\\/\\\/therooksbet.net\\\/it\\\/#website\",\"url\":\"https:\\\/\\\/therooksbet.net\\\/it\\\/\",\"name\":\"Rooksbet\",\"description\":\"\",\"publisher\":{\"@id\":\"https:\\\/\\\/therooksbet.net\\\/it\\\/#organization\"},\"potentialAction\":[{\"@type\":\"SearchAction\",\"target\":{\"@type\":\"EntryPoint\",\"urlTemplate\":\"https:\\\/\\\/therooksbet.net\\\/it\\\/?s={search_term_string}\"},\"query-input\":{\"@type\":\"PropertyValueSpecification\",\"valueRequired\":true,\"valueName\":\"search_term_string\"}}],\"inLanguage\":\"it-IT\"},{\"@type\":\"Organization\",\"@id\":\"https:\\\/\\\/therooksbet.net\\\/it\\\/#organization\",\"name\":\"Rooksbet\",\"url\":\"https:\\\/\\\/therooksbet.net\\\/it\\\/\",\"logo\":{\"@type\":\"ImageObject\",\"inLanguage\":\"it-IT\",\"@id\":\"https:\\\/\\\/therooksbet.net\\\/it\\\/#\\\/schema\\\/logo\\\/image\\\/\",\"url\":\"https:\\\/\\\/therooksbet.net\\\/wp-content\\\/uploads\\\/2026\\\/03\\\/Casino-logo-Desktop.png\",\"contentUrl\":\"https:\\\/\\\/therooksbet.net\\\/wp-content\\\/uploads\\\/2026\\\/03\\\/Casino-logo-Desktop.png\",\"width\":167,\"height\":44,\"caption\":\"Rooksbet\"},\"image\":{\"@id\":\"https:\\\/\\\/therooksbet.net\\\/it\\\/#\\\/schema\\\/logo\\\/image\\\/\"}}]}<\/script>\n<!-- \/ Yoast SEO plugin. -->","yoast_head_json":{"title":"Rooksbet Casino Login \u2013 Registrazione Veloce e Account Sicuro","description":"Rooksbet Casino Login \u2013 registrati rapidamente o accedi in modo sicuro al tuo account con accesso crittografato e verifica rapida. Gestisci il recupero password, le impostazioni del profilo e gli strumenti dell'account facilmente su Rooks Bet.","robots":{"index":"index","follow":"follow","max-snippet":"max-snippet:-1","max-image-preview":"max-image-preview:large","max-video-preview":"max-video-preview:-1"},"canonical":"https:\/\/therooksbet.net\/it\/accesso-e-registrazione\/","og_locale":"it_IT","og_type":"article","og_title":"Rooksbet Casino Login \u2013 Registrazione Veloce e Account Sicuro","og_description":"Rooksbet Casino Login \u2013 registrati rapidamente o accedi in modo sicuro al tuo account con accesso crittografato e verifica rapida. Gestisci il recupero password, le impostazioni del profilo e gli strumenti dell'account facilmente su Rooks Bet.","og_url":"https:\/\/therooksbet.net\/it\/accesso-e-registrazione\/","og_site_name":"rooksbet","article_modified_time":"2026-03-25T15:03:33+00:00","twitter_card":"summary_large_image","twitter_misc":{"Est. reading time":"1 minute"},"schema":{"@context":"https:\/\/schema.org","@graph":[{"@type":"WebPage","@id":"https:\/\/therooksbet.net\/it\/accesso-e-registrazione\/","url":"https:\/\/therooksbet.net\/it\/accesso-e-registrazione\/","name":"Rooksbet Casino Login \u2013 Registrazione Veloce e Account Sicuro","isPartOf":{"@id":"https:\/\/therooksbet.net\/it\/#website"},"datePublished":"2026-01-20T12:11:11+00:00","dateModified":"2026-03-25T15:03:33+00:00","description":"Rooksbet Casino Login \u2013 registrati rapidamente o accedi in modo sicuro al tuo account con accesso crittografato e verifica rapida. Gestisci il recupero password, le impostazioni del profilo e gli strumenti dell'account facilmente su Rooks Bet.","breadcrumb":{"@id":"https:\/\/therooksbet.net\/it\/accesso-e-registrazione\/#breadcrumb"},"inLanguage":"it-IT","potentialAction":[{"@type":"ReadAction","target":["https:\/\/therooksbet.net\/it\/accesso-e-registrazione\/"]}]},{"@type":"BreadcrumbList","@id":"https:\/\/therooksbet.net\/it\/accesso-e-registrazione\/#breadcrumb","itemListElement":[{"@type":"ListItem","position":1,"name":"Rooksbet","item":"https:\/\/therooksbet.net\/it\/"},{"@type":"ListItem","position":2,"name":"Accesso e registrazione"}]},{"@type":"WebSite","@id":"https:\/\/therooksbet.net\/it\/#website","url":"https:\/\/therooksbet.net\/it\/","name":"Rooksbet","description":"","publisher":{"@id":"https:\/\/therooksbet.net\/it\/#organization"},"potentialAction":[{"@type":"SearchAction","target":{"@type":"EntryPoint","urlTemplate":"https:\/\/therooksbet.net\/it\/?s={search_term_string}"},"query-input":{"@type":"PropertyValueSpecification","valueRequired":true,"valueName":"search_term_string"}}],"inLanguage":"it-IT"},{"@type":"Organization","@id":"https:\/\/therooksbet.net\/it\/#organization","name":"Rooksbet","url":"https:\/\/therooksbet.net\/it\/","logo":{"@type":"ImageObject","inLanguage":"it-IT","@id":"https:\/\/therooksbet.net\/it\/#\/schema\/logo\/image\/","url":"https:\/\/therooksbet.net\/wp-content\/uploads\/2026\/03\/Casino-logo-Desktop.png","contentUrl":"https:\/\/therooksbet.net\/wp-content\/uploads\/2026\/03\/Casino-logo-Desktop.png","width":167,"height":44,"caption":"Rooksbet"},"image":{"@id":"https:\/\/therooksbet.net\/it\/#\/schema\/logo\/image\/"}}]}},"_links":{"self":[{"href":"https:\/\/therooksbet.net\/it\/wp-json\/wp\/v2\/pages\/1485","targetHints":{"allow":["GET"]}}],"collection":[{"href":"https:\/\/therooksbet.net\/it\/wp-json\/wp\/v2\/pages"}],"about":[{"href":"https:\/\/therooksbet.net\/it\/wp-json\/wp\/v2\/types\/page"}],"author":[{"embeddable":true,"href":"https:\/\/therooksbet.net\/it\/wp-json\/wp\/v2\/users\/1"}],"replies":[{"embeddable":true,"href":"https:\/\/therooksbet.net\/it\/wp-json\/wp\/v2\/comments?post=1485"}],"version-history":[{"count":3,"href":"https:\/\/therooksbet.net\/it\/wp-json\/wp\/v2\/pages\/1485\/revisions"}],"predecessor-version":[{"id":2085,"href":"https:\/\/therooksbet.net\/it\/wp-json\/wp\/v2\/pages\/1485\/revisions\/2085"}],"wp:attachment":[{"href":"https:\/\/therooksbet.net\/it\/wp-json\/wp\/v2\/media?parent=1485"}],"curies":[{"name":"wp","href":"https:\/\/api.w.org\/{rel}","templated":true}]}}