{"id":1481,"date":"2026-01-20T12:11:11","date_gmt":"2026-01-20T12:11:11","guid":{"rendered":"https:\/\/bonuskongcasino.com\/login-and-registration\/"},"modified":"2026-03-25T16:02:40","modified_gmt":"2026-03-25T16:02:40","slug":"inloggen-en-registreren","status":"publish","type":"page","link":"https:\/\/therooksbet.net\/nl\/inloggen-en-registreren\/","title":{"rendered":"Inloggen en registreren"},"content":{"rendered":"<h1>Rooksbet login en accountregistratie<\/h1>\n<p>Het aanmaken van een account bij Rooksbet Casino is snel en eenvoudig. Nederlandse spelers hoeven op dit moment geen uitgebreid identiteitsverificatieproces te doorlopen, maar kunnen zich aanmelden met alleen een e-mailadres en een betrouwbaar wachtwoord. Na een snelle Rooksbet login krijgt u toegang tot duizenden van de beste casinospellen, royale bonussen en andere spannende gokmogelijkheden.<\/p>\n<p><div class=\"banner-wrap\" aria-label=\"Banner\"><img src=\"https:\/\/therooksbet.net\/wp-content\/uploads\/2026\/03\/Banner-Desktop.webp\" class=\"w-100 d-none d-lg-block img-pc main-banner-img\" alt=\"Banner Desktop\" fetchpriority=\"high\" decoding=\"async\"><img src=\"https:\/\/therooksbet.net\/wp-content\/uploads\/2026\/03\/Banner-mobile.webp\" class=\"w-100 d-none d-md-block d-lg-none main-banner-img\" alt=\"Banner mobile\" fetchpriority=\"high\" decoding=\"async\"><img src=\"https:\/\/therooksbet.net\/wp-content\/uploads\/2026\/03\/Banner-mobile.webp\" class=\"w-100 d-md-none\" alt=\"Banner mobile\" fetchpriority=\"high\" decoding=\"async\"><div class=\"banner-description\">\n<div class=\"banner-title\">Welkomstbonussen<\/div>\n<p class=\"banner-header-title\">1500 \u20ac<\/p>\n<div class=\"banner-header-AdditionalText\">+ 250 Gratis Spins<\/div>\n<button data-item=\"homepage_banner_link\" class=\"goto m-button m-gradient-border m-button--primary m-button--large banner-button btn-orange\">\n            <div class=\"m-button-content\">\n                <span>Meld je nu aan<\/span>\n                <span><\/span>\n            <\/div>\n        <\/button>\n<\/div>\n<div class=\"WelcomePack\">\n<p><img loading=\"lazy\" decoding=\"async\" class=\"alignnone size-full wp-image-1875\" src=\"https:\/\/therooksbet.net\/wp-content\/uploads\/2026\/03\/welcome-crown-1.png\" alt=\"welcome crown\" width=\"25\" height=\"26\" \/><\/p>\n<div class=\"WelcomePack-Info\">Wekelijkse cashback tot 25%<\/div>\n<p><img loading=\"lazy\" decoding=\"async\" class=\"alignnone size-full wp-image-1875\" src=\"https:\/\/therooksbet.net\/wp-content\/uploads\/2026\/03\/welcome-crown-1.png\" alt=\"welcome crown\" width=\"25\" height=\"26\" \/><\/p>\n<\/div>\n<\/div><div class=\"scrollable-content-wrap my-5\"><div class=\"scrollable-content-inner\"><h2>Rooksbet Casino account: wat zijn de voordelen?<\/h2>\n<p>Onze website biedt meer dan 6.000 spellen, maar je kunt ze pas spelen na registratie. De Rooksbet login geeft je ook de kans om de meeste van onze videoslots in demomodus uit te proberen en de beste opties voor jezelf te vinden zonder echt geld uit te geven.<\/p>\n<p>Bovendien ontvangt u, nadat u uw Rooks Bet account heeft aangemaakt en drie keer geld heeft gestort, de volledige welkomstbonus. Deze aanbieding is uitsluitend bedoeld voor nieuw aangemelde spelers. Als u echter besluit om bij Rooksbet te blijven en er op lange termijn te gokken, kunt u genieten van vele andere geldbeloningen, seizoenscampagnes of op maat gemaakte voordelen als onderdeel van ons loyaliteitsprogramma.<\/p>\n<p>Alle gokgerelateerde gegevens worden na registratie handig opgeslagen in je persoonlijke casino-account. Dit omvat bonusgebruik, financi\u00eble transacties, gokactiviteiten, Rooksbet-inlogsessies, enz. Je kunt deze informatie gemakkelijk controleren wanneer je maar wilt, via een desktop of een mobiel apparaat.<\/p>\n<h3>Veiligheid<\/h3>\n<p>Rooksbet Casino is een veilige website. We voldoen aan de AVG-regelgeving en implementeren de meest geavanceerde technologie\u00ebn voor gegevensbescherming om ervoor te zorgen dat uw vertrouwelijke informatie te allen tijde veilig blijft.<\/p>\n<p>Dit zijn de belangrijkste beveiligingsmaatregelen die wij toepassen:<\/p>\n<table>\n<tbody>\n<tr>\n<td>Maatregel<\/td>\n<td>Beschrijving<\/td>\n<\/tr>\n<tr>\n<td>IDS<\/td>\n<td>Ons Intrusion Detection System (IDS) houdt in de gaten wat er op de website gebeurt en scant het inkomende verkeer automatisch om verdachte gebruikersactiviteiten en mogelijke veiligheidsrisico&#8217;s meteen te herkennen.<\/td>\n<\/tr>\n<tr>\n<td>2FA<\/td>\n<td>Elke speler heeft de mogelijkheid om tweefactorauthenticatie (2FA) in te schakelen in zijn persoonlijke casino-account. Dit voegt een extra stap toe aan het inlogproces bij Rooksbet, doordat je een unieke eenmalige code moet invoeren telkens wanneer je probeert in te loggen.<\/td>\n<\/tr>\n<tr>\n<td>TLS<\/td>\n<td>Het Transport Layer Security (TLS)-protocol versleutelt alle persoonlijke informatie en financi\u00eble gegevens die je met Rooks Bet deelt, om ervoor te zorgen dat niemand deze onderschept of misbruikt.<\/td>\n<\/tr>\n<\/tbody>\n<\/table>\n<p><img loading=\"lazy\" decoding=\"async\" class=\"alignnone size-full wp-image-1966\" src=\"https:\/\/therooksbet.net\/wp-content\/uploads\/2026\/03\/Rooksbet-Login-1.webp\" alt=\"Rooksbet Login\" width=\"1248\" height=\"536\" srcset=\"https:\/\/therooksbet.net\/wp-content\/uploads\/2026\/03\/Rooksbet-Login-1.webp 1248w, https:\/\/therooksbet.net\/wp-content\/uploads\/2026\/03\/Rooksbet-Login-1-300x129.webp 300w, https:\/\/therooksbet.net\/wp-content\/uploads\/2026\/03\/Rooksbet-Login-1-1024x440.webp 1024w, https:\/\/therooksbet.net\/wp-content\/uploads\/2026\/03\/Rooksbet-Login-1-768x330.webp 768w\" sizes=\"auto, (max-width: 1248px) 100vw, 1248px\" \/><\/p>\n<h2>Hoe maak je een casinoaccount aan?<\/h2>\n<p>Om je aan te melden bij Rooksbet Casino hoef je alleen wat basisgegevens in te vullen en je e-mailadres te verifi\u00ebren. Het hele registratieproces bestaat uit deze simpele stappen:<\/p>\n<ol>\n<li>Klik op de knop &#8216;Aanmelden&#8217;.<\/li>\n<li>Vul je e-mailadres en wachtwoord in op het registratieformulier.<\/li>\n<li>Bevestig dat je 18 jaar of ouder bent door het vakje aan te vinken.<\/li>\n<li>Accepteer onze Algemene Voorwaarden.<\/li>\n<li>Tik op een andere knop om door te gaan en vul het tweede aanmeldingsformulier in met je naam, geboortedatum en telefoonnummer (optioneel).<\/li>\n<\/ol>\n<p>Houd er rekening mee dat gokken door minderjarigen illegaal is, dus je moet volwassen zijn om je bij Rooks Bet te registreren. Bovendien moet je inwoner zijn van een land waar online gokken wettelijk is toegestaan.<\/p>\n<p>Hoewel we deze informatie niet controleren bij de aanmelding, voeren we een uitgebreide identiteitsverificatieprocedure uit nadat je voor het eerst een opname van geld hebt aangevraagd. Als je ons valse gegevens verstrekt, zullen we uiteindelijk je account opschorten of annuleren en je winsten ongeldig verklaren.<\/p>\n<h2>Rooksbet inlogproces<\/h2>\n<p>Ons inlogproces is eenvoudig en intu\u00eftief. U hoeft slechts een aantal standaardstappen te doorlopen om toegang te krijgen tot uw casinorekening:<\/p>\n<ol>\n<li>Klik op de inlogknop.<\/li>\n<li>Voer het eerder geregistreerde e-mailadres en wachtwoord in op het inlogformulier.<\/li>\n<li>Voer een eenmalige code in voor inlogverificatie (voor het geval 2FA is ingeschakeld in uw Rooksbet Casino profiel).<\/li>\n<li>Klik nogmaals op het scherm om het proces te voltooien.<\/li>\n<\/ol>\n<p>Als je niet kunt inloggen op je Rooks Bet account, controleer dan of de Caps Lock-functie is uitgeschakeld en of je de juiste inloggegevens gebruikt. Als je herhaaldelijk problemen ondervindt bij het inloggen, kun je ook je wachtwoord resetten. En als dat niet helpt, neem dan gerust contact op met ons meertalige ondersteuningsteam via Live Chat.<\/p>\n<h2>Veelgestelde vragen<\/h2>\n<h3>Kan ik meerdere Rooksbet Casino accounts tegelijk aanmaken?<\/h3>\n<p>Nee, u kunt zich slechts \u00e9\u00e9n keer bij ons casino registreren en vervolgens dezelfde Rooksbet inloggegevens gebruiken om vanaf een computer of een mobiel apparaat in te loggen op uw account. Meerdere keren aanmelden met valse gegevens is in strijd met het beleid van ons casino en leidt tot een ban.<\/p>\n<h3>Waar kan ik de geschiedenis van mijn gokactiviteiten bekijken?<\/h3>\n<p>De Geschiedenis-interface van je Rooksbet account is de plek waar we een gedetailleerd overzicht bijhouden van alles wat je op onze website doet. Daar kun je de details van je goksessies, bonusgebruik en financi\u00eble transacties bekijken op type, status (d.w.z. in behandeling of voltooid) en periode.<\/p>\n<h3>Hoe kan ik mijn e-mailadres verifi\u00ebren?<\/h3>\n<p>Uw persoonlijke profiel bevat een handige onboarding-widget, die u kunt gebruiken om uw e-mailadres en telefoonnummer met slechts \u00e9\u00e9n klik te verifi\u00ebren. We raden u aan uw contactgegevens direct na de eerste Rooksbet login te verifi\u00ebren, zodat ons supportteam u gemakkelijker kan bereiken in geval van problemen.<\/p>\n<\/div><\/div><\/p>\n","protected":false},"excerpt":{"rendered":"<p>Rooksbet login en accountregistratie Het aanmaken van een account bij Rooksbet Casino is snel en eenvoudig. Nederlandse spelers hoeven op dit moment geen uitgebreid identiteitsverificatieproces te doorlopen, maar kunnen zich aanmelden met alleen een e-mailadres en een betrouwbaar wachtwoord. Na een snelle Rooksbet login krijgt u toegang tot duizenden van de beste casinospellen, royale bonussen [&hellip;]<\/p>\n","protected":false},"author":1,"featured_media":0,"parent":0,"menu_order":0,"comment_status":"closed","ping_status":"closed","template":"template-builder.php","meta":{"_acf_changed":false,"inline_featured_image":false,"footnotes":""},"class_list":["post-1481","page","type-page","status-publish","hentry"],"acf":[],"yoast_head":"<!-- This site is optimized with the Yoast SEO plugin v27.3 - https:\/\/yoast.com\/product\/yoast-seo-wordpress\/ -->\n<title>Rooksbet Casino Login \u2013 Snelle Registratie en Veilig Account<\/title>\n<meta name=\"description\" content=\"Rooksbet Casino Login \u2013 registreer snel of log veilig in op je account met versleutelde toegang en snelle verificatie. Beheer wachtwoordherstel, profielinstellingen en accounttools eenvoudig bij Rooks Bet.\" \/>\n<meta name=\"robots\" content=\"index, follow, max-snippet:-1, max-image-preview:large, max-video-preview:-1\" \/>\n<link rel=\"canonical\" href=\"https:\/\/therooksbet.net\/nl\/inloggen-en-registreren\/\" \/>\n<meta property=\"og:locale\" content=\"nl_NL\" \/>\n<meta property=\"og:type\" content=\"article\" \/>\n<meta property=\"og:title\" content=\"Rooksbet Casino Login \u2013 Snelle Registratie en Veilig Account\" \/>\n<meta property=\"og:description\" content=\"Rooksbet Casino Login \u2013 registreer snel of log veilig in op je account met versleutelde toegang en snelle verificatie. Beheer wachtwoordherstel, profielinstellingen en accounttools eenvoudig bij Rooks Bet.\" \/>\n<meta property=\"og:url\" content=\"https:\/\/therooksbet.net\/nl\/inloggen-en-registreren\/\" \/>\n<meta property=\"og:site_name\" content=\"rooksbet\" \/>\n<meta property=\"article:modified_time\" content=\"2026-03-25T16:02:40+00:00\" \/>\n<meta name=\"twitter:card\" content=\"summary_large_image\" \/>\n<meta name=\"twitter:label1\" content=\"Est. reading time\" \/>\n\t<meta name=\"twitter:data1\" content=\"1 minute\" \/>\n<script type=\"application\/ld+json\" class=\"yoast-schema-graph\">{\"@context\":\"https:\\\/\\\/schema.org\",\"@graph\":[{\"@type\":\"WebPage\",\"@id\":\"https:\\\/\\\/therooksbet.net\\\/nl\\\/inloggen-en-registreren\\\/\",\"url\":\"https:\\\/\\\/therooksbet.net\\\/nl\\\/inloggen-en-registreren\\\/\",\"name\":\"Rooksbet Casino Login \u2013 Snelle Registratie en Veilig Account\",\"isPartOf\":{\"@id\":\"https:\\\/\\\/therooksbet.net\\\/nl\\\/#website\"},\"datePublished\":\"2026-01-20T12:11:11+00:00\",\"dateModified\":\"2026-03-25T16:02:40+00:00\",\"description\":\"Rooksbet Casino Login \u2013 registreer snel of log veilig in op je account met versleutelde toegang en snelle verificatie. Beheer wachtwoordherstel, profielinstellingen en accounttools eenvoudig bij Rooks Bet.\",\"breadcrumb\":{\"@id\":\"https:\\\/\\\/therooksbet.net\\\/nl\\\/inloggen-en-registreren\\\/#breadcrumb\"},\"inLanguage\":\"nl-NL\",\"potentialAction\":[{\"@type\":\"ReadAction\",\"target\":[\"https:\\\/\\\/therooksbet.net\\\/nl\\\/inloggen-en-registreren\\\/\"]}]},{\"@type\":\"BreadcrumbList\",\"@id\":\"https:\\\/\\\/therooksbet.net\\\/nl\\\/inloggen-en-registreren\\\/#breadcrumb\",\"itemListElement\":[{\"@type\":\"ListItem\",\"position\":1,\"name\":\"Rooksbet\",\"item\":\"https:\\\/\\\/therooksbet.net\\\/nl\\\/\"},{\"@type\":\"ListItem\",\"position\":2,\"name\":\"Inloggen en registreren\"}]},{\"@type\":\"WebSite\",\"@id\":\"https:\\\/\\\/therooksbet.net\\\/nl\\\/#website\",\"url\":\"https:\\\/\\\/therooksbet.net\\\/nl\\\/\",\"name\":\"Rooksbet\",\"description\":\"\",\"publisher\":{\"@id\":\"https:\\\/\\\/therooksbet.net\\\/nl\\\/#organization\"},\"potentialAction\":[{\"@type\":\"SearchAction\",\"target\":{\"@type\":\"EntryPoint\",\"urlTemplate\":\"https:\\\/\\\/therooksbet.net\\\/nl\\\/?s={search_term_string}\"},\"query-input\":{\"@type\":\"PropertyValueSpecification\",\"valueRequired\":true,\"valueName\":\"search_term_string\"}}],\"inLanguage\":\"nl-NL\"},{\"@type\":\"Organization\",\"@id\":\"https:\\\/\\\/therooksbet.net\\\/nl\\\/#organization\",\"name\":\"Rooksbet\",\"url\":\"https:\\\/\\\/therooksbet.net\\\/nl\\\/\",\"logo\":{\"@type\":\"ImageObject\",\"inLanguage\":\"nl-NL\",\"@id\":\"https:\\\/\\\/therooksbet.net\\\/nl\\\/#\\\/schema\\\/logo\\\/image\\\/\",\"url\":\"https:\\\/\\\/therooksbet.net\\\/wp-content\\\/uploads\\\/2026\\\/03\\\/Casino-logo-Desktop.png\",\"contentUrl\":\"https:\\\/\\\/therooksbet.net\\\/wp-content\\\/uploads\\\/2026\\\/03\\\/Casino-logo-Desktop.png\",\"width\":167,\"height\":44,\"caption\":\"Rooksbet\"},\"image\":{\"@id\":\"https:\\\/\\\/therooksbet.net\\\/nl\\\/#\\\/schema\\\/logo\\\/image\\\/\"}}]}<\/script>\n<!-- \/ Yoast SEO plugin. -->","yoast_head_json":{"title":"Rooksbet Casino Login \u2013 Snelle Registratie en Veilig Account","description":"Rooksbet Casino Login \u2013 registreer snel of log veilig in op je account met versleutelde toegang en snelle verificatie. Beheer wachtwoordherstel, profielinstellingen en accounttools eenvoudig bij Rooks Bet.","robots":{"index":"index","follow":"follow","max-snippet":"max-snippet:-1","max-image-preview":"max-image-preview:large","max-video-preview":"max-video-preview:-1"},"canonical":"https:\/\/therooksbet.net\/nl\/inloggen-en-registreren\/","og_locale":"nl_NL","og_type":"article","og_title":"Rooksbet Casino Login \u2013 Snelle Registratie en Veilig Account","og_description":"Rooksbet Casino Login \u2013 registreer snel of log veilig in op je account met versleutelde toegang en snelle verificatie. Beheer wachtwoordherstel, profielinstellingen en accounttools eenvoudig bij Rooks Bet.","og_url":"https:\/\/therooksbet.net\/nl\/inloggen-en-registreren\/","og_site_name":"rooksbet","article_modified_time":"2026-03-25T16:02:40+00:00","twitter_card":"summary_large_image","twitter_misc":{"Est. reading time":"1 minute"},"schema":{"@context":"https:\/\/schema.org","@graph":[{"@type":"WebPage","@id":"https:\/\/therooksbet.net\/nl\/inloggen-en-registreren\/","url":"https:\/\/therooksbet.net\/nl\/inloggen-en-registreren\/","name":"Rooksbet Casino Login \u2013 Snelle Registratie en Veilig Account","isPartOf":{"@id":"https:\/\/therooksbet.net\/nl\/#website"},"datePublished":"2026-01-20T12:11:11+00:00","dateModified":"2026-03-25T16:02:40+00:00","description":"Rooksbet Casino Login \u2013 registreer snel of log veilig in op je account met versleutelde toegang en snelle verificatie. Beheer wachtwoordherstel, profielinstellingen en accounttools eenvoudig bij Rooks Bet.","breadcrumb":{"@id":"https:\/\/therooksbet.net\/nl\/inloggen-en-registreren\/#breadcrumb"},"inLanguage":"nl-NL","potentialAction":[{"@type":"ReadAction","target":["https:\/\/therooksbet.net\/nl\/inloggen-en-registreren\/"]}]},{"@type":"BreadcrumbList","@id":"https:\/\/therooksbet.net\/nl\/inloggen-en-registreren\/#breadcrumb","itemListElement":[{"@type":"ListItem","position":1,"name":"Rooksbet","item":"https:\/\/therooksbet.net\/nl\/"},{"@type":"ListItem","position":2,"name":"Inloggen en registreren"}]},{"@type":"WebSite","@id":"https:\/\/therooksbet.net\/nl\/#website","url":"https:\/\/therooksbet.net\/nl\/","name":"Rooksbet","description":"","publisher":{"@id":"https:\/\/therooksbet.net\/nl\/#organization"},"potentialAction":[{"@type":"SearchAction","target":{"@type":"EntryPoint","urlTemplate":"https:\/\/therooksbet.net\/nl\/?s={search_term_string}"},"query-input":{"@type":"PropertyValueSpecification","valueRequired":true,"valueName":"search_term_string"}}],"inLanguage":"nl-NL"},{"@type":"Organization","@id":"https:\/\/therooksbet.net\/nl\/#organization","name":"Rooksbet","url":"https:\/\/therooksbet.net\/nl\/","logo":{"@type":"ImageObject","inLanguage":"nl-NL","@id":"https:\/\/therooksbet.net\/nl\/#\/schema\/logo\/image\/","url":"https:\/\/therooksbet.net\/wp-content\/uploads\/2026\/03\/Casino-logo-Desktop.png","contentUrl":"https:\/\/therooksbet.net\/wp-content\/uploads\/2026\/03\/Casino-logo-Desktop.png","width":167,"height":44,"caption":"Rooksbet"},"image":{"@id":"https:\/\/therooksbet.net\/nl\/#\/schema\/logo\/image\/"}}]}},"_links":{"self":[{"href":"https:\/\/therooksbet.net\/nl\/wp-json\/wp\/v2\/pages\/1481","targetHints":{"allow":["GET"]}}],"collection":[{"href":"https:\/\/therooksbet.net\/nl\/wp-json\/wp\/v2\/pages"}],"about":[{"href":"https:\/\/therooksbet.net\/nl\/wp-json\/wp\/v2\/types\/page"}],"author":[{"embeddable":true,"href":"https:\/\/therooksbet.net\/nl\/wp-json\/wp\/v2\/users\/1"}],"replies":[{"embeddable":true,"href":"https:\/\/therooksbet.net\/nl\/wp-json\/wp\/v2\/comments?post=1481"}],"version-history":[{"count":4,"href":"https:\/\/therooksbet.net\/nl\/wp-json\/wp\/v2\/pages\/1481\/revisions"}],"predecessor-version":[{"id":2117,"href":"https:\/\/therooksbet.net\/nl\/wp-json\/wp\/v2\/pages\/1481\/revisions\/2117"}],"wp:attachment":[{"href":"https:\/\/therooksbet.net\/nl\/wp-json\/wp\/v2\/media?parent=1481"}],"curies":[{"name":"wp","href":"https:\/\/api.w.org\/{rel}","templated":true}]}}