{"id":1447,"date":"2026-01-20T12:08:23","date_gmt":"2026-01-20T12:08:23","guid":{"rendered":"https:\/\/bonuskongcasino.com\/app\/"},"modified":"2026-03-25T14:25:25","modified_gmt":"2026-03-25T14:25:25","slug":"aplikacja","status":"publish","type":"page","link":"https:\/\/therooksbet.net\/pl\/aplikacja\/","title":{"rendered":"Aplikacja"},"content":{"rendered":"<h1>Platforma mobilna Rooksbet<\/h1>\n<p>Rooksbet App to \u0142atwy spos\u00f3b na cieszenie si\u0119 ulubionymi grami kasynowymi w podr\u00f3\u017cy. Jest kompatybilna z ka\u017cdym systemem: iOS, Android, a nawet Windows. Poza tym polscy u\u017cytkownicy mog\u0105 zainstalowa\u0107 j\u0105 na swoich smartfonach lub tabletach w mniej ni\u017c minut\u0119 i to za darmo.<\/p>\n<div class=\"banner-wrap\" aria-label=\"Banner\"><img src=\"https:\/\/therooksbet.net\/wp-content\/uploads\/2026\/03\/Banner-Desktop.webp\" class=\"w-100 d-none d-lg-block img-pc main-banner-img\" alt=\"Banner Desktop\" fetchpriority=\"high\" decoding=\"async\"><img src=\"https:\/\/therooksbet.net\/wp-content\/uploads\/2026\/03\/Banner-mobile.webp\" class=\"w-100 d-none d-md-block d-lg-none main-banner-img\" alt=\"Banner mobile\" fetchpriority=\"high\" decoding=\"async\"><img src=\"https:\/\/therooksbet.net\/wp-content\/uploads\/2026\/03\/Banner-mobile.webp\" class=\"w-100 d-md-none\" alt=\"Banner mobile\" fetchpriority=\"high\" decoding=\"async\"><div class=\"banner-description\">\n<div class=\"banner-title\">Bonusy powitalne<\/div>\n<p class=\"banner-header-title\">1500 \u20ac<\/p>\n<div class=\"banner-header-AdditionalText\">+ 250 Darmowe spiny<\/div>\n<button data-item=\"homepage_banner_link\" class=\"goto m-button m-gradient-border m-button--primary m-button--large banner-button btn-orange\">\n            <div class=\"m-button-content\">\n                <span>Zarejestruj si\u0119 teraz<\/span>\n                <span><\/span>\n            <\/div>\n        <\/button>\n<\/div>\n<div class=\"WelcomePack\">\n<p><img loading=\"lazy\" decoding=\"async\" class=\"alignnone size-full wp-image-1880\" src=\"https:\/\/therooksbet.net\/wp-content\/uploads\/2026\/03\/welcome-crown-1.png\" alt=\"welcome crown\" width=\"25\" height=\"26\" \/><\/p>\n<div class=\"WelcomePack-Info\">Cotygodniowy zwrot got\u00f3wki do 25%<\/div>\n<p><img loading=\"lazy\" decoding=\"async\" class=\"alignnone size-full wp-image-1880\" src=\"https:\/\/therooksbet.net\/wp-content\/uploads\/2026\/03\/welcome-crown-1.png\" alt=\"welcome crown\" width=\"25\" height=\"26\" \/><\/p>\n<\/div>\n<\/div>\n<h2>Aplikacja Rooksbet Casino: najwa\u017cniejsze funkcje<\/h2>\n<p>Nasze mobilne kasyno to progresywna aplikacja internetowa (PWA). Kr\u00f3tko m\u00f3wi\u0105c, jest to strona internetowa, kt\u00f3ra dzia\u0142a i wygl\u0105da jak natywna aplikacja. Aby z niej korzysta\u0107, wystarczy doda\u0107 ikon\u0119 Rooks Bet do ekranu g\u0142\u00f3wnego i zalogowa\u0107 si\u0119 na ju\u017c utworzone konto w kasynie, u\u017cywaj\u0105c wcze\u015bniej zarejestrowanych danych logowania.<\/p>\n<p>W ten spos\u00f3b mo\u017cesz uzyska\u0107 dost\u0119p do naszego lobby kasyna z tysi\u0105cami automat\u00f3w online i sto\u0142\u00f3w z krupierami na \u017cywo znacznie szybciej ni\u017c przez przegl\u0105dark\u0119. Jednak dost\u0119p mobilny nie wp\u0142ynie negatywnie na jako\u015b\u0107 Twoich wra\u017ce\u0144 z gry \u2013 aplikacja Rooksbet posiada wszystkie te same funkcje, co g\u0142\u00f3wna wersja naszego kasyna, a ponadto oferuje powiadomienia push, kt\u00f3re b\u0119d\u0105 Ci\u0119 informowa\u0107 o naszych najnowszych kampaniach promocyjnych i bonusach (ale tylko za Twoj\u0105 zgod\u0105).<\/p>\n<table>\n<tbody>\n<tr>\n<td>Funkcje aplikacji<\/td>\n<td>Cel + korzy\u015bci<\/td>\n<\/tr>\n<tr>\n<td>Pe\u0142ne lobby kasyna<\/td>\n<td>Nasz katalog gier obejmuje 6 000 automat\u00f3w wideo, gry typu crash, sto\u0142y z krupierem na \u017cywo oraz inne opcje hazardowe, do kt\u00f3rych mo\u017cna uzyska\u0107 dost\u0119p zar\u00f3wno przez stron\u0119 internetow\u0105, jak i aplikacj\u0119 Rooks Bet.<\/td>\n<\/tr>\n<tr>\n<td>Profil osobisty<\/td>\n<td>Wszystkie funkcje konta kasynowego s\u0105 \u0142atwo dost\u0119pne za po\u015brednictwem naszej aplikacji PWA. Mo\u017cesz wygodnie zarz\u0105dza\u0107 swoimi danymi osobowymi i ustawieniami bezpiecze\u0144stwa, sprawdza\u0107 histori\u0119 sesji, ustawia\u0107 limity hazardowe oraz dokonywa\u0107 transakcji finansowych za pomoc\u0105 smartfona lub tabletu.<\/td>\n<\/tr>\n<tr>\n<td>Bezpiecze\u0144stwo danych<\/td>\n<td>Aplikacje PWA dzia\u0142aj\u0105 w sieci, co oznacza, \u017ce wszystkie zaawansowane \u015brodki bezpiecze\u0144stwa, kt\u00f3re wdra\u017camy na stronie Rooksbet, s\u0105 automatycznie stosowane r\u00f3wnie\u017c w naszej aplikacji. Twoje dane s\u0105 chronione dzi\u0119ki najnowszym protoko\u0142om TLS i niezawodnej technologii zapory sieciowej.<\/td>\n<\/tr>\n<tr>\n<td>Powiadomienia push<\/td>\n<td>W\u0142\u0105cz t\u0119 funkcj\u0119, je\u015bli chcesz na bie\u017c\u0105co otrzymywa\u0107 informacje o naszych najnowszych promocjach i ofertach ograniczonych czasowo.<\/td>\n<\/tr>\n<tr>\n<td>Czat na \u017cywo<\/td>\n<td>Nasz zesp\u00f3\u0142 obs\u0142ugi klienta jest gotowy odpowiedzie\u0107 na Twoje pytania 24 godziny na dob\u0119, 7 dni w tygodniu, niezale\u017cnie od tego, z jakiego urz\u0105dzenia korzystasz, aby zalogowa\u0107 si\u0119 na swoje konto w kasynie Rooksbet.<\/td>\n<\/tr>\n<tr>\n<td>Sterowanie dotykowe<\/td>\n<td>Nasza strona internetowa i aplikacja maj\u0105 responsywny wygl\u0105d z intuicyjnymi kontrolkami dotykowymi dla u\u017cytkownik\u00f3w urz\u0105dze\u0144 mobilnych.<\/td>\n<\/tr>\n<tr>\n<td>Tryb offline<\/td>\n<td>Aplikacje PWA \u0142aduj\u0105 tre\u015bci z lokalnej pami\u0119ci podr\u0119cznej, co pozwala na dost\u0119p do niekt\u00f3rych informacji nawet bez stabilnego po\u0142\u0105czenia internetowego. Oczywi\u015bcie w trybie offline nie b\u0119dziesz m\u00f3g\u0142 gra\u0107 w automaty online, ale nadal mo\u017cesz sprawdzi\u0107 histori\u0119 swoich dzia\u0142a\u0144 hazardowych.<\/td>\n<\/tr>\n<\/tbody>\n<\/table>\n<p><div class=\"scrollable-content-wrap my-5\"><div class=\"scrollable-content-inner\"><h2>Jak zainstalowa\u0107 nasz\u0105 aplikacj\u0119 na urz\u0105dzeniu mobilnym<\/h2>\n<p>Aplikacja Rooksbet jest dost\u0119pna zar\u00f3wno na urz\u0105dzeniach z systemem Android, jak i iOS. Nie ma potrzeby pobierania \u017cadnych plik\u00f3w, aby j\u0105 zainstalowa\u0107. Wystarczy doda\u0107 ikon\u0119 strony internetowej do ekranu g\u0142\u00f3wnego. Oto jak to zrobi\u0107:<\/p>\n<ol>\n<li>Otw\u00f3rz kasyno Rooksbet w preferowanej przegl\u0105darce mobilnej.<\/li>\n<li>Przejd\u017a do menu ustawie\u0144 przegl\u0105darki i znajd\u017a tam opcj\u0119 \u201eDodaj do ekranu g\u0142\u00f3wnego\u201d.<\/li>\n<li>Kliknij przycisk instalacji w wyskakuj\u0105cym okienku, aby rozpocz\u0105\u0107 proces.<\/li>\n<li>Znajd\u017a ikon\u0119 Rooks Bet na ekranie g\u0142\u00f3wnym i zaloguj si\u0119 na swoje konto.<\/li>\n<\/ol>\n<p>Po zainstalowaniu aplikacja PWA pozwoli Ci zaoszcz\u0119dzi\u0107 czas przy wchodzeniu do mobilnego kasyna i sprawi, \u017ce ca\u0142e do\u015bwiadczenie hazardowe b\u0119dzie znacznie wygodniejsze. Dzi\u0119ki niej mo\u017cesz gra\u0107 w nasze automaty online w podr\u00f3\u017cy i sprawdza\u0107 niekt\u00f3re dane w swoim profilu osobistym, nawet gdy jeste\u015b offline.<\/p>\n<p><img loading=\"lazy\" decoding=\"async\" class=\"alignnone size-full wp-image-1963\" src=\"https:\/\/therooksbet.net\/wp-content\/uploads\/2026\/03\/Rooksbet-iOS-App-1.webp\" alt=\"Rooksbet iOS App\" width=\"1248\" height=\"536\" srcset=\"https:\/\/therooksbet.net\/wp-content\/uploads\/2026\/03\/Rooksbet-iOS-App-1.webp 1248w, https:\/\/therooksbet.net\/wp-content\/uploads\/2026\/03\/Rooksbet-iOS-App-1-300x129.webp 300w, https:\/\/therooksbet.net\/wp-content\/uploads\/2026\/03\/Rooksbet-iOS-App-1-1024x440.webp 1024w, https:\/\/therooksbet.net\/wp-content\/uploads\/2026\/03\/Rooksbet-iOS-App-1-768x330.webp 768w\" sizes=\"auto, (max-width: 1248px) 100vw, 1248px\" \/><\/p>\n<\/div><\/div><div style=\"clear: both\"><\/div><div class=\"d-flex justify-content-center\"><button data-item=\"decouvrez_link\" data-group=\"website_links\" class=\"goto fw-bold rounded-pill btn btn-orange\" aria-label=\"Pobierz aplikacj\u0119 Rooksbet\" >Pobierz aplikacj\u0119 Rooksbet<\/button><\/div><div class=\"scrollable-content-wrap my-5\"><div class=\"scrollable-content-inner\"><h2>Aplikacja mobilnego kasyna na komputer<\/h2>\n<p>Nawet je\u015bli wolisz gra\u0107 w kasynie Rooksbet na komputerze, nadal mo\u017cesz doda\u0107 nasz\u0105 aplikacj\u0119 PWA na pulpit, aby uzyska\u0107 szybszy dost\u0119p do naszego lobby i innych interfejs\u00f3w. Jest to tak samo proste, jak zainstalowanie aplikacji Rooksbet na telefonie:<\/p>\n<ol>\n<li>Wejd\u017a na nasz\u0105 oficjaln\u0105 stron\u0119 internetow\u0105 w dowolnej przegl\u0105darce.<\/li>\n<li>Kliknij ikon\u0119 instalacji w pasku adresu (wygl\u0105da jak ekran komputera ze strza\u0142k\u0105 skierowan\u0105 w d\u00f3\u0142).<\/li>\n<li>Naci\u015bnij przycisk, aby rozpocz\u0105\u0107 proces.<\/li>\n<li>Znajd\u017a ikon\u0119 Rooksbet na pulpicie, aby otworzy\u0107 swoje konto w kasynie.<\/li>\n<\/ol>\n<p>Skr\u00f3t pozwoli Ci zaoszcz\u0119dzi\u0107 troch\u0119 czasu podczas logowania. Jest to szczeg\u00f3lnie wygodne dla sta\u0142ych u\u017cytkownik\u00f3w Rooks Bet, kt\u00f3rzy graj\u0105 w gry kasynowe na wielu urz\u0105dzeniach.<\/p>\n<p><img loading=\"lazy\" decoding=\"async\" class=\"alignnone size-full wp-image-1939\" src=\"https:\/\/therooksbet.net\/wp-content\/uploads\/2026\/03\/Rooksbet-Android-App-1.webp\" alt=\"Rooksbet Android App\" width=\"1248\" height=\"536\" srcset=\"https:\/\/therooksbet.net\/wp-content\/uploads\/2026\/03\/Rooksbet-Android-App-1.webp 1248w, https:\/\/therooksbet.net\/wp-content\/uploads\/2026\/03\/Rooksbet-Android-App-1-300x129.webp 300w, https:\/\/therooksbet.net\/wp-content\/uploads\/2026\/03\/Rooksbet-Android-App-1-1024x440.webp 1024w, https:\/\/therooksbet.net\/wp-content\/uploads\/2026\/03\/Rooksbet-Android-App-1-768x330.webp 768w\" sizes=\"auto, (max-width: 1248px) 100vw, 1248px\" \/><\/p>\n<\/div><\/div><div style=\"clear: both\"><\/div><div class=\"d-flex justify-content-center\"><button data-item=\"decouvrez_link\" data-group=\"website_links\" class=\"goto fw-bold rounded-pill btn btn-orange\" aria-label=\"Pobierz aplikacj\u0119 Rooksbet\" >Pobierz aplikacj\u0119 Rooksbet<\/button><\/div><div class=\"scrollable-content-wrap my-5\"><div class=\"scrollable-content-inner\"><h2>PWA a aplikacje natywne: zalety<\/h2>\n<p>W przeciwie\u0144stwie do samodzielnych aplikacji opracowanych specjalnie dla system\u00f3w Android lub iOS, aplikacja PWA dzia\u0142a r\u00f3wnie dobrze na r\u00f3\u017cnych platformach. Aplikacj\u0119 Rooksbet mo\u017cna zainstalowa\u0107 jednocze\u015bnie na iPhonie, tablecie z systemem Android i komputerze. Natomiast wi\u0119kszo\u015b\u0107 aplikacji przeznaczonych dla konkretnych platform nie pozwala na dost\u0119p do tego samego konta w kasynie z wielu urz\u0105dze\u0144 z r\u00f3\u017cnymi systemami operacyjnymi.<\/p>\n<p>Poniewa\u017c nie musisz pobiera\u0107 \u017cadnych plik\u00f3w, aby zainstalowa\u0107 nasz\u0105 aplikacj\u0119, zajmuje ona niewiele miejsca w pami\u0119ci i nie stwarza ryzyka zainfekowania urz\u0105dzenia z\u0142o\u015bliwym oprogramowaniem. A poniewa\u017c PWA dzia\u0142a przez Internet, aplikacja Rooksbet Casino jest aktualizowana automatycznie za ka\u017cdym razem, gdy wprowadzamy zmiany w g\u0142\u00f3wnej wersji strony. Nie ma potrzeby r\u0119cznego ponownego przesy\u0142ania \u017cadnych plik\u00f3w \u2013 proces aktualizacji przebiega w tle i nie wymaga \u017cadnej r\u0119cznej interwencji z Twojej strony.<\/p>\n<p><img loading=\"lazy\" decoding=\"async\" class=\"alignnone size-full wp-image-1955\" src=\"https:\/\/therooksbet.net\/wp-content\/uploads\/2026\/03\/Rooksbet-Desktop-1.webp\" alt=\"Rooksbet Desktop\" width=\"1248\" height=\"536\" srcset=\"https:\/\/therooksbet.net\/wp-content\/uploads\/2026\/03\/Rooksbet-Desktop-1.webp 1248w, https:\/\/therooksbet.net\/wp-content\/uploads\/2026\/03\/Rooksbet-Desktop-1-300x129.webp 300w, https:\/\/therooksbet.net\/wp-content\/uploads\/2026\/03\/Rooksbet-Desktop-1-1024x440.webp 1024w, https:\/\/therooksbet.net\/wp-content\/uploads\/2026\/03\/Rooksbet-Desktop-1-768x330.webp 768w\" sizes=\"auto, (max-width: 1248px) 100vw, 1248px\" \/><\/p>\n<\/div><\/div><div style=\"clear: both\"><\/div><div class=\"d-flex justify-content-center\"><button data-item=\"decouvrez_link\" data-group=\"website_links\" class=\"goto fw-bold rounded-pill btn btn-orange\" aria-label=\"Pobierz aplikacj\u0119 Rooksbet\" >Pobierz aplikacj\u0119 Rooksbet<\/button><\/div><div class=\"scrollable-content-wrap my-5\"><div class=\"scrollable-content-inner\"><h2>FAQ<\/h2>\n<h3>Czy musz\u0119 zweryfikowa\u0107 swoje konto, korzystaj\u0105c z aplikacji PWA?<\/h3>\n<p>Szczeg\u00f3\u0142owy proces weryfikacji to\u017csamo\u015bci przeprowadzamy dopiero przy pierwszej wyp\u0142acie \u015brodk\u00f3w przez u\u017cytkownika. Przedtem Twoje konto mo\u017ce pozosta\u0107 niezweryfikowane, niezale\u017cnie od tego, z jakiego urz\u0105dzenia logujesz si\u0119 i grasz w nasze gry kasynowe.<\/p>\n<h3>Czy aplikacja Rooksbet b\u0119dzie nadal dzia\u0142a\u0107, je\u015bli w trakcie gry nast\u0105pi przerwa w po\u0142\u0105czeniu internetowym?<\/h3>\n<p>Aplikacja PWA dzia\u0142a dobrze w trybie offline. Jednak do grania w gry kasynowe w Rooks Bet Casino zawsze potrzebne jest stabilne po\u0142\u0105czenie internetowe. Bez niego mo\u017cesz po prostu sprawdzi\u0107 wcze\u015bniej za\u0142adowane dane na swoim koncie osobistym, np. histori\u0119 aktywno\u015bci hazardowej, transakcje finansowe itp.<\/p>\n<h3>Czy aplikacja PWA dzia\u0142a p\u0142ynnie na starszych urz\u0105dzeniach?<\/h3>\n<p>Aplikacja Rooksbet dzia\u0142a dobrze na ka\u017cdym urz\u0105dzeniu, nawet na starszych modelach. Dzia\u0142a dobrze, poniewa\u017c jest lekka i nie ma problem\u00f3w z kompatybilno\u015bci\u0105, w przeciwie\u0144stwie do wielu aplikacji przeznaczonych dla konkretnych platform. Jednak mimo \u017ce wymagania dotycz\u0105ce pami\u0119ci RAM s\u0105 niewielkie dla naszej aplikacji PWA, w urz\u0105dzeniu musi by\u0107 wystarczaj\u0105ca ilo\u015b\u0107 pami\u0119ci, aby unikn\u0105\u0107 problem\u00f3w z \u0142adowaniem.<\/p>\n<\/div><\/div><\/p>\n","protected":false},"excerpt":{"rendered":"<p>Platforma mobilna Rooksbet Rooksbet App to \u0142atwy spos\u00f3b na cieszenie si\u0119 ulubionymi grami kasynowymi w podr\u00f3\u017cy. Jest kompatybilna z ka\u017cdym systemem: iOS, Android, a nawet Windows. Poza tym polscy u\u017cytkownicy mog\u0105 zainstalowa\u0107 j\u0105 na swoich smartfonach lub tabletach w mniej ni\u017c minut\u0119 i to za darmo. Aplikacja Rooksbet Casino: najwa\u017cniejsze funkcje Nasze mobilne kasyno to [&hellip;]<\/p>\n","protected":false},"author":1,"featured_media":0,"parent":0,"menu_order":0,"comment_status":"closed","ping_status":"closed","template":"template-builder.php","meta":{"_acf_changed":false,"inline_featured_image":false,"footnotes":""},"class_list":["post-1447","page","type-page","status-publish","hentry"],"acf":[],"yoast_head":"<!-- This site is optimized with the Yoast SEO plugin v27.3 - https:\/\/yoast.com\/product\/yoast-seo-wordpress\/ -->\n<title>Rooksbet App | Android &amp; iOS Mobilne Kasyno<\/title>\n<meta name=\"description\" content=\"Rooksbet App \u2013 pobierz mobiln\u0105 aplikacj\u0119 kasynow\u0105 na Android i iOS, aby gra\u0107 w sloty, gry sto\u0142owe i kasyno na \u017cywo gdziekolwiek jeste\u015b. Ciesz si\u0119 p\u0142ynnym dzia\u0142aniem i pe\u0142nym dost\u0119pem do konta z Rooks Bet.\" \/>\n<meta name=\"robots\" content=\"index, follow, max-snippet:-1, max-image-preview:large, max-video-preview:-1\" \/>\n<link rel=\"canonical\" href=\"https:\/\/therooksbet.net\/pl\/aplikacja\/\" \/>\n<meta property=\"og:locale\" content=\"pl_PL\" \/>\n<meta property=\"og:type\" content=\"article\" \/>\n<meta property=\"og:title\" content=\"Rooksbet App | Android &amp; iOS Mobilne Kasyno\" \/>\n<meta property=\"og:description\" content=\"Rooksbet App \u2013 pobierz mobiln\u0105 aplikacj\u0119 kasynow\u0105 na Android i iOS, aby gra\u0107 w sloty, gry sto\u0142owe i kasyno na \u017cywo gdziekolwiek jeste\u015b. Ciesz si\u0119 p\u0142ynnym dzia\u0142aniem i pe\u0142nym dost\u0119pem do konta z Rooks Bet.\" \/>\n<meta property=\"og:url\" content=\"https:\/\/therooksbet.net\/pl\/aplikacja\/\" \/>\n<meta property=\"og:site_name\" content=\"rooksbet\" \/>\n<meta property=\"article:modified_time\" content=\"2026-03-25T14:25:25+00:00\" \/>\n<meta name=\"twitter:card\" content=\"summary_large_image\" \/>\n<meta name=\"twitter:label1\" content=\"Est. reading time\" \/>\n\t<meta name=\"twitter:data1\" content=\"2 minutes\" \/>\n<script type=\"application\/ld+json\" class=\"yoast-schema-graph\">{\"@context\":\"https:\\\/\\\/schema.org\",\"@graph\":[{\"@type\":\"WebPage\",\"@id\":\"https:\\\/\\\/therooksbet.net\\\/pl\\\/aplikacja\\\/\",\"url\":\"https:\\\/\\\/therooksbet.net\\\/pl\\\/aplikacja\\\/\",\"name\":\"Rooksbet App | Android & iOS Mobilne Kasyno\",\"isPartOf\":{\"@id\":\"https:\\\/\\\/therooksbet.net\\\/pl\\\/#website\"},\"datePublished\":\"2026-01-20T12:08:23+00:00\",\"dateModified\":\"2026-03-25T14:25:25+00:00\",\"description\":\"Rooksbet App \u2013 pobierz mobiln\u0105 aplikacj\u0119 kasynow\u0105 na Android i iOS, aby gra\u0107 w sloty, gry sto\u0142owe i kasyno na \u017cywo gdziekolwiek jeste\u015b. Ciesz si\u0119 p\u0142ynnym dzia\u0142aniem i pe\u0142nym dost\u0119pem do konta z Rooks Bet.\",\"breadcrumb\":{\"@id\":\"https:\\\/\\\/therooksbet.net\\\/pl\\\/aplikacja\\\/#breadcrumb\"},\"inLanguage\":\"pl-PL\",\"potentialAction\":[{\"@type\":\"ReadAction\",\"target\":[\"https:\\\/\\\/therooksbet.net\\\/pl\\\/aplikacja\\\/\"]}]},{\"@type\":\"BreadcrumbList\",\"@id\":\"https:\\\/\\\/therooksbet.net\\\/pl\\\/aplikacja\\\/#breadcrumb\",\"itemListElement\":[{\"@type\":\"ListItem\",\"position\":1,\"name\":\"Rooksbet\",\"item\":\"https:\\\/\\\/therooksbet.net\\\/pl\\\/\"},{\"@type\":\"ListItem\",\"position\":2,\"name\":\"Aplikacja\"}]},{\"@type\":\"WebSite\",\"@id\":\"https:\\\/\\\/therooksbet.net\\\/pl\\\/#website\",\"url\":\"https:\\\/\\\/therooksbet.net\\\/pl\\\/\",\"name\":\"Rooksbet\",\"description\":\"\",\"publisher\":{\"@id\":\"https:\\\/\\\/therooksbet.net\\\/pl\\\/#organization\"},\"potentialAction\":[{\"@type\":\"SearchAction\",\"target\":{\"@type\":\"EntryPoint\",\"urlTemplate\":\"https:\\\/\\\/therooksbet.net\\\/pl\\\/?s={search_term_string}\"},\"query-input\":{\"@type\":\"PropertyValueSpecification\",\"valueRequired\":true,\"valueName\":\"search_term_string\"}}],\"inLanguage\":\"pl-PL\"},{\"@type\":\"Organization\",\"@id\":\"https:\\\/\\\/therooksbet.net\\\/pl\\\/#organization\",\"name\":\"Rooksbet\",\"url\":\"https:\\\/\\\/therooksbet.net\\\/pl\\\/\",\"logo\":{\"@type\":\"ImageObject\",\"inLanguage\":\"pl-PL\",\"@id\":\"https:\\\/\\\/therooksbet.net\\\/pl\\\/#\\\/schema\\\/logo\\\/image\\\/\",\"url\":\"https:\\\/\\\/therooksbet.net\\\/wp-content\\\/uploads\\\/2026\\\/03\\\/Casino-logo-Desktop.png\",\"contentUrl\":\"https:\\\/\\\/therooksbet.net\\\/wp-content\\\/uploads\\\/2026\\\/03\\\/Casino-logo-Desktop.png\",\"width\":167,\"height\":44,\"caption\":\"Rooksbet\"},\"image\":{\"@id\":\"https:\\\/\\\/therooksbet.net\\\/pl\\\/#\\\/schema\\\/logo\\\/image\\\/\"}}]}<\/script>\n<!-- \/ Yoast SEO plugin. -->","yoast_head_json":{"title":"Rooksbet App | Android & iOS Mobilne Kasyno","description":"Rooksbet App \u2013 pobierz mobiln\u0105 aplikacj\u0119 kasynow\u0105 na Android i iOS, aby gra\u0107 w sloty, gry sto\u0142owe i kasyno na \u017cywo gdziekolwiek jeste\u015b. Ciesz si\u0119 p\u0142ynnym dzia\u0142aniem i pe\u0142nym dost\u0119pem do konta z Rooks Bet.","robots":{"index":"index","follow":"follow","max-snippet":"max-snippet:-1","max-image-preview":"max-image-preview:large","max-video-preview":"max-video-preview:-1"},"canonical":"https:\/\/therooksbet.net\/pl\/aplikacja\/","og_locale":"pl_PL","og_type":"article","og_title":"Rooksbet App | Android & iOS Mobilne Kasyno","og_description":"Rooksbet App \u2013 pobierz mobiln\u0105 aplikacj\u0119 kasynow\u0105 na Android i iOS, aby gra\u0107 w sloty, gry sto\u0142owe i kasyno na \u017cywo gdziekolwiek jeste\u015b. Ciesz si\u0119 p\u0142ynnym dzia\u0142aniem i pe\u0142nym dost\u0119pem do konta z Rooks Bet.","og_url":"https:\/\/therooksbet.net\/pl\/aplikacja\/","og_site_name":"rooksbet","article_modified_time":"2026-03-25T14:25:25+00:00","twitter_card":"summary_large_image","twitter_misc":{"Est. reading time":"2 minutes"},"schema":{"@context":"https:\/\/schema.org","@graph":[{"@type":"WebPage","@id":"https:\/\/therooksbet.net\/pl\/aplikacja\/","url":"https:\/\/therooksbet.net\/pl\/aplikacja\/","name":"Rooksbet App | Android & iOS Mobilne Kasyno","isPartOf":{"@id":"https:\/\/therooksbet.net\/pl\/#website"},"datePublished":"2026-01-20T12:08:23+00:00","dateModified":"2026-03-25T14:25:25+00:00","description":"Rooksbet App \u2013 pobierz mobiln\u0105 aplikacj\u0119 kasynow\u0105 na Android i iOS, aby gra\u0107 w sloty, gry sto\u0142owe i kasyno na \u017cywo gdziekolwiek jeste\u015b. Ciesz si\u0119 p\u0142ynnym dzia\u0142aniem i pe\u0142nym dost\u0119pem do konta z Rooks Bet.","breadcrumb":{"@id":"https:\/\/therooksbet.net\/pl\/aplikacja\/#breadcrumb"},"inLanguage":"pl-PL","potentialAction":[{"@type":"ReadAction","target":["https:\/\/therooksbet.net\/pl\/aplikacja\/"]}]},{"@type":"BreadcrumbList","@id":"https:\/\/therooksbet.net\/pl\/aplikacja\/#breadcrumb","itemListElement":[{"@type":"ListItem","position":1,"name":"Rooksbet","item":"https:\/\/therooksbet.net\/pl\/"},{"@type":"ListItem","position":2,"name":"Aplikacja"}]},{"@type":"WebSite","@id":"https:\/\/therooksbet.net\/pl\/#website","url":"https:\/\/therooksbet.net\/pl\/","name":"Rooksbet","description":"","publisher":{"@id":"https:\/\/therooksbet.net\/pl\/#organization"},"potentialAction":[{"@type":"SearchAction","target":{"@type":"EntryPoint","urlTemplate":"https:\/\/therooksbet.net\/pl\/?s={search_term_string}"},"query-input":{"@type":"PropertyValueSpecification","valueRequired":true,"valueName":"search_term_string"}}],"inLanguage":"pl-PL"},{"@type":"Organization","@id":"https:\/\/therooksbet.net\/pl\/#organization","name":"Rooksbet","url":"https:\/\/therooksbet.net\/pl\/","logo":{"@type":"ImageObject","inLanguage":"pl-PL","@id":"https:\/\/therooksbet.net\/pl\/#\/schema\/logo\/image\/","url":"https:\/\/therooksbet.net\/wp-content\/uploads\/2026\/03\/Casino-logo-Desktop.png","contentUrl":"https:\/\/therooksbet.net\/wp-content\/uploads\/2026\/03\/Casino-logo-Desktop.png","width":167,"height":44,"caption":"Rooksbet"},"image":{"@id":"https:\/\/therooksbet.net\/pl\/#\/schema\/logo\/image\/"}}]}},"_links":{"self":[{"href":"https:\/\/therooksbet.net\/pl\/wp-json\/wp\/v2\/pages\/1447","targetHints":{"allow":["GET"]}}],"collection":[{"href":"https:\/\/therooksbet.net\/pl\/wp-json\/wp\/v2\/pages"}],"about":[{"href":"https:\/\/therooksbet.net\/pl\/wp-json\/wp\/v2\/types\/page"}],"author":[{"embeddable":true,"href":"https:\/\/therooksbet.net\/pl\/wp-json\/wp\/v2\/users\/1"}],"replies":[{"embeddable":true,"href":"https:\/\/therooksbet.net\/pl\/wp-json\/wp\/v2\/comments?post=1447"}],"version-history":[{"count":4,"href":"https:\/\/therooksbet.net\/pl\/wp-json\/wp\/v2\/pages\/1447\/revisions"}],"predecessor-version":[{"id":2074,"href":"https:\/\/therooksbet.net\/pl\/wp-json\/wp\/v2\/pages\/1447\/revisions\/2074"}],"wp:attachment":[{"href":"https:\/\/therooksbet.net\/pl\/wp-json\/wp\/v2\/media?parent=1447"}],"curies":[{"name":"wp","href":"https:\/\/api.w.org\/{rel}","templated":true}]}}