{"id":1486,"date":"2026-01-20T12:11:11","date_gmt":"2026-01-20T12:11:11","guid":{"rendered":"https:\/\/bonuskongcasino.com\/login-and-registration\/"},"modified":"2026-03-25T14:27:08","modified_gmt":"2026-03-25T14:27:08","slug":"logowanie-i-rejestracja","status":"publish","type":"page","link":"https:\/\/therooksbet.net\/pl\/logowanie-i-rejestracja\/","title":{"rendered":"Logowanie i rejestracja"},"content":{"rendered":"<h1>Logowanie do Rooksbet i rejestracja konta<\/h1>\n<p>Za\u0142o\u017cenie konta w Rooksbet Casino jest szybkie i proste. Gracze z Polski nie musz\u0105 na tym etapie przechodzi\u0107 szczeg\u00f3\u0142owego procesu weryfikacji to\u017csamo\u015bci, ale mog\u0105 zarejestrowa\u0107 si\u0119, podaj\u0105c jedynie adres e-mail i niezawodne has\u0142o. Gdy dokonasz Rooksbet login, otrzymasz natychmiastowy dost\u0119p do tysi\u0119cy najlepszych gier kasynowych, atrakcyjnych bonus\u00f3w i innych ekscytuj\u0105cych funkcji gry.<\/p>\n<p><div class=\"banner-wrap\" aria-label=\"Banner\"><img src=\"https:\/\/therooksbet.net\/wp-content\/uploads\/2026\/03\/Banner-Desktop.webp\" class=\"w-100 d-none d-lg-block img-pc main-banner-img\" alt=\"Banner Desktop\" fetchpriority=\"high\" decoding=\"async\"><img src=\"https:\/\/therooksbet.net\/wp-content\/uploads\/2026\/03\/Banner-mobile.webp\" class=\"w-100 d-none d-md-block d-lg-none main-banner-img\" alt=\"Banner mobile\" fetchpriority=\"high\" decoding=\"async\"><img src=\"https:\/\/therooksbet.net\/wp-content\/uploads\/2026\/03\/Banner-mobile.webp\" class=\"w-100 d-md-none\" alt=\"Banner mobile\" fetchpriority=\"high\" decoding=\"async\"><div class=\"banner-description\">\n<div class=\"banner-title\">Bonusy powitalne<\/div>\n<p class=\"banner-header-title\">1500 \u20ac<\/p>\n<div class=\"banner-header-AdditionalText\">+ 250 Darmowe spiny<\/div>\n<button data-item=\"homepage_banner_link\" class=\"goto m-button m-gradient-border m-button--primary m-button--large banner-button btn-orange\">\n            <div class=\"m-button-content\">\n                <span>Zarejestruj si\u0119 teraz<\/span>\n                <span><\/span>\n            <\/div>\n        <\/button>\n<\/div>\n<div class=\"WelcomePack\">\n<p><img loading=\"lazy\" decoding=\"async\" class=\"alignnone size-full wp-image-1880\" src=\"https:\/\/therooksbet.net\/wp-content\/uploads\/2026\/03\/welcome-crown-1.png\" alt=\"welcome crown\" width=\"25\" height=\"26\" \/><\/p>\n<div class=\"WelcomePack-Info\">Cotygodniowy zwrot got\u00f3wki do 25%<\/div>\n<p><img loading=\"lazy\" decoding=\"async\" class=\"alignnone size-full wp-image-1880\" src=\"https:\/\/therooksbet.net\/wp-content\/uploads\/2026\/03\/welcome-crown-1.png\" alt=\"welcome crown\" width=\"25\" height=\"26\" \/><\/p>\n<\/div>\n<\/div><div class=\"scrollable-content-wrap my-5\"><div class=\"scrollable-content-inner\"><h2>Konto w Rooksbet Casino: jakie s\u0105 korzy\u015bci?<\/h2>\n<p>Nasza strona oferuje ponad 6 000 gier, ale mo\u017cesz w nie gra\u0107 dopiero po rejestracji. Logowanie do Rooksbet daje Ci r\u00f3wnie\u017c szans\u0119 wypr\u00f3bowania wi\u0119kszo\u015bci naszych automat\u00f3w wideo w trybie demo i znalezienia najlepszych opcji dla siebie bez wydawania prawdziwych pieni\u0119dzy.<\/p>\n<p>Co wi\u0119cej, po utworzeniu konta w Rooks Bet i dokonaniu trzech wp\u0142at otrzymasz pe\u0142ny bonus powitalny. Oferta ta jest przeznaczona wy\u0142\u0105cznie dla nowo zarejestrowanych graczy. Je\u015bli jednak zdecydujesz si\u0119 pozosta\u0107 i gra\u0107 w Rooksbet przez d\u0142u\u017cszy czas, b\u0119dziesz m\u00f3g\u0142 cieszy\u0107 si\u0119 wieloma innymi nagrodami pieni\u0119\u017cnymi, sezonowymi kampaniami lub specjalnymi korzy\u015bciami w ramach naszego programu lojalno\u015bciowego.<\/p>\n<p>Wszystkie dane zwi\u0105zane z hazardem s\u0105 wygodnie przechowywane na Twoim osobistym koncie w kasynie po rejestracji. Obejmuje to wykorzystanie bonus\u00f3w, transakcje finansowe, aktywno\u015b\u0107 zwi\u0105zan\u0105 z zak\u0142adami, sesje logowania do Rooksbet itp. Mo\u017cesz \u0142atwo sprawdzi\u0107 te informacje, kiedy tylko zajdzie taka potrzeba, zar\u00f3wno na komputerze stacjonarnym, jak i na urz\u0105dzeniu mobilnym.<\/p>\n<h3>Kwestie bezpiecze\u0144stwa<\/h3>\n<p>Kasyno Rooksbet jest bezpieczn\u0105 stron\u0105 internetow\u0105. Przestrzegamy przepis\u00f3w RODO i wdra\u017camy najbardziej zaawansowane technologie ochrony danych, aby zapewni\u0107 bezpiecze\u0144stwo Twoich poufnych informacji przez ca\u0142y czas.<\/p>\n<p>Oto g\u0142\u00f3wne \u015brodki bezpiecze\u0144stwa, kt\u00f3re stosujemy:<\/p>\n<table>\n<tbody>\n<tr>\n<td>\u015arodek<\/td>\n<td>Opis<\/td>\n<\/tr>\n<tr>\n<td>IDS<\/td>\n<td>Nasz system wykrywania w\u0142ama\u0144 (IDS) monitoruje aktywno\u015b\u0107 na stronie internetowej i automatycznie analizuje ruch przychodz\u0105cy, aby szybko zidentyfikowa\u0107 wszelkie podejrzane dzia\u0142ania u\u017cytkownik\u00f3w i potencjalne zagro\u017cenia dla bezpiecze\u0144stwa.<\/td>\n<\/tr>\n<tr>\n<td>2FA<\/td>\n<td>Ka\u017cdy gracz ma mo\u017cliwo\u015b\u0107 w\u0142\u0105czenia uwierzytelniania dwusk\u0142adnikowego (2FA) na swoim osobistym koncie w kasynie. Dodaje to dodatkowy krok do procesu logowania w Rooksbet, wymagaj\u0105c wprowadzenia unikalnego kodu jednorazowego przy ka\u017cdej pr\u00f3bie zalogowania si\u0119.<\/td>\n<\/tr>\n<tr>\n<td>TLS<\/td>\n<td>Protok\u00f3\u0142 Transport Layer Security (TLS) szyfruje wszystkie dane osobowe i finansowe, kt\u00f3re udost\u0119pniasz Rooks Bet, aby nikt nie m\u00f3g\u0142 ich przechwyci\u0107 ani wykorzysta\u0107 w niew\u0142a\u015bciwy spos\u00f3b.<\/td>\n<\/tr>\n<\/tbody>\n<\/table>\n<p><img loading=\"lazy\" decoding=\"async\" class=\"alignnone size-full wp-image-1971\" src=\"https:\/\/therooksbet.net\/wp-content\/uploads\/2026\/03\/Rooksbet-Login-1.webp\" alt=\"Rooksbet Login\" width=\"1248\" height=\"536\" srcset=\"https:\/\/therooksbet.net\/wp-content\/uploads\/2026\/03\/Rooksbet-Login-1.webp 1248w, https:\/\/therooksbet.net\/wp-content\/uploads\/2026\/03\/Rooksbet-Login-1-300x129.webp 300w, https:\/\/therooksbet.net\/wp-content\/uploads\/2026\/03\/Rooksbet-Login-1-1024x440.webp 1024w, https:\/\/therooksbet.net\/wp-content\/uploads\/2026\/03\/Rooksbet-Login-1-768x330.webp 768w\" sizes=\"auto, (max-width: 1248px) 100vw, 1248px\" \/><\/p>\n<h2>Jak za\u0142o\u017cy\u0107 konto w kasynie?<\/h2>\n<p>Aby zarejestrowa\u0107 si\u0119 w kasynie Rooksbet, wystarczy poda\u0107 podstawowe dane osobowe i zweryfikowa\u0107 adres e-mail. Ca\u0142y proces rejestracji obejmuje jedynie nast\u0119puj\u0105ce proste kroki:<\/p>\n<ol>\n<li>Kliknij przycisk rejestracji.<\/li>\n<li>Wpisz sw\u00f3j adres e-mail i has\u0142o w formularzu rejestracyjnym.<\/li>\n<li>Zaznacz pole, aby potwierdzi\u0107, \u017ce masz uko\u0144czone 18 lat.<\/li>\n<li>Zaakceptuj nasze Warunki korzystania z serwisu.<\/li>\n<li>Naci\u015bnij kolejny przycisk, aby przej\u015b\u0107 dalej, i wype\u0142nij drugi formularz rejestracyjny, podaj\u0105c swoje imi\u0119 i nazwisko, dat\u0119 urodzenia oraz numer telefonu (opcjonalnie).<\/li>\n<\/ol>\n<p>Pami\u0119taj, \u017ce hazard dla os\u00f3b niepe\u0142noletnich jest nielegalny, wi\u0119c aby zarejestrowa\u0107 si\u0119 w Rooks Bet, musisz by\u0107 osob\u0105 pe\u0142noletni\u0105. Ponadto musisz by\u0107 mieszka\u0144cem kraju, w kt\u00f3rym hazard online jest dozwolony przez prawo.<\/p>\n<p>Mimo \u017ce nie sprawdzamy tych informacji podczas rejestracji, przeprowadzamy szczeg\u00f3\u0142ow\u0105 procedur\u0119 weryfikacji to\u017csamo\u015bci po tym, jak po raz pierwszy poprosisz o wyp\u0142at\u0119 \u015brodk\u00f3w. Je\u015bli podasz nam fa\u0142szywe dane, ostatecznie zawiesimy lub usuniemy Twoje konto i uniewa\u017cnimy Twoje wygrane.<\/p>\n<h2>Proces logowania do Rooksbet<\/h2>\n<p>Nasz proces logowania jest prosty i intuicyjny. Wystarczy wykona\u0107 standardowy zestaw czynno\u015bci, aby zalogowa\u0107 si\u0119 na swoje konto w kasynie:<\/p>\n<ol>\n<li>Naci\u015bnij przycisk logowania.<\/li>\n<li>Wpisz wcze\u015bniej zarejestrowany adres e-mail i has\u0142o w formularzu logowania.<\/li>\n<li>Wprowad\u017a jednorazowy kod do weryfikacji logowania (je\u015bli w Twoim profilu w kasynie Rooksbet w\u0142\u0105czono uwierzytelnianie dwusk\u0142adnikowe).<\/li>\n<li>Kliknij ekran jeszcze raz, aby zako\u0144czy\u0107.<\/li>\n<\/ol>\n<p>Je\u015bli nie mo\u017cesz zalogowa\u0107 si\u0119 na swoje konto w Rooks Bet, upewnij si\u0119, \u017ce funkcja Caps Lock jest wy\u0142\u0105czona i u\u017cywasz prawid\u0142owych danych logowania. W przypadku powtarzaj\u0105cych si\u0119 problem\u00f3w z logowaniem mo\u017cesz r\u00f3wnie\u017c zresetowa\u0107 has\u0142o. A je\u015bli to nie pomo\u017ce, skontaktuj si\u0119 z naszym wieloj\u0119zycznym zespo\u0142em pomocy technicznej za po\u015brednictwem czatu na \u017cywo.<\/p>\n<h2>FAQ<\/h2>\n<h3>Czy mog\u0119 za\u0142o\u017cy\u0107 jednocze\u015bnie wiele kont w Rooksbet Casino?<\/h3>\n<p>Nie, w naszym kasynie mo\u017cesz zarejestrowa\u0107 si\u0119 tylko raz, a nast\u0119pnie u\u017cywa\u0107 tych samych danych logowania do Rooksbet, aby zalogowa\u0107 si\u0119 na swoje konto z komputera lub urz\u0105dzenia mobilnego. Wielokrotna rejestracja przy u\u017cyciu fa\u0142szywych danych jest niezgodna z polityk\u0105 naszego kasyna i spowoduje zablokowanie konta.<\/p>\n<h3>Gdzie mog\u0119 sprawdzi\u0107 histori\u0119 mojej aktywno\u015bci hazardowej?<\/h3>\n<p>W sekcji \u201eHistoria\u201d na Twoim koncie Rooksbet przechowujemy szczeg\u00f3\u0142owy zapis wszystkich Twoich dzia\u0142a\u0144 na naszej stronie. Mo\u017cesz tam sprawdzi\u0107 szczeg\u00f3\u0142y dotycz\u0105ce sesji hazardowych, wykorzystania bonus\u00f3w oraz transakcji finansowych wed\u0142ug typu, statusu (tj. w toku lub zako\u0144czone) oraz okresu.<\/p>\n<h3>Jak mog\u0119 zweryfikowa\u0107 sw\u00f3j adres e-mail?<\/h3>\n<p>Tw\u00f3j profil osobisty zawiera wygodny widget, kt\u00f3rego mo\u017cesz u\u017cy\u0107 do weryfikacji adresu e-mail i numeru telefonu za pomoc\u0105 jednego klikni\u0119cia. Zalecamy weryfikacj\u0119 danych kontaktowych zaraz po pierwszym zalogowaniu si\u0119 do Rooksbet, aby u\u0142atwi\u0107 naszemu zespo\u0142owi wsparcia kontakt z Tob\u0105 w razie problem\u00f3w.<\/p>\n<\/div><\/div><\/p>\n","protected":false},"excerpt":{"rendered":"<p>Logowanie do Rooksbet i rejestracja konta Za\u0142o\u017cenie konta w Rooksbet Casino jest szybkie i proste. Gracze z Polski nie musz\u0105 na tym etapie przechodzi\u0107 szczeg\u00f3\u0142owego procesu weryfikacji to\u017csamo\u015bci, ale mog\u0105 zarejestrowa\u0107 si\u0119, podaj\u0105c jedynie adres e-mail i niezawodne has\u0142o. Gdy dokonasz Rooksbet login, otrzymasz natychmiastowy dost\u0119p do tysi\u0119cy najlepszych gier kasynowych, atrakcyjnych bonus\u00f3w i innych [&hellip;]<\/p>\n","protected":false},"author":1,"featured_media":0,"parent":0,"menu_order":0,"comment_status":"closed","ping_status":"closed","template":"template-builder.php","meta":{"_acf_changed":false,"inline_featured_image":false,"footnotes":""},"class_list":["post-1486","page","type-page","status-publish","hentry"],"acf":[],"yoast_head":"<!-- This site is optimized with the Yoast SEO plugin v27.3 - https:\/\/yoast.com\/product\/yoast-seo-wordpress\/ -->\n<title>Rooksbet Casino Login \u2013 Szybka Rejestracja i Bezpieczne Konto<\/title>\n<meta name=\"description\" content=\"Rooksbet Casino Login \u2013 zarejestruj si\u0119 szybko lub zaloguj si\u0119 bezpiecznie do swojego konta z szyfrowanym dost\u0119pem i szybk\u0105 weryfikacj\u0105. Zarz\u0105dzaj odzyskiwaniem has\u0142a, ustawieniami profilu i narz\u0119dziami konta \u0142atwo w Rooks Bet.\" \/>\n<meta name=\"robots\" content=\"index, follow, max-snippet:-1, max-image-preview:large, max-video-preview:-1\" \/>\n<link rel=\"canonical\" href=\"https:\/\/therooksbet.net\/pl\/logowanie-i-rejestracja\/\" \/>\n<meta property=\"og:locale\" content=\"pl_PL\" \/>\n<meta property=\"og:type\" content=\"article\" \/>\n<meta property=\"og:title\" content=\"Rooksbet Casino Login \u2013 Szybka Rejestracja i Bezpieczne Konto\" \/>\n<meta property=\"og:description\" content=\"Rooksbet Casino Login \u2013 zarejestruj si\u0119 szybko lub zaloguj si\u0119 bezpiecznie do swojego konta z szyfrowanym dost\u0119pem i szybk\u0105 weryfikacj\u0105. Zarz\u0105dzaj odzyskiwaniem has\u0142a, ustawieniami profilu i narz\u0119dziami konta \u0142atwo w Rooks Bet.\" \/>\n<meta property=\"og:url\" content=\"https:\/\/therooksbet.net\/pl\/logowanie-i-rejestracja\/\" \/>\n<meta property=\"og:site_name\" content=\"rooksbet\" \/>\n<meta property=\"article:modified_time\" content=\"2026-03-25T14:27:08+00:00\" \/>\n<meta name=\"twitter:card\" content=\"summary_large_image\" \/>\n<meta name=\"twitter:label1\" content=\"Est. reading time\" \/>\n\t<meta name=\"twitter:data1\" content=\"1 minute\" \/>\n<script type=\"application\/ld+json\" class=\"yoast-schema-graph\">{\"@context\":\"https:\\\/\\\/schema.org\",\"@graph\":[{\"@type\":\"WebPage\",\"@id\":\"https:\\\/\\\/therooksbet.net\\\/pl\\\/logowanie-i-rejestracja\\\/\",\"url\":\"https:\\\/\\\/therooksbet.net\\\/pl\\\/logowanie-i-rejestracja\\\/\",\"name\":\"Rooksbet Casino Login \u2013 Szybka Rejestracja i Bezpieczne Konto\",\"isPartOf\":{\"@id\":\"https:\\\/\\\/therooksbet.net\\\/pl\\\/#website\"},\"datePublished\":\"2026-01-20T12:11:11+00:00\",\"dateModified\":\"2026-03-25T14:27:08+00:00\",\"description\":\"Rooksbet Casino Login \u2013 zarejestruj si\u0119 szybko lub zaloguj si\u0119 bezpiecznie do swojego konta z szyfrowanym dost\u0119pem i szybk\u0105 weryfikacj\u0105. Zarz\u0105dzaj odzyskiwaniem has\u0142a, ustawieniami profilu i narz\u0119dziami konta \u0142atwo w Rooks Bet.\",\"breadcrumb\":{\"@id\":\"https:\\\/\\\/therooksbet.net\\\/pl\\\/logowanie-i-rejestracja\\\/#breadcrumb\"},\"inLanguage\":\"pl-PL\",\"potentialAction\":[{\"@type\":\"ReadAction\",\"target\":[\"https:\\\/\\\/therooksbet.net\\\/pl\\\/logowanie-i-rejestracja\\\/\"]}]},{\"@type\":\"BreadcrumbList\",\"@id\":\"https:\\\/\\\/therooksbet.net\\\/pl\\\/logowanie-i-rejestracja\\\/#breadcrumb\",\"itemListElement\":[{\"@type\":\"ListItem\",\"position\":1,\"name\":\"Rooksbet\",\"item\":\"https:\\\/\\\/therooksbet.net\\\/pl\\\/\"},{\"@type\":\"ListItem\",\"position\":2,\"name\":\"Logowanie i rejestracja\"}]},{\"@type\":\"WebSite\",\"@id\":\"https:\\\/\\\/therooksbet.net\\\/pl\\\/#website\",\"url\":\"https:\\\/\\\/therooksbet.net\\\/pl\\\/\",\"name\":\"Rooksbet\",\"description\":\"\",\"publisher\":{\"@id\":\"https:\\\/\\\/therooksbet.net\\\/pl\\\/#organization\"},\"potentialAction\":[{\"@type\":\"SearchAction\",\"target\":{\"@type\":\"EntryPoint\",\"urlTemplate\":\"https:\\\/\\\/therooksbet.net\\\/pl\\\/?s={search_term_string}\"},\"query-input\":{\"@type\":\"PropertyValueSpecification\",\"valueRequired\":true,\"valueName\":\"search_term_string\"}}],\"inLanguage\":\"pl-PL\"},{\"@type\":\"Organization\",\"@id\":\"https:\\\/\\\/therooksbet.net\\\/pl\\\/#organization\",\"name\":\"Rooksbet\",\"url\":\"https:\\\/\\\/therooksbet.net\\\/pl\\\/\",\"logo\":{\"@type\":\"ImageObject\",\"inLanguage\":\"pl-PL\",\"@id\":\"https:\\\/\\\/therooksbet.net\\\/pl\\\/#\\\/schema\\\/logo\\\/image\\\/\",\"url\":\"https:\\\/\\\/therooksbet.net\\\/wp-content\\\/uploads\\\/2026\\\/03\\\/Casino-logo-Desktop.png\",\"contentUrl\":\"https:\\\/\\\/therooksbet.net\\\/wp-content\\\/uploads\\\/2026\\\/03\\\/Casino-logo-Desktop.png\",\"width\":167,\"height\":44,\"caption\":\"Rooksbet\"},\"image\":{\"@id\":\"https:\\\/\\\/therooksbet.net\\\/pl\\\/#\\\/schema\\\/logo\\\/image\\\/\"}}]}<\/script>\n<!-- \/ Yoast SEO plugin. -->","yoast_head_json":{"title":"Rooksbet Casino Login \u2013 Szybka Rejestracja i Bezpieczne Konto","description":"Rooksbet Casino Login \u2013 zarejestruj si\u0119 szybko lub zaloguj si\u0119 bezpiecznie do swojego konta z szyfrowanym dost\u0119pem i szybk\u0105 weryfikacj\u0105. Zarz\u0105dzaj odzyskiwaniem has\u0142a, ustawieniami profilu i narz\u0119dziami konta \u0142atwo w Rooks Bet.","robots":{"index":"index","follow":"follow","max-snippet":"max-snippet:-1","max-image-preview":"max-image-preview:large","max-video-preview":"max-video-preview:-1"},"canonical":"https:\/\/therooksbet.net\/pl\/logowanie-i-rejestracja\/","og_locale":"pl_PL","og_type":"article","og_title":"Rooksbet Casino Login \u2013 Szybka Rejestracja i Bezpieczne Konto","og_description":"Rooksbet Casino Login \u2013 zarejestruj si\u0119 szybko lub zaloguj si\u0119 bezpiecznie do swojego konta z szyfrowanym dost\u0119pem i szybk\u0105 weryfikacj\u0105. Zarz\u0105dzaj odzyskiwaniem has\u0142a, ustawieniami profilu i narz\u0119dziami konta \u0142atwo w Rooks Bet.","og_url":"https:\/\/therooksbet.net\/pl\/logowanie-i-rejestracja\/","og_site_name":"rooksbet","article_modified_time":"2026-03-25T14:27:08+00:00","twitter_card":"summary_large_image","twitter_misc":{"Est. reading time":"1 minute"},"schema":{"@context":"https:\/\/schema.org","@graph":[{"@type":"WebPage","@id":"https:\/\/therooksbet.net\/pl\/logowanie-i-rejestracja\/","url":"https:\/\/therooksbet.net\/pl\/logowanie-i-rejestracja\/","name":"Rooksbet Casino Login \u2013 Szybka Rejestracja i Bezpieczne Konto","isPartOf":{"@id":"https:\/\/therooksbet.net\/pl\/#website"},"datePublished":"2026-01-20T12:11:11+00:00","dateModified":"2026-03-25T14:27:08+00:00","description":"Rooksbet Casino Login \u2013 zarejestruj si\u0119 szybko lub zaloguj si\u0119 bezpiecznie do swojego konta z szyfrowanym dost\u0119pem i szybk\u0105 weryfikacj\u0105. Zarz\u0105dzaj odzyskiwaniem has\u0142a, ustawieniami profilu i narz\u0119dziami konta \u0142atwo w Rooks Bet.","breadcrumb":{"@id":"https:\/\/therooksbet.net\/pl\/logowanie-i-rejestracja\/#breadcrumb"},"inLanguage":"pl-PL","potentialAction":[{"@type":"ReadAction","target":["https:\/\/therooksbet.net\/pl\/logowanie-i-rejestracja\/"]}]},{"@type":"BreadcrumbList","@id":"https:\/\/therooksbet.net\/pl\/logowanie-i-rejestracja\/#breadcrumb","itemListElement":[{"@type":"ListItem","position":1,"name":"Rooksbet","item":"https:\/\/therooksbet.net\/pl\/"},{"@type":"ListItem","position":2,"name":"Logowanie i rejestracja"}]},{"@type":"WebSite","@id":"https:\/\/therooksbet.net\/pl\/#website","url":"https:\/\/therooksbet.net\/pl\/","name":"Rooksbet","description":"","publisher":{"@id":"https:\/\/therooksbet.net\/pl\/#organization"},"potentialAction":[{"@type":"SearchAction","target":{"@type":"EntryPoint","urlTemplate":"https:\/\/therooksbet.net\/pl\/?s={search_term_string}"},"query-input":{"@type":"PropertyValueSpecification","valueRequired":true,"valueName":"search_term_string"}}],"inLanguage":"pl-PL"},{"@type":"Organization","@id":"https:\/\/therooksbet.net\/pl\/#organization","name":"Rooksbet","url":"https:\/\/therooksbet.net\/pl\/","logo":{"@type":"ImageObject","inLanguage":"pl-PL","@id":"https:\/\/therooksbet.net\/pl\/#\/schema\/logo\/image\/","url":"https:\/\/therooksbet.net\/wp-content\/uploads\/2026\/03\/Casino-logo-Desktop.png","contentUrl":"https:\/\/therooksbet.net\/wp-content\/uploads\/2026\/03\/Casino-logo-Desktop.png","width":167,"height":44,"caption":"Rooksbet"},"image":{"@id":"https:\/\/therooksbet.net\/pl\/#\/schema\/logo\/image\/"}}]}},"_links":{"self":[{"href":"https:\/\/therooksbet.net\/pl\/wp-json\/wp\/v2\/pages\/1486","targetHints":{"allow":["GET"]}}],"collection":[{"href":"https:\/\/therooksbet.net\/pl\/wp-json\/wp\/v2\/pages"}],"about":[{"href":"https:\/\/therooksbet.net\/pl\/wp-json\/wp\/v2\/types\/page"}],"author":[{"embeddable":true,"href":"https:\/\/therooksbet.net\/pl\/wp-json\/wp\/v2\/users\/1"}],"replies":[{"embeddable":true,"href":"https:\/\/therooksbet.net\/pl\/wp-json\/wp\/v2\/comments?post=1486"}],"version-history":[{"count":3,"href":"https:\/\/therooksbet.net\/pl\/wp-json\/wp\/v2\/pages\/1486\/revisions"}],"predecessor-version":[{"id":2076,"href":"https:\/\/therooksbet.net\/pl\/wp-json\/wp\/v2\/pages\/1486\/revisions\/2076"}],"wp:attachment":[{"href":"https:\/\/therooksbet.net\/pl\/wp-json\/wp\/v2\/media?parent=1486"}],"curies":[{"name":"wp","href":"https:\/\/api.w.org\/{rel}","templated":true}]}}